{"id":263396,"date":"2026-01-13T23:39:27","date_gmt":"2026-01-13T20:39:27","guid":{"rendered":"https:\/\/baldumarket.lt\/product\/regal-dwudrzwiowy-loksa-845-cm-andersen-pine-white\/"},"modified":"2026-02-11T18:19:02","modified_gmt":"2026-02-11T15:19:02","slug":"regal-dwudrzwiowy-loksa-845-cm-andersen-pine-white","status":"publish","type":"product","link":"https:\/\/baldumarket.lt\/lt\/product\/regal-dwudrzwiowy-loksa-845-cm-andersen-pine-white\/","title":{"rendered":"LOKSA dvidur\u0117 knyg\u0173 lentyna, 84,5 cm, anderseno pu\u0161is, balta"},"content":{"rendered":"<p>\u201eLoksa\u201c spinta \u2013 tobulas sprendimas erdv\u0117s organizavimui. Jei planuojate skandinavi\u0161ko stiliaus interjer\u0105, \u201eLoksa\u201c kolekcija yra puikus pasirinkimas. I\u0161skirtin\u0117s jos savyb\u0117s, tokios kaip \u0161viesios spalvos, paprastos formos, \u012fr\u0117minti fasadai ir tamsios rankenos, puikiai atspindi \u0161io stiliaus estetik\u0105. \u201eLoksa\u201c spinta \u2013 tai baldas, kuris puikiai prisitaiko prie j\u016bs\u0173 poreiki\u0173. D\u0117l ma\u017eo pakabos ir keturi\u0173 lentyn\u0173 ji yra universali ir naudinga \u012fvairiose situacijose. J\u0105 galite naudoti pakabinamiems ar sulankstytiems drabu\u017eiams, dokumentams, stalo \u012frankiams ar kitiems daiktams laikyti. Jei jums reikia vietos paltams, striuk\u0117ms ar kostiumams, rinkit\u0117s pakab\u0105 ir pakabas. Jei norite laikyti kitus daiktus, surinkite lentynas ir m\u0117gaukit\u0117s papildoma tvarka. Spintos spalv\u0173 schema dera su likusia \u201eLoksa\u201c kolekcijos dalimi, sukurdama harmoning\u0105 visum\u0105 j\u016bs\u0173 interjere. Baltas \u201eAndersen\u201c pu\u0161ies r\u0117mas puikiai papildo \u201eGrandson\u201c \u0105\u017euolo stalvir\u0161\u012f. Dekoratyvin\u0117s r\u0117mo juostel\u0117s fasaduose ir stilingos rankenos suteikia baldui charakterio ir elegancijos. \u201eLoksa\u201c spint\u0105 galima derinti su kitais kolekcijos baldais, taip sukuriant darn\u0173 ir funkcional\u0173 svetain\u0117s ar prie\u0161kambario i\u0161d\u0117stym\u0105. \u0160is baldas ne tik padeda sutvarkyti erdv\u0119, bet ir suteikia interjerui skandinavi\u0161ko \u017eavesio bei elegancijos.<\/p>\n<p>Prek\u0117s kodas S455-SZF2D\/85-APW Simbolis ZM EAN Plotis 84,5 cm Gylis 36,5 cm Auk\u0161tis 200,5 cm Kolekcija Loksa Spalva andersen pu\u0161is balta Atspalvis \u0161viesus medis Stilius Skandinavi\u0161kas Med\u017eiaga laminatas Dur\u0173 skai\u010dius 2 dur\u0173 Stal\u010di\u0173 skai\u010dius be stal\u010di\u0173 Rankena su rankenomis Gamintojas Juoda Raudona Balta Baldo tipas Spintos PVM 23% EAN 5906123607575<\/p>","protected":false},"excerpt":{"rendered":"<p>\u201eLoksa\u201c spinta \u2013 tobulas erdv\u0117s organizavimo sprendimas. Jei planuojate skandinavi\u0161ko stiliaus interjer\u0105, \u201eLoksa\u201c kolekcija yra puikus pasirinkimas. I\u0161skirtin\u0117s savyb\u0117s, tokios kaip \u0161viesios spalvos, paprastos formos, \u012fr\u0117minti fasadai ir tamsios ranken\u0117l\u0117s, puikiai atspindi \u0161io stiliaus estetik\u0105. \u201eLoksa\u201c spinta \u2013 tai baldas, kuris puikiai prisitaiko prie j\u016bs\u0173 poreiki\u0173. [\u2026]<\/p>","protected":false},"featured_media":263397,"comment_status":"open","ping_status":"open","template":"","meta":[],"product_brand":[],"product_cat":[9200,1177],"product_tag":[],"class_list":{"0":"post-263396","1":"product","2":"type-product","3":"status-publish","4":"has-post-thumbnail","6":"product_cat-black-red-white","7":"product_cat-wardrobes","9":"first","10":"instock","11":"purchasable","12":"product-type-simple"},"_links":{"self":[{"href":"https:\/\/baldumarket.lt\/lt\/wp-json\/wp\/v2\/product\/263396","targetHints":{"allow":["GET"]}}],"collection":[{"href":"https:\/\/baldumarket.lt\/lt\/wp-json\/wp\/v2\/product"}],"about":[{"href":"https:\/\/baldumarket.lt\/lt\/wp-json\/wp\/v2\/types\/product"}],"replies":[{"embeddable":true,"href":"https:\/\/baldumarket.lt\/lt\/wp-json\/wp\/v2\/comments?post=263396"}],"wp:featuredmedia":[{"embeddable":true,"href":"https:\/\/baldumarket.lt\/lt\/wp-json\/wp\/v2\/media\/263397"}],"wp:attachment":[{"href":"https:\/\/baldumarket.lt\/lt\/wp-json\/wp\/v2\/media?parent=263396"}],"wp:term":[{"taxonomy":"product_brand","embeddable":true,"href":"https:\/\/baldumarket.lt\/lt\/wp-json\/wp\/v2\/product_brand?post=263396"},{"taxonomy":"product_cat","embeddable":true,"href":"https:\/\/baldumarket.lt\/lt\/wp-json\/wp\/v2\/product_cat?post=263396"},{"taxonomy":"product_tag","embeddable":true,"href":"https:\/\/baldumarket.lt\/lt\/wp-json\/wp\/v2\/product_tag?post=263396"}],"curies":[{"name":"wp","href":"https:\/\/api.w.org\/{rel}","templated":true}]}}