{"id":263392,"date":"2026-01-13T23:39:24","date_gmt":"2026-01-13T20:39:24","guid":{"rendered":"https:\/\/baldumarket.lt\/product\/regal-dwudrzwiowy-hesen-106-cm-grafit-dab-artisan\/"},"modified":"2026-02-11T18:19:03","modified_gmt":"2026-02-11T15:19:03","slug":"regal-dwudrzwiowy-hesen-106-cm-grafit-dab-artisan","status":"publish","type":"product","link":"https:\/\/baldumarket.lt\/lt\/product\/regal-dwudrzwiowy-hesen-106-cm-grafit-dab-artisan\/","title":{"rendered":"HESEN dvidur\u0117 knyg\u0173 lentyna 106 cm grafito spalvos\/artisan \u0105\u017euolo spalvos"},"content":{"rendered":"<p>\u201eHesen\u201c lentyna \u2013 skandinavi\u0161kas stilius j\u016bs\u0173 interjere. Jei vertinate skandinavi\u0161ko stiliaus tvark\u0105, paprastum\u0105 ir funkcionalum\u0105, \u201eHesen\u201c kolekcija tikrai jus sudomins. \u201eHesen\u201c lentyna \u2013 tai baldas, kuris ne tik sukurs harmoning\u0105 atmosfer\u0105 j\u016bs\u0173 interjere, bet ir pad\u0117s efektyviai sutvarkyti erdv\u0119. \u012esp\u016bding\u0173 106 x 203 x 44 cm matmen\u0173 \u201eHesen\u201c lentyna yra tikras sprendimas, jei norite kart\u0105 ir visiems laikams atsikratyti chaoso ir netvarkos. Nesvarbu, ar esate paauglys, ie\u0161kantis vietos daiktams susid\u0117ti, ar jums reikia funkcionalios lentynos miegamajame, \u201eHesen\u201c pateisins j\u016bs\u0173 l\u016bkes\u010dius. \u201eHesen\u201c kolekcijoje si\u016blomos dvi patrauklios spalv\u0173 gamos: grafito \/ dirbtinio \u0105\u017euolo ir \u0161viesaus Sibiu maumed\u017eio \/ larico pu\u0161ies. Galite pasirinkti variant\u0105, kuris geriausiai atspindi j\u016bs\u0173 skon\u012f ir papildo likus\u012f j\u016bs\u0173 interjer\u0105. \u201eHesen\u201c lentyna sukurta atsi\u017evelgiant \u012f prakti\u0161kum\u0105. De\u0161in\u0117je pus\u0117je yra drabu\u017ei\u0173 kabinimo skersinis, tod\u0117l lengva sutvarkyti garderob\u0105. Be to, trys erdvios lentynos (viena vir\u0161uje ir dvi apa\u010dioje) leid\u017eia laikyti batus, rank\u0161luos\u010dius ir patalyn\u0119. Kair\u0117je knyg\u0173 lentynos pus\u0117je vir\u0161uje yra keturios atviros lentynos, puikiai tinkan\u010dios m\u0117gstamiems daiktams, pavyzd\u017eiui, papuo\u0161alams, laikrod\u017eiams, knygoms ar \u0161eimos nuotraukoms, susid\u0117ti. Apatin\u0117je kair\u0117je pus\u0117je yra durys, u\u017e kuri\u0173 yra dvi lentynos, idealiai tinkan\u010dios batams, kuprin\u0117ms ar rankin\u0117ms laikyti. \u201eHesen\u201c knyg\u0173 lentyna apr\u016bpinta \u0161velnaus u\u017edarymo sistema, u\u017etikrinan\u010dia tyl\u0173 dur\u0173 u\u017edarym\u0105. Tai ypa\u010d svarbu miegamajame, kur svarbiausia ramyb\u0117 ir tyla. \u201eHesen\u201c knyg\u0173 lentyna \u2013 tai baldas, kuris puikiai dera \u012fvairiuose kambariuose, tokiuose kaip miegamasis, jaunimo kambarys ar prie\u0161kambaris. Ji puikiai dera tiek pati savaime, tiek su kitais \u201eHesen\u201c kolekcijos baldais, sukurdama darni\u0105 ir harmoning\u0105 erdv\u0119. Trumpai tariant, \u201eHesen\u201c knyg\u0173 lentyna yra funkcionalus, stilingas ir universalus baldas, kuris \u012f j\u016bs\u0173 interjer\u0105 \u012fne\u0161a skandinavi\u0161ko stiliaus dvasi\u0105. Jei ie\u0161kote baldo, kuris pad\u0117t\u0173 sutvarkyti erdv\u0119 ir suteikt\u0173 jai \u017eavesio, \u201eHesen\u201c lentyna yra puikus pasirinkimas.<\/p>\n<p>Prek\u0117s kodas S515-SZF2D-GF\/DASN Simbolis ZM EAN Plotis 106 cm Gylis 44 cm Auk\u0161tis 203 cm Kolekcija Hesen Spalva grafito\/artisan \u0105\u017euolo Atspalvis grafito Stilius Skandinavi\u0161kas Dur\u0173 skai\u010dius 2 dur\u0173 Stal\u010di\u0173 skai\u010dius be stal\u010di\u0173 Rankena su rankenomis Gamintojas Juoda Raudona Balta Baldo tipas Spintos PVM 23% EAN 5906123812788<\/p>","protected":false},"excerpt":{"rendered":"<p>\u201eHesen\u201c lentyna \u2013 skandinavi\u0161kas stilius j\u016bs\u0173 interjere. Jei vertinate skandinavi\u0161ko stiliaus tvark\u0105, paprastum\u0105 ir funkcionalum\u0105, \u201eHesen\u201c kolekcija tikrai jus sudomins. \u201eHesen\u201c lentyna \u2013 tai baldas, kuris ne tik sukurs harmoning\u0105 atmosfer\u0105 j\u016bs\u0173 interjere, bet ir pad\u0117s susitvarkyti [\u2026]<\/p>","protected":false},"featured_media":263393,"comment_status":"open","ping_status":"open","template":"","meta":[],"product_brand":[],"product_cat":[9200,1177],"product_tag":[],"class_list":{"0":"post-263392","1":"product","2":"type-product","3":"status-publish","4":"has-post-thumbnail","6":"product_cat-black-red-white","7":"product_cat-wardrobes","9":"first","10":"instock","11":"purchasable","12":"product-type-simple"},"_links":{"self":[{"href":"https:\/\/baldumarket.lt\/lt\/wp-json\/wp\/v2\/product\/263392","targetHints":{"allow":["GET"]}}],"collection":[{"href":"https:\/\/baldumarket.lt\/lt\/wp-json\/wp\/v2\/product"}],"about":[{"href":"https:\/\/baldumarket.lt\/lt\/wp-json\/wp\/v2\/types\/product"}],"replies":[{"embeddable":true,"href":"https:\/\/baldumarket.lt\/lt\/wp-json\/wp\/v2\/comments?post=263392"}],"wp:featuredmedia":[{"embeddable":true,"href":"https:\/\/baldumarket.lt\/lt\/wp-json\/wp\/v2\/media\/263393"}],"wp:attachment":[{"href":"https:\/\/baldumarket.lt\/lt\/wp-json\/wp\/v2\/media?parent=263392"}],"wp:term":[{"taxonomy":"product_brand","embeddable":true,"href":"https:\/\/baldumarket.lt\/lt\/wp-json\/wp\/v2\/product_brand?post=263392"},{"taxonomy":"product_cat","embeddable":true,"href":"https:\/\/baldumarket.lt\/lt\/wp-json\/wp\/v2\/product_cat?post=263392"},{"taxonomy":"product_tag","embeddable":true,"href":"https:\/\/baldumarket.lt\/lt\/wp-json\/wp\/v2\/product_tag?post=263392"}],"curies":[{"name":"wp","href":"https:\/\/api.w.org\/{rel}","templated":true}]}}