{"id":263384,"date":"2026-01-13T23:39:13","date_gmt":"2026-01-13T20:39:13","guid":{"rendered":"https:\/\/baldumarket.lt\/product\/regal-dwudrzwioway-ruso-69-cm-dab-april-perlowy-polysk\/"},"modified":"2026-02-11T18:19:03","modified_gmt":"2026-02-11T15:19:03","slug":"regal-dwudrzwioway-ruso-69-cm-dab-april-perlowy-polysk","status":"publish","type":"product","link":"https:\/\/baldumarket.lt\/lt\/product\/regal-dwudrzwioway-ruso-69-cm-dab-april-perlowy-polysk\/","title":{"rendered":"RUSO dvidur\u0117 knyg\u0173 lentyna 69 cm, baland\u017eio spalvos \u0105\u017euolas\/perlamutrinis blizgesys"},"content":{"rendered":"<p>\u201eRuso\u201c knyg\u0173 spinta \u2013 j\u016bs\u0173 slapta sl\u0117ptuv\u0117 ir tvarka. \u201eRuso\u201c kolekcija i\u0161siskiria paprasta forma, eleganti\u0161ka, tamsia spalva ir apgalvotomis detal\u0117mis, tod\u0117l puikiai tinka klasikiniam interjerui. \u0160tai kod\u0117l \u201eRuso\u201c knyg\u0173 spinta yra puikus pasirinkimas, jei ie\u0161kote vietos daiktams susid\u0117ti, pasl\u0117pti savo paslaptis ir palaikyti tvark\u0105 savo svetain\u0117je: ne visada norime visko parodyti savo sve\u010diams, tod\u0117l svarbu svetain\u0117je tur\u0117ti viet\u0105 asmeniniams daiktams laikyti. Dvidur\u0117 \u201eRuso\u201c knyg\u0173 spinta su prakti\u0161komis lentynomis \u2013 puikus sprendimas norint i\u0161laikyti tvark\u0105. Baland\u017eio \u0105\u017euolo spalvos korpusas ir matin\u0117s juodos spalvos \u201eRuso\u201c knyg\u0173 spintos fasadai sukuria kontrasting\u0105 i\u0161vaizd\u0105, suteikian\u010di\u0105 baldui charakterio. Matoma medienos tekst\u016bra suteikia vizualinio \u017eavesio. \u012edubimai fasaduose atlieka ranken\u0173 funkcij\u0105, tod\u0117l knyg\u0173 spinta tampa lengvesn\u0117 ir patogesn\u0117. Ry\u0161k\u016bs cokoliai suteikia elegancijos ir pabr\u0117\u017eia \u201eRuso\u201c kolekcijos charakter\u012f. \u201eRuso\u201c knyg\u0173 spinta turi matin\u0119 lavos spalvos juostel\u0119, kuri\u0105 galima \u012fmontuoti fasad\u0173 \u012fdubose, suteikiant baldui dar rafinuotesn\u0119 estetik\u0105. Vyriai su \u0161velnaus u\u017edarymo sistema ir reguliuojama stabdymo j\u0117ga leid\u017eia patogiai naudoti \u201eRuso\u201c knyg\u0173 spint\u0105 kasdien, o baldai u\u017esidaro be triuk\u0161mo ar pastang\u0173. \u201eRuso\u201c kolekcija si\u016blo plat\u0173 element\u0173 asortiment\u0105, leid\u017eiant\u012f susikurti unikal\u0173 interjero dizain\u0105, pritaikyt\u0105 j\u016bs\u0173 poreikiams. Trumpai tariant, \u201eRuso\u201c knyg\u0173 spinta yra ne tik funkcionalus daikt\u0173 laikymo \u012frenginys, bet ir unikalus interjero elementas, suteikiantis jai i\u0161skirtinumo. D\u0117l kontrasting\u0173 spalv\u0173, prakti\u0161k\u0173 detali\u0173 ir auk\u0161tos kokyb\u0117s gamybos \u201eRuso\u201c knyg\u0173 spinta yra puikus sprendimas norint palaikyti tvark\u0105 svetain\u0117je ir pasl\u0117pti savo paslaptis. \u201eRuso\u201c kolekcija si\u016blo daugyb\u0119 i\u0161d\u0117stymo variant\u0173, tod\u0117l galite pasirinkti elementus, kurie geriausiai atitinka j\u016bs\u0173 erdv\u0119 ir poreikius.<\/p>\n<p>Prek\u0117s kodas S407-REG2D-DARL\/PEP Simbolis ZM EAN Plotis 69 cm Gylis 45,5 cm Auk\u0161tis 204,5 cm Kolekcija Ruso Spalva baland\u017eio spalvos \u0105\u017euolas\/perlamutrinis blizgus Atspalvis tamsi mediena Stilius modernus Med\u017eiaga laminatas Dureli\u0173 skai\u010dius 2 dur\u0173 Stal\u010di\u0173 skai\u010dius be stal\u010di\u0173 Rankena be ranken\u0117li\u0173 Gamintojas Juoda Raudona Balta Bald\u0173 tipas Lentynos ir vitrinos PVM mokestis 23% EAN 5906123944724<\/p>","protected":false},"excerpt":{"rendered":"<p>\u201eRuso\u201c knyg\u0173 spinta \u2013 j\u016bs\u0173 slapta sl\u0117ptuv\u0117 ir tvarka. \u201eRuso\u201c kolekcija i\u0161siskiria paprasta forma, eleganti\u0161ka, tamsia spalva ir apgalvotomis detal\u0117mis, tod\u0117l puikiai tinka klasikiniam interjerui. \u0160tai kod\u0117l \u201eRuso\u201c knyg\u0173 spinta yra puikus pasirinkimas, jei ie\u0161kote vietos daiktams susid\u0117ti, pasl\u0117pti savo paslaptis ir palaikyti tvark\u0105 savo svetain\u0117je [\u2026]<\/p>","protected":false},"featured_media":263385,"comment_status":"open","ping_status":"open","template":"","meta":[],"product_brand":[],"product_cat":[9200,1177],"product_tag":[],"class_list":{"0":"post-263384","1":"product","2":"type-product","3":"status-publish","4":"has-post-thumbnail","6":"product_cat-black-red-white","7":"product_cat-wardrobes","9":"first","10":"instock","11":"purchasable","12":"product-type-simple"},"_links":{"self":[{"href":"https:\/\/baldumarket.lt\/lt\/wp-json\/wp\/v2\/product\/263384","targetHints":{"allow":["GET"]}}],"collection":[{"href":"https:\/\/baldumarket.lt\/lt\/wp-json\/wp\/v2\/product"}],"about":[{"href":"https:\/\/baldumarket.lt\/lt\/wp-json\/wp\/v2\/types\/product"}],"replies":[{"embeddable":true,"href":"https:\/\/baldumarket.lt\/lt\/wp-json\/wp\/v2\/comments?post=263384"}],"wp:featuredmedia":[{"embeddable":true,"href":"https:\/\/baldumarket.lt\/lt\/wp-json\/wp\/v2\/media\/263385"}],"wp:attachment":[{"href":"https:\/\/baldumarket.lt\/lt\/wp-json\/wp\/v2\/media?parent=263384"}],"wp:term":[{"taxonomy":"product_brand","embeddable":true,"href":"https:\/\/baldumarket.lt\/lt\/wp-json\/wp\/v2\/product_brand?post=263384"},{"taxonomy":"product_cat","embeddable":true,"href":"https:\/\/baldumarket.lt\/lt\/wp-json\/wp\/v2\/product_cat?post=263384"},{"taxonomy":"product_tag","embeddable":true,"href":"https:\/\/baldumarket.lt\/lt\/wp-json\/wp\/v2\/product_tag?post=263384"}],"curies":[{"name":"wp","href":"https:\/\/api.w.org\/{rel}","templated":true}]}}