{"id":263368,"date":"2026-01-13T23:39:00","date_gmt":"2026-01-13T20:39:00","guid":{"rendered":"https:\/\/baldumarket.lt\/product\/regal-czterodrzwiowy-zamykany-z-dwoma-szufladami-space-office-80-cm-dab-artisan\/"},"modified":"2026-02-11T18:19:03","modified_gmt":"2026-02-11T15:19:03","slug":"regal-czterodrzwiowy-zamykany-z-dwoma-szufladami-space-office-80-cm-dab-artisan","status":"publish","type":"product","link":"https:\/\/baldumarket.lt\/lt\/product\/regal-czterodrzwiowy-zamykany-z-dwoma-szufladami-space-office-80-cm-dab-artisan\/","title":{"rendered":"Keturi\u0173 dur\u0173 knyg\u0173 lentyna su dviem stal\u010diais, u\u017edara, SPACE OFFICE, 80 cm, \u0105\u017euolo imitacija"},"content":{"rendered":"<p>\u201eSpace Office\u201c lentyna \u2013 tobulas funkcionalumo ir stiliaus derinys. Ie\u0161kant tobulos biuro lentynos, \u201eSpace Office\u201c lentyna i\u0161siskiria kaip tobulas funkcionalumo, estetikos ir auk\u0161tos kokyb\u0117s meistri\u0161kumo derinys. Tai ne tik baldas; tai investicija \u012f tvark\u0105 ir elegancij\u0105 j\u016bs\u0173 darbo vietoje. \u201eSpace Office\u201c lentyna garantuoja ilgaam\u017ei\u0161kum\u0105 d\u0117l \u012fbr\u0117\u017eimams atsparios laminuotos plok\u0161t\u0117s naudojimo. \u0160i med\u017eiaga ne tik palaiko lentyn\u0105 puikios b\u016bkl\u0117s, bet ir suteikia jai moderni\u0105 i\u0161vaizd\u0105. \u0160velnaus u\u017edarymo vyriai ir kreipian\u010diosios \u2013 tai detal\u0117s, kurios ne tik padidina lentynos naudojimo patogum\u0105, bet ir teigiamai veikia atmosfer\u0105 biure. \u201eSpace Office\u201c lentyna buvo sukurta atsi\u017evelgiant \u012f prakti\u0161kum\u0105 ir funkcionalum\u0105. U\u017edaros lentynos lentynos vir\u0161uje ir apa\u010dioje yra puiki vieta laikyti svarbius dokumentus, o prakti\u0161ki stal\u010diai viduryje idealiai tinka ma\u017eesniems biuro reikmenims susid\u0117ti. Tai visapusi\u0161kas sprendimas j\u016bs\u0173 darbo vietai. \u201eSpace Office\u201c lentyna ne tik atlieka savo funkcij\u0105, bet ir suteikia j\u016bs\u0173 biurui modernumo. Madinga \u201eAristan\u201c \u0105\u017euolo spalva suteikia jai elegancijos, puikiai papildydama \u0161iuolaikines biuro dizaino tendencijas. Tai ne tik baldas; Tai elementas, suteikiantis j\u016bs\u0173 darbo erdvei stiliaus ir harmonijos. Jei ie\u0161kote lentynos, kuri ne tik u\u017etikrint\u0173 viet\u0105 daiktams susid\u0117ti, bet ir suteikt\u0173 j\u016bs\u0173 biurui modern\u0173 bei profesional\u0173 vaizd\u0105, \u201eSpace Office\u201c lentyna yra puikus pasirinkimas. Investuokite \u012f funkcionalum\u0105, estetik\u0105 ir auk\u0161t\u0105 kokyb\u0119, kurdami erdv\u0119, kuri atspind\u0117t\u0173 profesionalum\u0105 ir stili\u0173.<\/p>\n<p>Prek\u0117s kodas S479-REG4D2S\/200\/Z-DASN Simbolis ZM EAN Plotis 80 cm Gylis 37 cm Auk\u0161tis 202,5 cm Kolekcija Erdv\u0117 Biuras Spalva meni\u0161kas \u0105\u017euolas Atspalvis \u0161viesi mediena Stilius modernus Med\u017eiaga laminatas Dureli\u0173 skai\u010dius 4 dur\u0173 Stal\u010di\u0173 skai\u010dius 2 stal\u010diai Rankena su rankenomis Gamintojas Juoda Raudona Balta Bald\u0173 tipas Lentynos ir vitrinos PVM mokestis 23% EAN 5906123707916<\/p>","protected":false},"excerpt":{"rendered":"<p>\u201eSpace Office\u201c lentyna \u2013 tobulas funkcionalumo ir stiliaus derinys. Ie\u0161kant tobulos biuro lentynos, \u201eSpace Office\u201c lentyna i\u0161siskiria kaip puikus funkcionalumo, estetikos ir auk\u0161tos kokyb\u0117s meistri\u0161kumo derinys. Tai ne tik baldas; tai investicija \u012f tvark\u0105 ir elegancij\u0105 j\u016bs\u0173 darbo vietoje. \u201eSpace Office\u201c [\u2026]<\/p>","protected":false},"featured_media":263369,"comment_status":"open","ping_status":"open","template":"","meta":[],"product_brand":[],"product_cat":[9200,1177],"product_tag":[],"class_list":{"0":"post-263368","1":"product","2":"type-product","3":"status-publish","4":"has-post-thumbnail","6":"product_cat-black-red-white","7":"product_cat-wardrobes","9":"first","10":"instock","11":"purchasable","12":"product-type-simple"},"_links":{"self":[{"href":"https:\/\/baldumarket.lt\/lt\/wp-json\/wp\/v2\/product\/263368","targetHints":{"allow":["GET"]}}],"collection":[{"href":"https:\/\/baldumarket.lt\/lt\/wp-json\/wp\/v2\/product"}],"about":[{"href":"https:\/\/baldumarket.lt\/lt\/wp-json\/wp\/v2\/types\/product"}],"replies":[{"embeddable":true,"href":"https:\/\/baldumarket.lt\/lt\/wp-json\/wp\/v2\/comments?post=263368"}],"wp:featuredmedia":[{"embeddable":true,"href":"https:\/\/baldumarket.lt\/lt\/wp-json\/wp\/v2\/media\/263369"}],"wp:attachment":[{"href":"https:\/\/baldumarket.lt\/lt\/wp-json\/wp\/v2\/media?parent=263368"}],"wp:term":[{"taxonomy":"product_brand","embeddable":true,"href":"https:\/\/baldumarket.lt\/lt\/wp-json\/wp\/v2\/product_brand?post=263368"},{"taxonomy":"product_cat","embeddable":true,"href":"https:\/\/baldumarket.lt\/lt\/wp-json\/wp\/v2\/product_cat?post=263368"},{"taxonomy":"product_tag","embeddable":true,"href":"https:\/\/baldumarket.lt\/lt\/wp-json\/wp\/v2\/product_tag?post=263368"}],"curies":[{"name":"wp","href":"https:\/\/api.w.org\/{rel}","templated":true}]}}