{"id":263360,"date":"2026-01-13T23:38:54","date_gmt":"2026-01-13T20:38:54","guid":{"rendered":"https:\/\/baldumarket.lt\/product\/regal-czterodrzwiowy-zamykany-space-office-80-cm-dab-artisan-3\/"},"modified":"2026-02-11T18:19:03","modified_gmt":"2026-02-11T15:19:03","slug":"regal-czterodrzwiowy-zamykany-space-office-80-cm-dab-artisan-3","status":"publish","type":"product","link":"https:\/\/baldumarket.lt\/lt\/product\/regal-czterodrzwiowy-zamykany-space-office-80-cm-dab-artisan-3\/","title":{"rendered":"SPACE OFFICE 80 cm keturi\u0173 dureli\u0173 u\u017edara knyg\u0173 lentyna, \u0105\u017euolas"},"content":{"rendered":"<p>\u201eSpace Office\u201c lentyna \u2013 prakti\u0161kumo ir elegancijos derinys. Ie\u0161kant funkcionalios lentynos, atitinkan\u010dios visus biuro erdv\u0117s l\u016bkes\u010dius, \u201eSpace Office\u201c lentyna i\u0161siskiria kaip puikus praktini\u0173 sprendim\u0173 ir modernaus dizaino derinys. \u201eSpace Office\u201c lentyna yra ne tik baldas; tai sprendimas, si\u016blantis talpum\u0105 ir stili\u0173. Klasikin\u0117je d\u0117\u017eut\u0117s formos konstrukcijoje yra penkios vienodos lentynos, u\u017erakinamos vir\u0161uje ir apa\u010dioje. Atvira ni\u0161a tarp j\u0173 suteikia papildomos vietos da\u017enai naudojamiems daiktams laikyti, taip sukuriant subalansuot\u0105 estetikos ir funkcionalumo derin\u012f. U\u017erakinamos durel\u0117s su u\u017erakinimo mechanizmu yra pagrindiniai elementai, u\u017etikrinantys saug\u0173 \u012fmon\u0117s dokument\u0173 ir biuro reikmen\u0173 laikym\u0105. \u0160velnaus u\u017edarymo funkcija leid\u017eia skland\u017eiai ir patogiai naudotis lentyna, nepriklausomai nuo naudojimo intensyvumo. \u201eSpace Office\u201c lentyna i\u0161siskiria ne tik savo funkcionalumu, bet ir moderniu dizainu. Madinga \u201eAristan\u201c \u0105\u017euolo laminuotos lentos spalva suteikia jai eleganti\u0161k\u0105 charakter\u012f, puikiai papildan\u010di\u0105 modern\u0173 biuro interjer\u0105. \u0160is baldas ne tik atlieka savo paskirt\u012f, bet ir suteikia stiliaus j\u016bs\u0173 darbo vietai. \u201eSpace Office\u201c lentyna yra didesn\u0117s istorijos \u2013 \u201eSpace Office\u201c serijos \u2013 dalis. Papildydami \u0161\u012f i\u0161d\u0117stym\u0105 kitais \u0161ios serijos baldais, galite sukurti darn\u0173 ir visapusi\u0161k\u0105 savo biuro erdv\u0117s sprendim\u0105. Pasirinkdami \u201eSpace Office Shelf\u201c, investuojate ne tik \u012f pa\u010dius baldus, bet ir \u012f funkcionalum\u0105, saugum\u0105 bei modern\u0173 dizain\u0105. Supaprastinkite savo kasdien\u012f darb\u0105 apsupdami save apgalvotais ir stilingais sprendimais. Su\u017einokite, kaip \u201eSpace Office Shelf\u201c gali pakeisti j\u016bs\u0173 biuro organizacij\u0105.<\/p>\n<p>Prek\u0117s kodas S479-REG4D\/200\/Z-DASN Simbolis ZM EAN Plotis 80 cm Gylis 37 cm Auk\u0161tis 202,5 cm Kolekcija Erdv\u0117 Biuras Spalva meni\u0161kas \u0105\u017euolas Atspalvis \u0161viesi mediena Stilius modernus Med\u017eiaga laminatas Dureli\u0173 skai\u010dius 4 dur\u0173 Stal\u010di\u0173 skai\u010dius be stal\u010di\u0173 Rankena su rankenomis Gamintojas Juoda Raudona Balta Bald\u0173 tipas Lentynos ir vitrinos PVM mokestis 23% EAN 5906123707893<\/p>","protected":false},"excerpt":{"rendered":"<p>\u201eSpace Office\u201c lentyna \u2013 prakti\u0161kumo ir elegancijos derinys. Ie\u0161kant funkcionalios lentynos, atitinkan\u010dios visus biuro erdv\u0117s l\u016bkes\u010dius, \u201eSpace Office\u201c lentyna i\u0161siskiria kaip puikus prakti\u0161k\u0173 sprendim\u0173 ir modernaus dizaino derinys. \u201eSpace Office\u201c lentyna yra ne tik baldas; tai sprendimas, kuris si\u016blo [\u2026]<\/p>","protected":false},"featured_media":263361,"comment_status":"open","ping_status":"open","template":"","meta":[],"product_brand":[],"product_cat":[9200,1177],"product_tag":[],"class_list":{"0":"post-263360","1":"product","2":"type-product","3":"status-publish","4":"has-post-thumbnail","6":"product_cat-black-red-white","7":"product_cat-wardrobes","9":"first","10":"instock","11":"purchasable","12":"product-type-simple"},"_links":{"self":[{"href":"https:\/\/baldumarket.lt\/lt\/wp-json\/wp\/v2\/product\/263360","targetHints":{"allow":["GET"]}}],"collection":[{"href":"https:\/\/baldumarket.lt\/lt\/wp-json\/wp\/v2\/product"}],"about":[{"href":"https:\/\/baldumarket.lt\/lt\/wp-json\/wp\/v2\/types\/product"}],"replies":[{"embeddable":true,"href":"https:\/\/baldumarket.lt\/lt\/wp-json\/wp\/v2\/comments?post=263360"}],"wp:featuredmedia":[{"embeddable":true,"href":"https:\/\/baldumarket.lt\/lt\/wp-json\/wp\/v2\/media\/263361"}],"wp:attachment":[{"href":"https:\/\/baldumarket.lt\/lt\/wp-json\/wp\/v2\/media?parent=263360"}],"wp:term":[{"taxonomy":"product_brand","embeddable":true,"href":"https:\/\/baldumarket.lt\/lt\/wp-json\/wp\/v2\/product_brand?post=263360"},{"taxonomy":"product_cat","embeddable":true,"href":"https:\/\/baldumarket.lt\/lt\/wp-json\/wp\/v2\/product_cat?post=263360"},{"taxonomy":"product_tag","embeddable":true,"href":"https:\/\/baldumarket.lt\/lt\/wp-json\/wp\/v2\/product_tag?post=263360"}],"curies":[{"name":"wp","href":"https:\/\/api.w.org\/{rel}","templated":true}]}}