{"id":263352,"date":"2026-01-13T23:38:47","date_gmt":"2026-01-13T20:38:47","guid":{"rendered":"https:\/\/baldumarket.lt\/product\/regal-czterodrzwiowy-zamykany-space-office-80-cm-dab-artisan-2\/"},"modified":"2026-02-11T18:19:03","modified_gmt":"2026-02-11T15:19:03","slug":"regal-czterodrzwiowy-zamykany-space-office-80-cm-dab-artisan-2","status":"publish","type":"product","link":"https:\/\/baldumarket.lt\/lt\/product\/regal-czterodrzwiowy-zamykany-space-office-80-cm-dab-artisan-2\/","title":{"rendered":"SPACE OFFICE 80 cm keturi\u0173 dureli\u0173 u\u017edara knyg\u0173 lentyna, \u0105\u017euolas"},"content":{"rendered":"<p>\u201eSpace Office\u201c lentyna \u2013 klasikinis stilius, modern\u016bs sprendimai. \u0160iandienin\u0117je dinami\u0161koje biuro aplinkoje, kur dokument\u0173 saugumas yra prioritetas, \u201eSpace Office\u201c lentyna yra ne tik baldas, bet ir i\u0161manus \u012frankis svarbioms med\u017eiagoms tvarkyti ir apsaugoti. \u201eSpace Office\u201c lentyna yra klasikin\u0117, rakinama lentyn\u0173 sistema, kurioje derinamas tradicinis estetinis sprendimas su moderniais sprendimais. Gilios lentynos ir du atskirai atidaromi moduliai leid\u017eia efektyviai tvarkyti biuro reikmenis ir suteikia lengv\u0105 prieig\u0105 prie reikaling\u0173 daikt\u0173. Du rakinami moduliai su u\u017erakinimo mechanizmu yra pagrindinis elementas, apsaugantis konfidencialius dokumentus nuo neteis\u0117tos prieigos. Tai ne tik funkcionalus, bet ir saugus sprendimas \u012fmon\u0117s med\u017eiagoms. \u201eSpace Office\u201c lentyna pasi\u017eymi ne tik elegancija, bet ir ilgaam\u017ei\u0161kumu. Pagaminta i\u0161 \u012fbr\u0117\u017eimams atsparios laminuotos plok\u0161t\u0117s, ji i\u0161laiko moderni\u0105 i\u0161vaizd\u0105 net ir intensyviai naudojant. \u0160velnaus u\u017edarymo vyriai ne tik padidina komfort\u0105, bet ir padidina lentynos ilgaam\u017ei\u0161kum\u0105. Nepaisant klasikinio dizaino, \u201eSpace Office\u201c lentyna netaupo estetikos. D\u0117l modernaus dizaino lentyna yra ne tik prakti\u0161ka, bet ir patraukliu biuro interjero elementu. J\u0105 galite naudoti atskirai arba derinti su kitais \u201eSpace Office\u201c serijos baldais, kad sukurtum\u0117te darn\u0173 i\u0161d\u0117stym\u0105. Jei ie\u0161kote ne tik bald\u0173, bet ir sprendimo, kuris j\u016bs\u0173 biure sukurt\u0173 tvark\u0105 ir \u0161var\u0105, \u201eSpace\u201c biuro lentyna yra kaip tik jums. Apsaugokite savo dokumentus, sutvarkykite savo erdv\u0119 ir suteikite savo darbo vietai modernumo. Su\u017einokite, kaip \u201eSpace\u201c biuro lentyna gali pakeisti j\u016bs\u0173 po\u017ei\u016br\u012f \u012f biuro organizavim\u0105.<\/p>\n<p>Prek\u0117s kodas S479-REG4D\/200\/F12\/G\/Z-DASN Simbolis ZM EAN Plotis 80 cm Gylis 37 cm Auk\u0161tis 202,5 cm Kolekcija Erdv\u0117 Biuras Spalva meni\u0161kas \u0105\u017euolas Atspalvis \u0161viesi mediena Stilius modernus Med\u017eiaga laminatas Dureli\u0173 skai\u010dius 4 dur\u0173 Stal\u010di\u0173 skai\u010dius be stal\u010di\u0173 Rankena su rankenomis Gamintojas Juoda Raudona Balta Bald\u0173 tipas Lentynos ir vitrinos PVM mokestis 23% EAN 5906123707862<\/p>","protected":false},"excerpt":{"rendered":"<p>\u201eSpace Office\u201c lentyna \u2013 klasikinis stilius, modern\u016bs sprendimai. \u0160iandienin\u0117je dinami\u0161koje biuro aplinkoje, kur dokument\u0173 saugumas yra prioritetas, \u201eSpace Office\u201c lentyna yra ne tik baldas, bet ir i\u0161manus \u012frankis svarbioms med\u017eiagoms tvarkyti ir apsaugoti. \u201eSpace Office\u201c lentyna yra klasikin\u0117, rakinama lentyn\u0173 sistema, kurioje dera tradicin\u0117 estetika [\u2026]<\/p>","protected":false},"featured_media":263353,"comment_status":"open","ping_status":"open","template":"","meta":[],"product_brand":[],"product_cat":[9200,1177],"product_tag":[],"class_list":{"0":"post-263352","1":"product","2":"type-product","3":"status-publish","4":"has-post-thumbnail","6":"product_cat-black-red-white","7":"product_cat-wardrobes","9":"first","10":"instock","11":"purchasable","12":"product-type-simple"},"_links":{"self":[{"href":"https:\/\/baldumarket.lt\/lt\/wp-json\/wp\/v2\/product\/263352","targetHints":{"allow":["GET"]}}],"collection":[{"href":"https:\/\/baldumarket.lt\/lt\/wp-json\/wp\/v2\/product"}],"about":[{"href":"https:\/\/baldumarket.lt\/lt\/wp-json\/wp\/v2\/types\/product"}],"replies":[{"embeddable":true,"href":"https:\/\/baldumarket.lt\/lt\/wp-json\/wp\/v2\/comments?post=263352"}],"wp:featuredmedia":[{"embeddable":true,"href":"https:\/\/baldumarket.lt\/lt\/wp-json\/wp\/v2\/media\/263353"}],"wp:attachment":[{"href":"https:\/\/baldumarket.lt\/lt\/wp-json\/wp\/v2\/media?parent=263352"}],"wp:term":[{"taxonomy":"product_brand","embeddable":true,"href":"https:\/\/baldumarket.lt\/lt\/wp-json\/wp\/v2\/product_brand?post=263352"},{"taxonomy":"product_cat","embeddable":true,"href":"https:\/\/baldumarket.lt\/lt\/wp-json\/wp\/v2\/product_cat?post=263352"},{"taxonomy":"product_tag","embeddable":true,"href":"https:\/\/baldumarket.lt\/lt\/wp-json\/wp\/v2\/product_tag?post=263352"}],"curies":[{"name":"wp","href":"https:\/\/api.w.org\/{rel}","templated":true}]}}