{"id":263344,"date":"2026-01-13T23:38:41","date_gmt":"2026-01-13T20:38:41","guid":{"rendered":"https:\/\/baldumarket.lt\/product\/regal-czterodrzwiowy-zamykany-space-office-80-cm-dab-artisan\/"},"modified":"2026-02-11T18:19:03","modified_gmt":"2026-02-11T15:19:03","slug":"regal-czterodrzwiowy-zamykany-space-office-80-cm-dab-artisan","status":"publish","type":"product","link":"https:\/\/baldumarket.lt\/lt\/product\/regal-czterodrzwiowy-zamykany-space-office-80-cm-dab-artisan\/","title":{"rendered":"SPACE OFFICE 80 cm keturi\u0173 dureli\u0173 u\u017edara knyg\u0173 lentyna, \u0105\u017euolas"},"content":{"rendered":"<p>\u201eSpace Office\u201c lentyna \u2013 saugi dokument\u0173 organizavimas. Biuro tvarkos ir saugumo pasaulyje \u201eSpace Office\u201c lentyna tampa nepakei\u010diamu s\u0105jungininku, si\u016blan\u010diu saugi\u0105 ir funkcionali\u0105 viet\u0105 svarbiems dokumentams laikyti. \u201eSpace Office\u201c lentyna \u2013 tai klasikinio dizaino su moderniu akcentu. Jos d\u0117\u017eut\u0117s formos dizaine yra penkios identi\u0161kos lentynos, puikiai tinkan\u010dios auk\u0161tiems segtuvams ir aplankams laikyti. Padalinta \u012f dvi dalis su u\u017erakinamais fasadais, ji u\u017etikrina ne tik tvark\u0105, bet ir konfidenciali\u0173 dokument\u0173 saugum\u0105. Pasirinkdami \u201eSpace Office\u201c lentyn\u0105, investuojate \u012f ilgaam\u017ei\u0161kum\u0105. Visas blokas pagamintas i\u0161 auk\u0161tos kokyb\u0117s laminuotos plok\u0161t\u0117s, eleganti\u0161kos \u201eAristan Oak\u201c spalvos. \u0160is atsparus \u012fbr\u0117\u017eimams pavir\u0161ius u\u017etikrina, kad blokas ilg\u0105 laik\u0105 atrodys kaip naujas, nepriklausomai nuo naudojimo intensyvumo. U\u017erakinimo funkcija yra pagrindinis elementas, u\u017etikrinantis saugom\u0173 dokument\u0173 saugum\u0105. Dvi u\u017edaros lentyn\u0173 dalies leid\u017eia koncentruotai laikyti konfidenciali\u0105 med\u017eiag\u0105, pa\u0161alinant neteis\u0117tos prieigos rizik\u0105. \u201eSpace Office\u201c lentyna yra ne tik funkcionalus, bet ir esteti\u0161kas sprendimas. Modern\u016bs, \u0161velniai u\u017esidarantys vyriai ne tik suteikia patogumo kasdieniam naudojimui, bet ir paver\u010dia lentynos naudojim\u0105 jusline patirtimi. D\u0117l tvirtos konstrukcijos, patvari\u0173 med\u017eiag\u0173 ir i\u0161manaus dizaino \u201eSpace Office\u201c lentyna u\u017etikrina, kad j\u016bs\u0173 dokumentai b\u016bt\u0173 saug\u016bs ir tvarkingi. Pasirinkdami saugi\u0105 \u201eSpace Office\u201c lentyn\u0105, suteikite savo biurui tvarkos ir elegancijos. Su\u017einokite, kaip paprastas baldas gali pakeisti biuro tvark\u0105.<\/p>\n<p>Prek\u0117s kodas S479-REG4D\/200\/F12\/D\/Z-DASN Simbolis ZM EAN Plotis 80 cm Gylis 37 cm Auk\u0161tis 202,5 cm Kolekcija Erdv\u0117 Biuras Spalva meni\u0161kas \u0105\u017euolas Atspalvis \u0161viesi mediena Stilius modernus Med\u017eiaga laminatas Dureli\u0173 skai\u010dius 4 durys Stal\u010di\u0173 skai\u010dius be stal\u010di\u0173 Rankena su rankenomis Gamintojas Juoda Raudona Balta Bald\u0173 tipas Lentynos ir vitrinos PVM mokestis 23% EAN 5906123707855<\/p>","protected":false},"excerpt":{"rendered":"<p>\u201eSpace Office\u201c lentyna \u2013 saugi dokument\u0173 organizavimas. Biuro tvarkos ir saugumo pasaulyje \u201eSpace Office\u201c lentyna tampa nepakei\u010diamu s\u0105jungininku, si\u016blan\u010diu saugi\u0105 ir funkcionali\u0105 viet\u0105 svarbiems dokumentams laikyti. \u201eSpace Office\u201c lentyna yra klasikinio dizaino su moderniu akcentu. Jos d\u0117\u017eut\u0117s formos dizainas turi penkias identi\u0161kas lentynas, puikiai tinkan\u010dias laikyti [\u2026]<\/p>","protected":false},"featured_media":263345,"comment_status":"open","ping_status":"open","template":"","meta":[],"product_brand":[],"product_cat":[9200,1177],"product_tag":[],"class_list":{"0":"post-263344","1":"product","2":"type-product","3":"status-publish","4":"has-post-thumbnail","6":"product_cat-black-red-white","7":"product_cat-wardrobes","9":"first","10":"instock","11":"purchasable","12":"product-type-simple"},"_links":{"self":[{"href":"https:\/\/baldumarket.lt\/lt\/wp-json\/wp\/v2\/product\/263344","targetHints":{"allow":["GET"]}}],"collection":[{"href":"https:\/\/baldumarket.lt\/lt\/wp-json\/wp\/v2\/product"}],"about":[{"href":"https:\/\/baldumarket.lt\/lt\/wp-json\/wp\/v2\/types\/product"}],"replies":[{"embeddable":true,"href":"https:\/\/baldumarket.lt\/lt\/wp-json\/wp\/v2\/comments?post=263344"}],"wp:featuredmedia":[{"embeddable":true,"href":"https:\/\/baldumarket.lt\/lt\/wp-json\/wp\/v2\/media\/263345"}],"wp:attachment":[{"href":"https:\/\/baldumarket.lt\/lt\/wp-json\/wp\/v2\/media?parent=263344"}],"wp:term":[{"taxonomy":"product_brand","embeddable":true,"href":"https:\/\/baldumarket.lt\/lt\/wp-json\/wp\/v2\/product_brand?post=263344"},{"taxonomy":"product_cat","embeddable":true,"href":"https:\/\/baldumarket.lt\/lt\/wp-json\/wp\/v2\/product_cat?post=263344"},{"taxonomy":"product_tag","embeddable":true,"href":"https:\/\/baldumarket.lt\/lt\/wp-json\/wp\/v2\/product_tag?post=263344"}],"curies":[{"name":"wp","href":"https:\/\/api.w.org\/{rel}","templated":true}]}}