{"id":263336,"date":"2026-01-13T23:38:34","date_gmt":"2026-01-13T20:38:34","guid":{"rendered":"https:\/\/baldumarket.lt\/product\/regal-czterodrzwiowy-z-szuflada-nevada-81-cm-dab-riviera\/"},"modified":"2026-02-11T18:19:03","modified_gmt":"2026-02-11T15:19:03","slug":"regal-czterodrzwiowy-z-szuflada-nevada-81-cm-dab-riviera","status":"publish","type":"product","link":"https:\/\/baldumarket.lt\/lt\/product\/regal-czterodrzwiowy-z-szuflada-nevada-81-cm-dab-riviera\/","title":{"rendered":"Nevada knyg\u0173 lentyna su stal\u010diumi, 81 cm, Riviera \u0105\u017euolas"},"content":{"rendered":"<p>Nevada biuro lentyna \u2013 b\u016btinas daiktas kiekviename biure. Nevada lentyna yra svarbus biuro \u012frangos elementas, derinantis modern\u0173 dizain\u0105 su i\u0161skirtiniu funkcionalumu. Nesenstantis \u201eRiviera Oak\u201c atspalvis papildo bet kok\u012f interjero dizain\u0105, o gr\u016bdinto stiklo fasadai, nuda\u017eyti \u201eSignal White\u201c spalva, pabr\u0117\u017eia modern\u0173 ir stiling\u0105 jos charakter\u012f. Nevada lentynos ypatyb\u0117s: 81 x 199 x 37 cm matmenys leid\u017eia pastatyti lentyn\u0105 net ma\u017eesn\u0117se erdv\u0117se. Keturios durel\u0117s ir vienas erdvus stal\u010dius suteikia daug vietos dokumentams, biuro reikmenims ir asmeniniams daiktams. \u201eSignal White\u201c gr\u016bdinto stiklo fasadai suteikia elegancijos ir modernaus stiliaus. Daugyb\u0117 vidini\u0173 lentyn\u0173 leid\u017eia efektyviai organizuoti erdv\u0119 ir j\u0105 pritaikyti individualiai. Minimalistinis dizainas, papildantis \u012fvairius i\u0161d\u0117stymus, suteikiantis modernumo. Nevada kolekcijos dalis, leid\u017eianti sukurti darn\u0173 ir eleganti\u0161k\u0105 biuro interjer\u0105. Stilius ir funkcionalumas biure. Nevada lentyna si\u016blo ne tik erdv\u0119 daiktams laikyti, bet ir eleganti\u0161k\u0105 dekoratyvin\u012f element\u0105, puikiai papildant\u012f biuro erdv\u0119. D\u0117l kompakti\u0161k\u0173 matmen\u0173 ir daugyb\u0117s lentyn\u0173 \u0161i lentyn\u0173 sistema leid\u017eia patogiai organizuoti dokumentus ir kitus b\u016btinus daiktus, u\u017etikrinant tvark\u0105 ir estetik\u0105 biure. Universali spalv\u0173 gama ir modernus stiklinis fasadas puikiai dera prie modernaus ir minimalistinio interjero. Santrauka: \u201eNevada\u201c biuro lentyn\u0173 sistema yra puikus pasirinkimas tiems, kurie ie\u0161ko estetikos ir funkcionalumo viename balde. Ji leid\u017eia lengvai palaikyti tvark\u0105, organizuojant dokumentus ir biuro reikmenis. \u201eNevada\u201c lentyn\u0173 sistema puikiai papildo biuro bald\u0173 kolekcij\u0105, sukurdama harmoning\u0105 ir patogi\u0105 darbo viet\u0105, patenkindama reikliausi\u0173 vartotoj\u0173 l\u016bkes\u010dius.<\/p>\n<p>Prek\u0117s kodas S599-REG4D1S_80-DRI Plotis 81 cm Gylis 37 cm Auk\u0161tis 199 cm Kolekcija Nevada Spalva rivjeros \u0105\u017euolas Atspalvis \u0161viesus medis Stilius modernus Med\u017eiaga laminatas Dureli\u0173 skai\u010dius 4 dur\u0173 Stal\u010di\u0173 skai\u010dius 1 stal\u010dius Rankena su ranken\u0117l\u0117mis Gamintojas Juoda Raudona Balta Baldo tipas Lentynos ir vitrinos PVM 23% EAN 5906123049849<\/p>","protected":false},"excerpt":{"rendered":"<p>Nevada biuro lentyna \u2013 b\u016btinas daiktas kiekviename biure. Nevada lentyna yra svarbus biuro \u012frangos elementas, kuriame derinamas modernus dizainas ir i\u0161skirtinis funkcionalumas. Nesenstantis \u201eRiviera Oak\u201c \u0105\u017euolo atspalvis papildo bet kok\u012f interjero dizain\u0105, o gr\u016bdinto stiklo fasadai, nuda\u017eyti \u201eSignal White\u201c spalva, pabr\u0117\u017eia modern\u0173 ir stiling\u0105 jos charakter\u012f. Ypatingos Nevada [\u2026] savyb\u0117s<\/p>","protected":false},"featured_media":263337,"comment_status":"open","ping_status":"open","template":"","meta":[],"product_brand":[],"product_cat":[9200,1177],"product_tag":[],"class_list":{"0":"post-263336","1":"product","2":"type-product","3":"status-publish","4":"has-post-thumbnail","6":"product_cat-black-red-white","7":"product_cat-wardrobes","9":"first","10":"instock","11":"purchasable","12":"product-type-simple"},"_links":{"self":[{"href":"https:\/\/baldumarket.lt\/lt\/wp-json\/wp\/v2\/product\/263336","targetHints":{"allow":["GET"]}}],"collection":[{"href":"https:\/\/baldumarket.lt\/lt\/wp-json\/wp\/v2\/product"}],"about":[{"href":"https:\/\/baldumarket.lt\/lt\/wp-json\/wp\/v2\/types\/product"}],"replies":[{"embeddable":true,"href":"https:\/\/baldumarket.lt\/lt\/wp-json\/wp\/v2\/comments?post=263336"}],"wp:featuredmedia":[{"embeddable":true,"href":"https:\/\/baldumarket.lt\/lt\/wp-json\/wp\/v2\/media\/263337"}],"wp:attachment":[{"href":"https:\/\/baldumarket.lt\/lt\/wp-json\/wp\/v2\/media?parent=263336"}],"wp:term":[{"taxonomy":"product_brand","embeddable":true,"href":"https:\/\/baldumarket.lt\/lt\/wp-json\/wp\/v2\/product_brand?post=263336"},{"taxonomy":"product_cat","embeddable":true,"href":"https:\/\/baldumarket.lt\/lt\/wp-json\/wp\/v2\/product_cat?post=263336"},{"taxonomy":"product_tag","embeddable":true,"href":"https:\/\/baldumarket.lt\/lt\/wp-json\/wp\/v2\/product_tag?post=263336"}],"curies":[{"name":"wp","href":"https:\/\/api.w.org\/{rel}","templated":true}]}}