{"id":263320,"date":"2026-01-13T23:38:22","date_gmt":"2026-01-13T20:38:22","guid":{"rendered":"https:\/\/baldumarket.lt\/product\/regal-czterodrzwiowy-z-dwoma-szufladami-space-office-80-cm-dab-artisan\/"},"modified":"2026-02-11T18:19:03","modified_gmt":"2026-02-11T15:19:03","slug":"regal-czterodrzwiowy-z-dwoma-szufladami-space-office-80-cm-dab-artisan","status":"publish","type":"product","link":"https:\/\/baldumarket.lt\/lt\/product\/regal-czterodrzwiowy-z-dwoma-szufladami-space-office-80-cm-dab-artisan\/","title":{"rendered":"SPACE OFFICE keturi\u0173 dur\u0173 knyg\u0173 lentyna su dviem stal\u010diais, 80 cm, \u0105\u017euolo spalvos"},"content":{"rendered":"<p>\u201eSpace Office\u201c lentyna \u2013 efektyvumas ir tvarka biure. \u0160iandienin\u0117je dinami\u0161koje biuro aplinkoje \u201eSpace Office\u201c lentyna tampa pagrindine priemone tvarkai ir efektyvumui darbe palaikyti. Rakinamos spintel\u0117s ir stal\u010diai yra prakti\u0161kas sprendimas, padedantis palaikyti harmonij\u0105 biuro erdv\u0117je. \u201eSpace Office\u201c lentyna pasi\u017eymi klasikiniu komodos dizainu, kuris i\u0161siskiria savo efektyvumu ir talpumu. Dvi erdvios lentynos vir\u0161utin\u0117je ir apatin\u0117je dalyse idealiai tinka segtuvams, \u012fmon\u0117s dokumentams ir kitiems didesniems daiktams. Stal\u010diai vidurin\u0117je dalyje leid\u017eia susitvarkyti smulkius biuro reikmenis, u\u017etikrinant visi\u0161k\u0105 tvark\u0105. \u201eSpace Office\u201c lentyna yra ne tik prakti\u0161kas sprendimas, bet ir investicija \u012f ilgaam\u017ei\u0161kum\u0105. Auk\u0161tos kokyb\u0117s, \u012fbr\u0117\u017eimams atspari laminuota plok\u0161t\u0117 u\u017etikrina, kad baldai i\u0161laikys eleganti\u0161k\u0105 i\u0161vaizd\u0105 net ir judrioje biuro aplinkoje. \u0160velnaus u\u017edarymo vyriai ir kreipian\u010diosios \u2013 tai detal\u0117s, kurios ne tik padidina komfort\u0105, bet ir suma\u017eina kasdienio darbo sutrikimus. \u0160i madingos \u201eAristan\u201c \u0105\u017euolo spalvos lentyna yra ne tik prakti\u0161ka priemon\u0117, bet ir stilingas j\u016bs\u0173 biuro papildymas. D\u0117l esteti\u0161ko dizaino ji puikiai tinka moderniam interjerui, sukuriant profesionali\u0105, bet kartu ir draugi\u0161k\u0105 atmosfer\u0105. \u201eSpace Office\u201c lentyna yra b\u016btinas baldas tiems, kurie nori palaikyti tvark\u0105 savo biure nepakenkdami darbo efektyvumui. Pasirinkdami \u0161i\u0105 lentyn\u0105, investuojate ne tik \u012f bald\u0105, bet ir \u012f savo darbo vietos tvark\u0105 bei harmonij\u0105. Su\u017einokite, kaip \u201eSpace Office\u201c lentyna gali pakeisti biuro organizavim\u0105!<\/p>\n<p>Prek\u0117s kodas S479-REG4D2S\/200-DASN Simbolis ZM EAN Plotis 80 cm Gylis 37 cm Auk\u0161tis 202,5 cm Kolekcija Erdv\u0117 Biuras Spalva meni\u0161kas \u0105\u017euolas Atspalvis \u0161viesi mediena Stilius modernus Med\u017eiaga laminatas Dureli\u0173 skai\u010dius 4 dur\u0173 Stal\u010di\u0173 skai\u010dius 2 stal\u010diai Rankena su rankenomis Gamintojas Juoda Raudona Balta Bald\u0173 tipas Lentynos ir vitrinos PVM mokestis 23% EAN 5906123707923<\/p>","protected":false},"excerpt":{"rendered":"<p>\u201eSpace Office\u201c lentyna \u2013 efektyvumas ir tvarka biure. \u0160iandienin\u0117je dinami\u0161koje biuro aplinkoje \u201eSpace Office\u201c lentyna tampa pagrindine priemone tvarkai ir efektyvumui darbe palaikyti. Rakinamos spintel\u0117s ir stal\u010diai yra prakti\u0161kas sprendimas, padedantis palaikyti harmonij\u0105 biuro erdv\u0117je. \u201eSpace Office\u201c lentynoje yra klasikin\u0117 komoda [\u2026]<\/p>","protected":false},"featured_media":263321,"comment_status":"open","ping_status":"open","template":"","meta":[],"product_brand":[],"product_cat":[9200,1177],"product_tag":[],"class_list":{"0":"post-263320","1":"product","2":"type-product","3":"status-publish","4":"has-post-thumbnail","6":"product_cat-black-red-white","7":"product_cat-wardrobes","9":"first","10":"instock","11":"purchasable","12":"product-type-simple"},"_links":{"self":[{"href":"https:\/\/baldumarket.lt\/lt\/wp-json\/wp\/v2\/product\/263320","targetHints":{"allow":["GET"]}}],"collection":[{"href":"https:\/\/baldumarket.lt\/lt\/wp-json\/wp\/v2\/product"}],"about":[{"href":"https:\/\/baldumarket.lt\/lt\/wp-json\/wp\/v2\/types\/product"}],"replies":[{"embeddable":true,"href":"https:\/\/baldumarket.lt\/lt\/wp-json\/wp\/v2\/comments?post=263320"}],"wp:featuredmedia":[{"embeddable":true,"href":"https:\/\/baldumarket.lt\/lt\/wp-json\/wp\/v2\/media\/263321"}],"wp:attachment":[{"href":"https:\/\/baldumarket.lt\/lt\/wp-json\/wp\/v2\/media?parent=263320"}],"wp:term":[{"taxonomy":"product_brand","embeddable":true,"href":"https:\/\/baldumarket.lt\/lt\/wp-json\/wp\/v2\/product_brand?post=263320"},{"taxonomy":"product_cat","embeddable":true,"href":"https:\/\/baldumarket.lt\/lt\/wp-json\/wp\/v2\/product_cat?post=263320"},{"taxonomy":"product_tag","embeddable":true,"href":"https:\/\/baldumarket.lt\/lt\/wp-json\/wp\/v2\/product_tag?post=263320"}],"curies":[{"name":"wp","href":"https:\/\/api.w.org\/{rel}","templated":true}]}}