{"id":263312,"date":"2026-01-13T23:38:16","date_gmt":"2026-01-13T20:38:16","guid":{"rendered":"https:\/\/baldumarket.lt\/product\/regal-czterodrzwiowy-space-office-80-cm-dab-artisan-2\/"},"modified":"2026-02-11T18:19:03","modified_gmt":"2026-02-11T15:19:03","slug":"regal-czterodrzwiowy-space-office-80-cm-dab-artisan-2","status":"publish","type":"product","link":"https:\/\/baldumarket.lt\/lt\/product\/regal-czterodrzwiowy-space-office-80-cm-dab-artisan-2\/","title":{"rendered":"SPACE OFFICE 4 dur\u0173 knyg\u0173 lentyna, 80 cm, dirbtinio \u0105\u017euolo spalvos"},"content":{"rendered":"<p>\u201eSpace Office\u201c lentyna \u2013 elegancija ir funkcionalumas biure. Kasdieniame biuro gyvenimo skub\u0117jime labai svarbu tur\u0117ti viet\u0105 dokumentams ir priedams laikyti. \u201eSpace Office\u201c lentyna yra ne tik baldas; tai prakti\u0161kas sprendimas moderniai biuro erdvei sutvarkyti. \u201eSpace Office\u201c lentyna yra nepakei\u010diamas pasirinkimas tiems, kurie vertina tvark\u0105 ir saugum\u0105 darbo vietoje. Klasikinis d\u0117\u017e\u0117s formos dizainas pasi\u017eymi penkiomis giliomis lentynomis, idealiai tinkan\u010diomis dokumentams, segtuvams ir biuro reikmenims laikyti. U\u017erakinamos durys, padalintos \u012f keturias atskiras dalis, leid\u017eia tiksliai pasiekti reikiamus daiktus. \u201eSpace Office\u201c lentynos korpusas ir fasadai pagaminti i\u0161 patvarios, \u012fbr\u0117\u017eimams atsparios laminuotos plok\u0161t\u0117s. \u0160is baldas ne tik i\u0161laiko elegancij\u0105, bet ir apsaugo savo konstrukcij\u0105 intensyvaus naudojimo metu. \u0160velniai u\u017esidarantys vyriai yra ne tik komforto elementas, bet ir padeda ramiai bei sutelktai dirbti. \u201eSpace Office\u201c lentyna ne tik sutvarko, bet ir suteikia biuro erdvei stiliaus. Madinga \u201eAristan\u201c \u0105\u017euolo spalva suteikia jai modernumo, puikiai deran\u010di\u0105 prie skandinavi\u0161k\u0173, lofto ir minimalistini\u0173 tendencij\u0173. Konfig\u016bruojami fasadai yra papildomas privalumas, leid\u017eiantis pritaikyti baldus pagal individualius pageidavimus. \u201eSpace Office\u201c lentyna yra ne tik prakti\u0161kas sprendimas; Tai taip pat stilingas po\u017ei\u016bris \u012f biuro organizavim\u0105. Sukurkite organizuot\u0105 ir eleganti\u0161k\u0105 darbo viet\u0105 pasirinkdami baldus, kurie ne tik atlieka praktin\u0119 funkcij\u0105, bet ir suteikia j\u016bs\u0173 darbo vietai charakterio. U\u017edarykite savo dokumentus ir atverkite naujas galimybes \u2013 su \u201eSpace Office\u201c lentyna.<\/p>\n<p>Prek\u0117s kodas S479-REG4D\/200\/F12-DASN Simbolis ZM EAN Plotis 80 cm Gylis 37 cm Auk\u0161tis 202,5 cm Kolekcija Erdv\u0117 Biuras Spalva meni\u0161kas \u0105\u017euolas Atspalvis \u0161viesi mediena Stilius modernus Med\u017eiaga laminatas Dureli\u0173 skai\u010dius 4 dur\u0173 Stal\u010di\u0173 skai\u010dius be stal\u010di\u0173 Rankena su rankenomis Gamintojas Juoda Raudona Balta Bald\u0173 tipas Lentynos ir vitrinos PVM mokestis 23% EAN 5906123707886<\/p>","protected":false},"excerpt":{"rendered":"<p>\u201eSpace Office\u201c lentyna \u2013 elegancija ir funkcionalumas biure. Kasdieniniame biuro gyvenimo skub\u0117jime labai svarbu tur\u0117ti viet\u0105 dokumentams ir priedams laikyti. \u201eSpace Office\u201c lentyna yra ne tik baldas; tai prakti\u0161kas sprendimas moderniai biuro erdvei sutvarkyti. \u201eSpace Office\u201c lentyna yra nepakei\u010diamas [\u2026]<\/p>","protected":false},"featured_media":263313,"comment_status":"open","ping_status":"open","template":"","meta":[],"product_brand":[],"product_cat":[9200,1177],"product_tag":[],"class_list":{"0":"post-263312","1":"product","2":"type-product","3":"status-publish","4":"has-post-thumbnail","6":"product_cat-black-red-white","7":"product_cat-wardrobes","9":"first","10":"instock","11":"purchasable","12":"product-type-simple"},"_links":{"self":[{"href":"https:\/\/baldumarket.lt\/lt\/wp-json\/wp\/v2\/product\/263312","targetHints":{"allow":["GET"]}}],"collection":[{"href":"https:\/\/baldumarket.lt\/lt\/wp-json\/wp\/v2\/product"}],"about":[{"href":"https:\/\/baldumarket.lt\/lt\/wp-json\/wp\/v2\/types\/product"}],"replies":[{"embeddable":true,"href":"https:\/\/baldumarket.lt\/lt\/wp-json\/wp\/v2\/comments?post=263312"}],"wp:featuredmedia":[{"embeddable":true,"href":"https:\/\/baldumarket.lt\/lt\/wp-json\/wp\/v2\/media\/263313"}],"wp:attachment":[{"href":"https:\/\/baldumarket.lt\/lt\/wp-json\/wp\/v2\/media?parent=263312"}],"wp:term":[{"taxonomy":"product_brand","embeddable":true,"href":"https:\/\/baldumarket.lt\/lt\/wp-json\/wp\/v2\/product_brand?post=263312"},{"taxonomy":"product_cat","embeddable":true,"href":"https:\/\/baldumarket.lt\/lt\/wp-json\/wp\/v2\/product_cat?post=263312"},{"taxonomy":"product_tag","embeddable":true,"href":"https:\/\/baldumarket.lt\/lt\/wp-json\/wp\/v2\/product_tag?post=263312"}],"curies":[{"name":"wp","href":"https:\/\/api.w.org\/{rel}","templated":true}]}}