{"id":263304,"date":"2026-01-13T23:38:10","date_gmt":"2026-01-13T20:38:10","guid":{"rendered":"https:\/\/baldumarket.lt\/product\/regal-czterodrzwiowy-space-office-80-cm-dab-artisan\/"},"modified":"2026-02-11T18:19:04","modified_gmt":"2026-02-11T15:19:04","slug":"regal-czterodrzwiowy-space-office-80-cm-dab-artisan","status":"publish","type":"product","link":"https:\/\/baldumarket.lt\/lt\/product\/regal-czterodrzwiowy-space-office-80-cm-dab-artisan\/","title":{"rendered":"SPACE OFFICE 4 dur\u0173 knyg\u0173 lentyna, 80 cm, dirbtinio \u0105\u017euolo spalvos"},"content":{"rendered":"<p>\u201eSpace Office\u201c lentyna \u2013 klasika moderniu stiliumi. Jei ie\u0161kote klasikin\u0117s biuro lentynos, kurioje der\u0117t\u0173 erdv\u0117 ir elegancija, \u201eSpace Office\u201c lentyna yra puikus pasirinkimas tiems, kurie vertina funkcionalum\u0105 ir stili\u0173. \u201eSpace Office\u201c lentyna pasi\u017eymi reguliariu dizainu ir penkiomis tolygiai i\u0161d\u0117stytomis lentynomis. Dvigubos durys, u\u017edaran\u010dios apatin\u0119 ir vir\u0161utin\u0119 lentynos dalis, apsaugo dokumentus ir priedus nuo dulki\u0173, kartu sukurdamos organizuot\u0105 darbo viet\u0105. Centrin\u0117 ni\u0161a suteikia papildomos vietos kasdieniams daiktams. Auk\u0161tos kokyb\u0117s, \u012fbr\u0117\u017eimams atspari laminuota plok\u0161t\u0117 u\u017etikrina ilgaam\u017ei\u0161kum\u0105. Madinga \u201eAristan Oak\u201c spalva suteikia lentynai modernumo, puikiai papildydama moderni\u0173 biuro erdvi\u0173 estetik\u0105. \u0160velniai u\u017esidarantys vyriai leid\u017eia lentyn\u0105 naudoti ne tik prakti\u0161kai, bet ir patogiai. \u201eSpace Office\u201c lentyna ne tik sutvarko, bet ir pagerina j\u016bs\u0173 biuro erdv\u0117s estetik\u0105. Universalus dizainas paver\u010dia j\u0105 prakti\u0161ku atskiru baldu, ta\u010diau ji taip pat puikiai dera su kitais \u201eSpace Office\u201c serijos baldais, sukurdama darni\u0105 kompozicij\u0105. Pasirink\u0119 \u201eSpace Office\u201c lentyn\u0105, renkat\u0117s ne tik baldus, bet ir organizuotum\u0105 bei elegancij\u0105 viename. Leiskite sau patogiai dirbti tvarkingoje erdv\u0117je. Su\u017einokite, kaip \u201eSpace Office\u201c lentyna derina klasikin\u012f ir modern\u0173 stili\u0173, sukurdama tobul\u0105 sprendim\u0105 j\u016bs\u0173 biurui.<\/p>\n<p>Prek\u0117s kodas S479-REG4D\/200-DASN Simbolis ZM EAN Plotis 80 cm Gylis 37 cm Auk\u0161tis 202,5 cm Kolekcija Erdv\u0117 Biuras Spalva meni\u0161kas \u0105\u017euolas Atspalvis \u0161viesi mediena Stilius modernus Med\u017eiaga laminatas Dureli\u0173 skai\u010dius 4 durys Stal\u010di\u0173 skai\u010dius be stal\u010di\u0173 Rankena su rankenomis Gamintojas Juoda Raudona Balta Bald\u0173 tipas Lentynos ir vitrinos PVM mokestis 23% EAN 5906123707909<\/p>","protected":false},"excerpt":{"rendered":"<p>\u201eSpace Office\u201c lentyna \u2013 klasika moderniu stiliumi. Jei ie\u0161kote klasikinio biuro lentyn\u0173 bloko, kuriame der\u0117t\u0173 erdv\u0117 ir elegancija, \u201eSpace Office\u201c lentyna yra puikus pasirinkimas tiems, kurie vertina funkcionalum\u0105 ir stili\u0173. \u201eSpace Office\u201c lentyna pasi\u017eymi \u012fprastu dizainu ir penkiomis tolygiai i\u0161d\u0117stytomis lentynomis. Dvigubos durys, kurios [\u2026]<\/p>","protected":false},"featured_media":263305,"comment_status":"open","ping_status":"open","template":"","meta":[],"product_brand":[],"product_cat":[9200,1177],"product_tag":[],"class_list":{"0":"post-263304","1":"product","2":"type-product","3":"status-publish","4":"has-post-thumbnail","6":"product_cat-black-red-white","7":"product_cat-wardrobes","9":"first","10":"instock","11":"purchasable","12":"product-type-simple"},"_links":{"self":[{"href":"https:\/\/baldumarket.lt\/lt\/wp-json\/wp\/v2\/product\/263304","targetHints":{"allow":["GET"]}}],"collection":[{"href":"https:\/\/baldumarket.lt\/lt\/wp-json\/wp\/v2\/product"}],"about":[{"href":"https:\/\/baldumarket.lt\/lt\/wp-json\/wp\/v2\/types\/product"}],"replies":[{"embeddable":true,"href":"https:\/\/baldumarket.lt\/lt\/wp-json\/wp\/v2\/comments?post=263304"}],"wp:featuredmedia":[{"embeddable":true,"href":"https:\/\/baldumarket.lt\/lt\/wp-json\/wp\/v2\/media\/263305"}],"wp:attachment":[{"href":"https:\/\/baldumarket.lt\/lt\/wp-json\/wp\/v2\/media?parent=263304"}],"wp:term":[{"taxonomy":"product_brand","embeddable":true,"href":"https:\/\/baldumarket.lt\/lt\/wp-json\/wp\/v2\/product_brand?post=263304"},{"taxonomy":"product_cat","embeddable":true,"href":"https:\/\/baldumarket.lt\/lt\/wp-json\/wp\/v2\/product_cat?post=263304"},{"taxonomy":"product_tag","embeddable":true,"href":"https:\/\/baldumarket.lt\/lt\/wp-json\/wp\/v2\/product_tag?post=263304"}],"curies":[{"name":"wp","href":"https:\/\/api.w.org\/{rel}","templated":true}]}}