{"id":263288,"date":"2026-01-13T23:37:56","date_gmt":"2026-01-13T20:37:56","guid":{"rendered":"https:\/\/baldumarket.lt\/product\/przedpokoj-nepo-plus-90-cm-bialy\/"},"modified":"2026-02-11T18:19:04","modified_gmt":"2026-02-11T15:19:04","slug":"przedpokoj-nepo-plus-90-cm-bialy","status":"publish","type":"product","link":"https:\/\/baldumarket.lt\/lt\/product\/przedpokoj-nepo-plus-90-cm-bialy\/","title":{"rendered":"Prie\u0161kambaris NEPO PLUS 90 cm baltas"},"content":{"rendered":"<p>\u201eNepo Plus\u201c prie\u0161kambario bald\u0173 komplektas \u2013 funkcionalus ir esteti\u0161kas. Prie\u0161kambaris yra kiekvien\u0173 nam\u0173 vitrina, tod\u0117l svarbu, kad jis b\u016bt\u0173 ir funkcionalus, ir esteti\u0161kai patrauklus. \u201eNepo Plus\u201c prie\u0161kambario bald\u0173 komplektas yra puikus sprendimas tiems, kurie ie\u0161ko pilno sprendimo, kaip sutvarkyti savo prie\u0161kambario erdv\u0119. \u2013 Pilnas bald\u0173 komplektas: \u201eNepo Plus\u201c komplekte yra viskas, ko reikia funkcionaliam prie\u0161kambariui. Rasite atvir\u0105 bat\u0173 lentyn\u0105, patog\u0173 stal\u010di\u0173, kabliukus paltams, vir\u0161utin\u0119 lentyn\u0105 ir veidrod\u012f. Tai pilnas pagrindas daiktams laikyti ir organizuoti. \u2013 Atsparumas \u012fbr\u0117\u017eimams: \u201eNepo Plus\u201c baldai yra laminuoti, tod\u0117l padid\u0117ja j\u0173 atsparumas \u012fbr\u0117\u017eimams ir temperat\u016bros poky\u010diams. Tai svarbu, nes prie\u0161kambaris yra vieta, kur baldai gali b\u016bti intensyviai naudojami. \u2013 Spalv\u0173 pasirinkimas: Baldai yra \u012fvairi\u0173 spalv\u0173, tod\u0117l galite juos priderinti prie likusio savo nam\u0173 interjero. Galite pasirinkti spalv\u0105, kuri geriausiai dera prie j\u016bs\u0173 interjero stiliaus. \u2013 Patogios rankenos: Horizontalios rankenos leid\u017eia lengvai atidaryti spinteles ir stal\u010dius, suteikiant lengv\u0105 prieig\u0105 prie j\u0173 turinio. \u2013 Galima derinti su kitais kolekcijos elementais: \u201eNepo Plus\u201c kolekcijoje yra \u012fvairi\u0173 kit\u0173 element\u0173, toki\u0173 kaip komodos, spintos ir kiti baldai. Prie\u0161kambario komplekt\u0105 galite derinti su kitais \u0161ios kolekcijos elementais, sukurdami darn\u0173 ir funkcional\u0173 interjero dizain\u0105. Santrauka: \u201eNepo Plus\u201c prie\u0161kambario komplektas yra kompleksinis sprendimas, leid\u017eiantis funkcionaliai ir esteti\u0161kai apstatyti \u0161i\u0105 erdv\u0119. D\u0117l \u012fvairi\u0173 komponent\u0173, toki\u0173 kaip bat\u0173 spintel\u0117, stal\u010dius, pakabos ir veidrod\u017eiai, galite palaikyti tvark\u0105 ir organizacij\u0105 savo prie\u0161kambaryje. Atsparumas \u012fbr\u0117\u017eimams ir \u012fvairios spalv\u0173 versijos leid\u017eia pritaikyti baldus prie savo poreiki\u0173 ir nam\u0173 stiliaus. \u0160\u012f komplekt\u0105 taip pat galima derinti su kitais \u201eNepo Plus\u201c kolekcijos elementais, sukuriant darn\u0173 interjero dizain\u0105.<\/p>\n<p>Prek\u0117s kodas S435-PPK-BI Simbolis ZM EAN Plotis 90 cm Gylis 30,5 cm Auk\u0161tis 185,5 cm Kolekcija Nepo Plus Spalva balta Baltas atspalvis Stilius modernus Dureli\u0173 skai\u010dius 1 dur\u0173 Stal\u010di\u0173 skai\u010dius 1 stal\u010dius Rankena su rankenomis Gamintojas Juoda Raudona Balta Baldo tipas Prie\u0161kambario komplektai PVM 23% EAN 5906123949118<\/p>","protected":false},"excerpt":{"rendered":"<p>\u201eNepo Plus\u201c prie\u0161kambario bald\u0173 komplektas \u2013 funkcionalus ir esteti\u0161kas. Prie\u0161kambaris yra kiekvien\u0173 nam\u0173 vitrina, tod\u0117l svarbu, kad jis b\u016bt\u0173 ir funkcionalus, ir esteti\u0161kai patrauklus. \u201eNepo Plus\u201c prie\u0161kambario bald\u0173 komplektas yra puikus sprendimas tiems, kurie ie\u0161ko pilno sprendimo savo prie\u0161kambario erdvei sutvarkyti. \u2013 Pilnas bald\u0173 komplektas: [\u2026]<\/p>","protected":false},"featured_media":263289,"comment_status":"open","ping_status":"open","template":"","meta":[],"product_brand":[],"product_cat":[9200,1177],"product_tag":[],"class_list":{"0":"post-263288","1":"product","2":"type-product","3":"status-publish","4":"has-post-thumbnail","6":"product_cat-black-red-white","7":"product_cat-wardrobes","9":"first","10":"instock","11":"purchasable","12":"product-type-simple"},"_links":{"self":[{"href":"https:\/\/baldumarket.lt\/lt\/wp-json\/wp\/v2\/product\/263288","targetHints":{"allow":["GET"]}}],"collection":[{"href":"https:\/\/baldumarket.lt\/lt\/wp-json\/wp\/v2\/product"}],"about":[{"href":"https:\/\/baldumarket.lt\/lt\/wp-json\/wp\/v2\/types\/product"}],"replies":[{"embeddable":true,"href":"https:\/\/baldumarket.lt\/lt\/wp-json\/wp\/v2\/comments?post=263288"}],"wp:featuredmedia":[{"embeddable":true,"href":"https:\/\/baldumarket.lt\/lt\/wp-json\/wp\/v2\/media\/263289"}],"wp:attachment":[{"href":"https:\/\/baldumarket.lt\/lt\/wp-json\/wp\/v2\/media?parent=263288"}],"wp:term":[{"taxonomy":"product_brand","embeddable":true,"href":"https:\/\/baldumarket.lt\/lt\/wp-json\/wp\/v2\/product_brand?post=263288"},{"taxonomy":"product_cat","embeddable":true,"href":"https:\/\/baldumarket.lt\/lt\/wp-json\/wp\/v2\/product_cat?post=263288"},{"taxonomy":"product_tag","embeddable":true,"href":"https:\/\/baldumarket.lt\/lt\/wp-json\/wp\/v2\/product_tag?post=263288"}],"curies":[{"name":"wp","href":"https:\/\/api.w.org\/{rel}","templated":true}]}}