{"id":263280,"date":"2026-01-13T23:37:49","date_gmt":"2026-01-13T20:37:49","guid":{"rendered":"https:\/\/baldumarket.lt\/product\/projekt-szafy-zadzwon-lub-napisz\/"},"modified":"2026-02-11T18:19:04","modified_gmt":"2026-02-11T15:19:04","slug":"projekt-szafy-zadzwon-lub-napisz","status":"publish","type":"product","link":"https:\/\/baldumarket.lt\/lt\/product\/projekt-szafy-zadzwon-lub-napisz\/","title":{"rendered":"GARDEROB\u0172 DIZAINAS \u2013 skambinkite arba ra\u0161ykite"},"content":{"rendered":"<p>J\u016bs\u0173 poreikiams pritaikyta spinta. Si\u016blome FLEX spint\u0173 konfig\u016bracijas pagal j\u016bs\u0173 pageidavimus. Galite rinktis i\u0161 \u0161i\u0173 variant\u0173: spinta su stumdomomis durimis, spinta su varstomomis durimis, kampin\u0117 spinta, du spint\u0173 auk\u0161\u010diai (218 ir 240 cm), du spint\u0173 gyliai (45 ir 66 cm), spint\u0173 plo\u010diai (nuo 50 iki 260 cm), galimyb\u0117 jungti modulius \u012f didesn\u0119 konstrukcij\u0105, keturios korpuso spalvos (balta, Sonoma \u0105\u017euolas, grafito, Monastery \u0105\u017euolas), platus spint\u0173 fasad\u0173 tip\u0173 ir spalv\u0173 pasirinkimas, platus vidaus furnit\u016bros pasirinkimas (pakabos, lentynos, stal\u010diai, funkcin\u0117s lentynos, vidinis ap\u0161vietimas). FLEX spint\u0173 sistema \u2013 suplanuokite ir sutvarkykite savo daikt\u0173 laikymo erdv\u0119. FLEX spint\u0173 sistemos d\u0117ka pasirinksite tinkamus baldus bet kokio tipo kambariui: prie\u0161kambariui, miegamajam, biurui ar vaik\u0173 kambariui. FLEX spint\u0173 sistema leis jums \u012frengti prakti\u0161k\u0105 ir funkcionali\u0105 spint\u0105, kurioje gal\u0117site tvarkingai laikyti savo ir savo \u0161eimos drabu\u017eius. FLEX spintos yra puikus sprendimas tvarkai palaikyti ir prakti\u0161kai daikt\u0173 laikymo erdvei sukurti. Paskambinkite mums arba para\u0161ykite el. lai\u0161k\u0105 ir m\u016bs\u0173 konsultantai sukonfig\u016bruos jums reikaling\u0105 spint\u0105. Skambinkite: 603 101 097 Ra\u0161ykite mums: esklep@emkameble.pl<\/p>\n<p>Prek\u0117s kodas F57-PROJEKT_SZAFY_1 Simbolis ZM EAN Kolekcija \u201eFlex\u201c Bald\u0173 tipas Drabu\u017ein\u0117s PVM 23% EAN 5906123000260<\/p>","protected":false},"excerpt":{"rendered":"<p>J\u016bs\u0173 poreikiams pritaikyta spinta. Si\u016blome FLEX spint\u0173 konfig\u016bracijas pagal j\u016bs\u0173 pageidavimus. Galite rinktis i\u0161 \u0161i\u0173 variant\u0173: spinta su stumdomomis durimis, spinta su varstomomis durimis, kampin\u0117 spinta, du spint\u0173 auk\u0161\u010diai (218 ir 240 cm), du spint\u0173 gyliai (45 ir 66 cm), spint\u0173 plotiai (nuo 50 iki 260 cm), galimyb\u0117 [\u2026]<\/p>","protected":false},"featured_media":263281,"comment_status":"open","ping_status":"open","template":"","meta":[],"product_brand":[],"product_cat":[9200,1177],"product_tag":[],"class_list":{"0":"post-263280","1":"product","2":"type-product","3":"status-publish","4":"has-post-thumbnail","6":"product_cat-black-red-white","7":"product_cat-wardrobes","9":"first","10":"instock","11":"purchasable","12":"product-type-simple"},"_links":{"self":[{"href":"https:\/\/baldumarket.lt\/lt\/wp-json\/wp\/v2\/product\/263280","targetHints":{"allow":["GET"]}}],"collection":[{"href":"https:\/\/baldumarket.lt\/lt\/wp-json\/wp\/v2\/product"}],"about":[{"href":"https:\/\/baldumarket.lt\/lt\/wp-json\/wp\/v2\/types\/product"}],"replies":[{"embeddable":true,"href":"https:\/\/baldumarket.lt\/lt\/wp-json\/wp\/v2\/comments?post=263280"}],"wp:featuredmedia":[{"embeddable":true,"href":"https:\/\/baldumarket.lt\/lt\/wp-json\/wp\/v2\/media\/263281"}],"wp:attachment":[{"href":"https:\/\/baldumarket.lt\/lt\/wp-json\/wp\/v2\/media?parent=263280"}],"wp:term":[{"taxonomy":"product_brand","embeddable":true,"href":"https:\/\/baldumarket.lt\/lt\/wp-json\/wp\/v2\/product_brand?post=263280"},{"taxonomy":"product_cat","embeddable":true,"href":"https:\/\/baldumarket.lt\/lt\/wp-json\/wp\/v2\/product_cat?post=263280"},{"taxonomy":"product_tag","embeddable":true,"href":"https:\/\/baldumarket.lt\/lt\/wp-json\/wp\/v2\/product_tag?post=263280"}],"curies":[{"name":"wp","href":"https:\/\/api.w.org\/{rel}","templated":true}]}}