{"id":263276,"date":"2026-01-13T23:37:46","date_gmt":"2026-01-13T20:37:46","guid":{"rendered":"https:\/\/baldumarket.lt\/product\/polki-dodatkowe-do-szafy-frija-andersen-pine-white\/"},"modified":"2026-02-11T18:19:04","modified_gmt":"2026-02-11T15:19:04","slug":"polki-dodatkowe-do-szafy-frija-andersen-pine-white","status":"publish","type":"product","link":"https:\/\/baldumarket.lt\/lt\/product\/polki-dodatkowe-do-szafy-frija-andersen-pine-white\/","title":{"rendered":"Papildomos lentynos FRIJA andersen pu\u0161ies baltos spalvos spintai"},"content":{"rendered":"<p>Papildomos \u201eFrija\u201c lentynos \u2013 j\u016bs\u0173 spintoje tilps daugiau. Dvi papildomos lentynos \u201eFrija\u201c spintai \u2013 puikus b\u016bdas pritaikyti miegam\u0105j\u012f pagal j\u016bs\u0173 asmeninius pageidavimus. Skandinavi\u0161ko stiliaus \u201eFrija\u201c spinta yra ne tik patraukli, bet ir prakti\u0161ka, leid\u017eianti sukurti unikali\u0105 ir patogi\u0105 miegamojo erdv\u0119. Joje kiekvienas daiktas ir garderobo detal\u0117 ras savo tobul\u0105 viet\u0105. Papildomos lentynos yra puikus priedas, leid\u017eiantis dar labiau suasmeninti spintos interjer\u0105 pagal j\u016bs\u0173 poreikius. Jas galima pad\u0117ti po b\u0117geliais, tod\u0117l jos idealiai tinka, kai nereikia daug vietos mar\u0161kiniams, striuk\u0117ms ar \u0161varkams pakabinti. \u0160i spintos modifikacija leid\u017eia padidinti sulankstyt\u0173 drabu\u017ei\u0173 laikymo viet\u0105. Galite individualiai nuspr\u0119sti, ar norite pakabinti kai kuriuos daiktus, ar paversti spint\u0105 funkcionalia apatini\u0173 drabu\u017ei\u0173 laikymo vieta. \u201eFrija\u201c kolekcija ne tik pateisina l\u016bkes\u010dius d\u0117l unikalios skandinavi\u0161kos estetikos, bet ir i\u0161siskiria savo vir\u0161 vidutinio funkcionalumo, sukurdama tobul\u0105 interjer\u0105 visi\u0161kam ir patogiam poilsiui.<\/p>\n<p>Prek\u0117s kodas S611-POL-APW Simbolis ZM EAN Plotis 48 cm Gylis 52 cm Auk\u0161tis 1,5 cm Kolekcija Frija Spalva andersen pu\u0161is balta Gaubtas \u0161viesi mediena Stilius Skandinavi\u0161kas Med\u017eiaga laminatas Gamintojas Juoda Raudona Balta Baldo tipas Lentynos PVM 23% EAN 5906123814492<\/p>","protected":false},"excerpt":{"rendered":"<p>Papildomos \u201eFrija\u201c lentynos \u2013 j\u016bs\u0173 spintoje tilps daugiau. Dvi papildomos lentynos \u201eFrija\u201c spintai \u2013 puikus b\u016bdas pritaikyti miegam\u0105j\u012f pagal asmeninius pageidavimus. Skandinavi\u0161ko stiliaus \u201eFrija\u201c spinta yra ne tik patraukli, bet ir prakti\u0161ka, leid\u017eianti sukurti unikali\u0105 ir patogi\u0105 miegamojo erdv\u0119. Su ja kiekvienas daiktas ir spinta [\u2026]<\/p>","protected":false},"featured_media":263277,"comment_status":"open","ping_status":"open","template":"","meta":[],"product_brand":[],"product_cat":[9200,1043],"product_tag":[],"class_list":{"0":"post-263276","1":"product","2":"type-product","3":"status-publish","4":"has-post-thumbnail","6":"product_cat-black-red-white","7":"product_cat-extras","9":"first","10":"instock","11":"purchasable","12":"product-type-simple"},"_links":{"self":[{"href":"https:\/\/baldumarket.lt\/lt\/wp-json\/wp\/v2\/product\/263276","targetHints":{"allow":["GET"]}}],"collection":[{"href":"https:\/\/baldumarket.lt\/lt\/wp-json\/wp\/v2\/product"}],"about":[{"href":"https:\/\/baldumarket.lt\/lt\/wp-json\/wp\/v2\/types\/product"}],"replies":[{"embeddable":true,"href":"https:\/\/baldumarket.lt\/lt\/wp-json\/wp\/v2\/comments?post=263276"}],"wp:featuredmedia":[{"embeddable":true,"href":"https:\/\/baldumarket.lt\/lt\/wp-json\/wp\/v2\/media\/263277"}],"wp:attachment":[{"href":"https:\/\/baldumarket.lt\/lt\/wp-json\/wp\/v2\/media?parent=263276"}],"wp:term":[{"taxonomy":"product_brand","embeddable":true,"href":"https:\/\/baldumarket.lt\/lt\/wp-json\/wp\/v2\/product_brand?post=263276"},{"taxonomy":"product_cat","embeddable":true,"href":"https:\/\/baldumarket.lt\/lt\/wp-json\/wp\/v2\/product_cat?post=263276"},{"taxonomy":"product_tag","embeddable":true,"href":"https:\/\/baldumarket.lt\/lt\/wp-json\/wp\/v2\/product_tag?post=263276"}],"curies":[{"name":"wp","href":"https:\/\/api.w.org\/{rel}","templated":true}]}}