{"id":263272,"date":"2026-01-13T23:37:43","date_gmt":"2026-01-13T20:37:43","guid":{"rendered":"https:\/\/baldumarket.lt\/product\/polki-do-szafy-osaka-textil\/"},"modified":"2026-02-11T18:19:04","modified_gmt":"2026-02-11T15:19:04","slug":"polki-do-szafy-osaka-textil","status":"publish","type":"product","link":"https:\/\/baldumarket.lt\/lt\/product\/polki-do-szafy-osaka-textil\/","title":{"rendered":"Lentynos tekstilin\u0117s spintos OSAKA"},"content":{"rendered":"<p>Osakos spintos lentynos \u2013 pritaikykite savo daikt\u0173 laikymo b\u016bd\u0105. I\u0161pl\u0117skite savo spintos daikt\u0173 laikymo galimybes su Osakos spintos lentynomis. \u0160is dviej\u0173 lentyn\u0173 komplektas ne tik padidins erdv\u0119 daiktams laikyti, bet ir leis jums pritaikyti tvark\u0105 pagal savo poreikius. Pilkos drob\u0117s spalvos papildomos lentynos suteiks j\u016bs\u0173 spintai subtilumo ir stiliaus. Dvi papildomos lentynos yra prakti\u0161kas erdv\u0117s i\u0161pl\u0117timas j\u016bs\u0173 Osakos spintoje. Dabar galite laikyti daugiau drabu\u017ei\u0173, aksesuar\u0173 ar kit\u0173 smulki\u0173 daikt\u0173, i\u0161laikydami tvark\u0105. Osakos spintos lentynos suteikia jums visi\u0161k\u0105 spintos organizavimo kontrol\u0119. J\u0173 d\u0117ka galite pritaikyti lentyn\u0173 i\u0161d\u0117stym\u0105 pagal savo poreikius, sukurdami asmenin\u012f daikt\u0173 laikymo b\u016bd\u0105. Stilinga pilka drob\u0117s spalva.<br \/>\nPilka drob\u0117s spalva suteikia \u201eOsaka\u201c spintos lentynoms ne tik funkcionalumo, bet ir stilingo dizaino. \u0160ios lentynos ne tik supaprastins daikt\u0173 laikym\u0105, bet ir suteiks j\u016bs\u0173 spintai subtilumo bei elegancijos. \u201eOsaka\u201c spintos lentynos \u2013 tai paprastas b\u016bdas pagerinti savo spintos tvark\u0105. Investuokite \u012f jas, kad gal\u0117tum\u0117te m\u0117gautis didesne daikt\u0173 laikymo erdve, pritaikyta j\u016bs\u0173 poreikiams. Suteikite savo spintai nauj\u0173 daikt\u0173 laikymo galimybi\u0173 ir m\u0117gaukit\u0117s organizuotu interjeru su \u201eOsaka\u201c spintos papildomomis lentynomis.<\/p>\n<p>Prek\u0117s kodas F72-POL\/107-TX Simbolis ZM EAN Plotis 106,7 cm Gylis 45 cm Kolekcija Osaka Spalva tekstil\u0117 Atspalvis pilka Stilius modernus Med\u017eiaga laminatas Gamintojas Juoda Raudona Balta Baldo tipas Lentynos PVM 23% EAN 5906123851039<\/p>","protected":false},"excerpt":{"rendered":"<p>Osaka Wardrobe Shelves &#8211; Customize Your Storage. Gain greater storage options for your wardrobe with Osaka Wardrobe Shelves. This set of two shelves will not only increase storage space but also allow you to customize the organization to your needs. In a gray canvas color, the additional shelves will add subtlety and style to your [&hellip;]<\/p>","protected":false},"featured_media":0,"comment_status":"open","ping_status":"open","template":"","meta":[],"product_brand":[],"product_cat":[9200,1043],"product_tag":[],"class_list":{"0":"post-263272","1":"product","2":"type-product","3":"status-publish","5":"product_cat-black-red-white","6":"product_cat-extras","8":"first","9":"instock","10":"purchasable","11":"product-type-simple"},"_links":{"self":[{"href":"https:\/\/baldumarket.lt\/lt\/wp-json\/wp\/v2\/product\/263272","targetHints":{"allow":["GET"]}}],"collection":[{"href":"https:\/\/baldumarket.lt\/lt\/wp-json\/wp\/v2\/product"}],"about":[{"href":"https:\/\/baldumarket.lt\/lt\/wp-json\/wp\/v2\/types\/product"}],"replies":[{"embeddable":true,"href":"https:\/\/baldumarket.lt\/lt\/wp-json\/wp\/v2\/comments?post=263272"}],"wp:attachment":[{"href":"https:\/\/baldumarket.lt\/lt\/wp-json\/wp\/v2\/media?parent=263272"}],"wp:term":[{"taxonomy":"product_brand","embeddable":true,"href":"https:\/\/baldumarket.lt\/lt\/wp-json\/wp\/v2\/product_brand?post=263272"},{"taxonomy":"product_cat","embeddable":true,"href":"https:\/\/baldumarket.lt\/lt\/wp-json\/wp\/v2\/product_cat?post=263272"},{"taxonomy":"product_tag","embeddable":true,"href":"https:\/\/baldumarket.lt\/lt\/wp-json\/wp\/v2\/product_tag?post=263272"}],"curies":[{"name":"wp","href":"https:\/\/api.w.org\/{rel}","templated":true}]}}