{"id":263261,"date":"2026-01-13T23:37:35","date_gmt":"2026-01-13T20:37:35","guid":{"rendered":"https:\/\/baldumarket.lt\/product\/polki-do-szafy-dwudrzwiowej-z-szuflada-kassel-dab-monastery\/"},"modified":"2026-02-11T18:19:04","modified_gmt":"2026-02-11T15:19:04","slug":"polki-do-szafy-dwudrzwiowej-z-szuflada-kassel-dab-monastery","status":"publish","type":"product","link":"https:\/\/baldumarket.lt\/lt\/product\/polki-do-szafy-dwudrzwiowej-z-szuflada-kassel-dab-monastery\/","title":{"rendered":"Lentynos KASSEL dviej\u0173 dur\u0173 spintai su stal\u010diumi, vienuolyno \u0105\u017euolas"},"content":{"rendered":"<p>\u201eKassel\u201c lentynos \u2013 pad\u0117s sutvarkyti j\u016bs\u0173 garderob\u0105. \u201eKassel\u201c kolekcija leid\u017eia lengvai sukurti modern\u0173 miegamojo dizain\u0105. Jei vertinate \u0161io stiliaus paprastum\u0105 ir elegancij\u0105, jus tikrai nustebins novatori\u0161ki sprendimai, kurie supaprastins kasdien\u012f gyvenim\u0105.<\/p>\n<p>Ar \u017einote efektyvaus drabu\u017ei\u0173 laikymo paslapt\u012f? Tai \u2013 sukurti speciali\u0105 erdv\u0119, kurioje gal\u0117tum\u0117te lengvai susisteminti savo drabu\u017eius. Dvi \u201eKassel\u201c spintos lentynos \u2013 puikus sprendimas, idealiai deran\u010dios prie spintos i\u0161or\u0117s.<br \/>\nLentynos, apdailintos vienuolyno \u0105\u017euolo spalva, papildo bendr\u0105 bald\u0173 estetik\u0105.<br \/>\nDerinkite atskirus \u201eKassel\u201c kolekcijos elementus pagal savo individualius poreikius ir l\u016bkes\u010dius.<\/p>\n<p>Prek\u0117s kodas L99-POL\/98-DMON Simbolis ZM EAN Plotis 98 cm Gylis 48 cm Auk\u0161tis 2,2 cm Kolekcija Kassel Spalva vienuolyno \u0105\u017euolas Atspalvis tamsi mediena Stilius modernus Med\u017eiaga laminatas Gamintojas Juoda Raudona Balta Baldo tipas Lentynos PVM 23% EAN 5906123604567<\/p>","protected":false},"excerpt":{"rendered":"<p>\u201eKassel\u201c lentynos \u2013 pad\u0117s sutvarkyti j\u016bs\u0173 garderob\u0105. \u201eKassel\u201c kolekcija leid\u017eia lengvai sukurti modern\u0173 miegamojo dizain\u0105. Jei vertinate \u0161io stiliaus paprastum\u0105 ir elegancij\u0105, jus tikrai nustebins novatori\u0161ki sprendimai, kurie supaprastins kasdien\u012f gyvenim\u0105. Ar \u017einote efektyvaus drabu\u017ei\u0173 laikymo paslapt\u012f? Tai \u2013 sukurti [\u2026]<\/p>","protected":false},"featured_media":263262,"comment_status":"open","ping_status":"open","template":"","meta":[],"product_brand":[],"product_cat":[9200,1043],"product_tag":[],"class_list":{"0":"post-263261","1":"product","2":"type-product","3":"status-publish","4":"has-post-thumbnail","6":"product_cat-black-red-white","7":"product_cat-extras","9":"first","10":"instock","11":"purchasable","12":"product-type-simple"},"_links":{"self":[{"href":"https:\/\/baldumarket.lt\/lt\/wp-json\/wp\/v2\/product\/263261","targetHints":{"allow":["GET"]}}],"collection":[{"href":"https:\/\/baldumarket.lt\/lt\/wp-json\/wp\/v2\/product"}],"about":[{"href":"https:\/\/baldumarket.lt\/lt\/wp-json\/wp\/v2\/types\/product"}],"replies":[{"embeddable":true,"href":"https:\/\/baldumarket.lt\/lt\/wp-json\/wp\/v2\/comments?post=263261"}],"wp:featuredmedia":[{"embeddable":true,"href":"https:\/\/baldumarket.lt\/lt\/wp-json\/wp\/v2\/media\/263262"}],"wp:attachment":[{"href":"https:\/\/baldumarket.lt\/lt\/wp-json\/wp\/v2\/media?parent=263261"}],"wp:term":[{"taxonomy":"product_brand","embeddable":true,"href":"https:\/\/baldumarket.lt\/lt\/wp-json\/wp\/v2\/product_brand?post=263261"},{"taxonomy":"product_cat","embeddable":true,"href":"https:\/\/baldumarket.lt\/lt\/wp-json\/wp\/v2\/product_cat?post=263261"},{"taxonomy":"product_tag","embeddable":true,"href":"https:\/\/baldumarket.lt\/lt\/wp-json\/wp\/v2\/product_tag?post=263261"}],"curies":[{"name":"wp","href":"https:\/\/api.w.org\/{rel}","templated":true}]}}