{"id":263257,"date":"2026-01-13T23:37:32","date_gmt":"2026-01-13T20:37:32","guid":{"rendered":"https:\/\/baldumarket.lt\/product\/polki-do-szafy-dwudrzwiowej-space-office-dab-artisan\/"},"modified":"2026-02-11T18:19:04","modified_gmt":"2026-02-11T15:19:04","slug":"polki-do-szafy-dwudrzwiowej-space-office-dab-artisan","status":"publish","type":"product","link":"https:\/\/baldumarket.lt\/lt\/product\/polki-do-szafy-dwudrzwiowej-space-office-dab-artisan\/","title":{"rendered":"Dviej\u0173 dur\u0173 spintos SPACE OFFICE lentynos, \u0105\u017euolo imitacija"},"content":{"rendered":"<p>\u201eSpace Office\u201c spint\u0173 lentynos \u2013 j\u016bs\u0173 erdv\u0117, j\u016bs\u0173 taisykl\u0117s. \u201eSpace Office\u201c serijoje inovacijos dera su funkcionalumu, o papildomos spint\u0173 lentynos tampa pagrindiniu elementu, leid\u017eian\u010diu pritaikyti baldus individualiems biuro poreikiams. \u0160is modulinis sprendimas suteikia jums visi\u0161k\u0105 erdv\u0117s organizavimo kontrol\u0119 ir sukuria baldus, pritaikytus j\u016bs\u0173 l\u016bkes\u010diams. Papildomos \u201eSpace Office\u201c serijos spint\u0173 lentynos leid\u017eia jums formuoti erdv\u0119 pagal savo poreikius. Nesvarbu, ar jums labiau patinka u\u017edaros komodos, ar atviros lentynos, \u0161ios lentynos puikiai prisitaiko prie plo\u010dio ir gylio, suteikdamos visi\u0161k\u0105 laisv\u0119 organizuojant j\u016bs\u0173 biuro erdv\u0119. Auk\u0161tos kokyb\u0117s laminuota plok\u0161t\u0117 yra \u201eSpace Office\u201c bald\u0173 patvarumo pagrindas. Papildomos lentynos i\u0161laiko eleganti\u0161k\u0105 i\u0161vaizd\u0105, o atsparumas \u012fbr\u0117\u017eimams u\u017etikrina ilgalaik\u012f naudojim\u0105. Madinga \u201eAristan Oak\u201c spalva suteikia ne tik modern\u0173 charakter\u012f, bet ir stilistin\u012f nuoseklum\u0105 visai serijai. Papildomos \u201eSpace Office\u201c spintos lentynos yra paprastas b\u016bdas padidinti bald\u0173 funkcionalum\u0105. Surinkimas yra greitas ir intuityvus, o rezultatai matomi i\u0161 karto. Suk\u016br\u0119 tobul\u0105 lentyn\u0173 blok\u0105, pritaikyt\u0105 j\u016bs\u0173 biurui, j\u016bs kontroliuojate savo erdv\u0119 ir efektyviai valdote savo darbo viet\u0105. Su papildomomis \u201eSpace Office\u201c bloko lentynomis j\u016bs\u0173 biuras tampa vieta, pilna galimybi\u0173. Sukurkite baldus, kurie idealiai atitikt\u0173 j\u016bs\u0173 poreikius, ir i\u0161reik\u0161kite savo individualum\u0105 organizuodami savo erdv\u0119. \u201eSpace Office\u201c \u2013 tai ne tik baldai; tai darbo filosofija, kurioje kiekviena detal\u0117 yra j\u016bs\u0173 kontroliuojama.<\/p>\n<p>Prek\u0117s kodas S479-SZF2D\/200_OPCJA-DASN Simbolis ZM EAN Plotis 76,2 cm Gylis 32,5 cm Kolekcija Erdv\u0117 Biuras Spalva meni\u0161ko \u0105\u017euolo atspalvis \u0161viesi mediena Stilius modernus Med\u017eiaga laminatas Gamintojas Juoda Raudona Balta Baldo tipas Spintos PVM 23% EAN 5906123707930<\/p>","protected":false},"excerpt":{"rendered":"<p>\u201eSpace Office\u201c spint\u0173 lentynos \u2013 j\u016bs\u0173 erdv\u0117, j\u016bs\u0173 taisykl\u0117s. \u201eSpace Office\u201c serijoje inovacijos dera su funkcionalumu, o papildomos spint\u0173 lentynos tampa pagrindiniu elementu, leid\u017eian\u010diu pritaikyti baldus individualiems biuro poreikiams. \u0160is modulinis sprendimas suteikia jums visi\u0161k\u0105 erdv\u0117s organizavimo kontrol\u0119 ir sukuria baldus, pritaikytus j\u016bs\u0173 l\u016bkes\u010diams. Papildoma spinta [\u2026]<\/p>","protected":false},"featured_media":263258,"comment_status":"open","ping_status":"open","template":"","meta":[],"product_brand":[],"product_cat":[9200,1043],"product_tag":[],"class_list":{"0":"post-263257","1":"product","2":"type-product","3":"status-publish","4":"has-post-thumbnail","6":"product_cat-black-red-white","7":"product_cat-extras","9":"first","10":"instock","11":"purchasable","12":"product-type-simple"},"_links":{"self":[{"href":"https:\/\/baldumarket.lt\/lt\/wp-json\/wp\/v2\/product\/263257","targetHints":{"allow":["GET"]}}],"collection":[{"href":"https:\/\/baldumarket.lt\/lt\/wp-json\/wp\/v2\/product"}],"about":[{"href":"https:\/\/baldumarket.lt\/lt\/wp-json\/wp\/v2\/types\/product"}],"replies":[{"embeddable":true,"href":"https:\/\/baldumarket.lt\/lt\/wp-json\/wp\/v2\/comments?post=263257"}],"wp:featuredmedia":[{"embeddable":true,"href":"https:\/\/baldumarket.lt\/lt\/wp-json\/wp\/v2\/media\/263258"}],"wp:attachment":[{"href":"https:\/\/baldumarket.lt\/lt\/wp-json\/wp\/v2\/media?parent=263257"}],"wp:term":[{"taxonomy":"product_brand","embeddable":true,"href":"https:\/\/baldumarket.lt\/lt\/wp-json\/wp\/v2\/product_brand?post=263257"},{"taxonomy":"product_cat","embeddable":true,"href":"https:\/\/baldumarket.lt\/lt\/wp-json\/wp\/v2\/product_cat?post=263257"},{"taxonomy":"product_tag","embeddable":true,"href":"https:\/\/baldumarket.lt\/lt\/wp-json\/wp\/v2\/product_tag?post=263257"}],"curies":[{"name":"wp","href":"https:\/\/api.w.org\/{rel}","templated":true}]}}