{"id":263251,"date":"2026-01-13T23:37:27","date_gmt":"2026-01-13T20:37:27","guid":{"rendered":"https:\/\/baldumarket.lt\/product\/polki-do-szafy-brando-textil\/"},"modified":"2026-02-11T18:19:05","modified_gmt":"2026-02-11T15:19:05","slug":"polki-do-szafy-brando-textil","status":"publish","type":"product","link":"https:\/\/baldumarket.lt\/lt\/product\/polki-do-szafy-brando-textil\/","title":{"rendered":"BRANDO tekstilin\u0117s spintos lentynos"},"content":{"rendered":"<p>\u201eBrando\u201c spintos lentyn\u0173 komplektas \u2013 optimizuokite erdv\u0119 ir sutvarkykite savo garderob\u0105. \u201eBrando\u201c spintos lentynos yra pagrindinis elementas, leis jums dar labiau pritaikyti savo spintos interjer\u0105 pagal savo poreikius. \u0160is nedidelis priedas gali \u017eymiai pagerinti j\u016bs\u0173 spintos, prie\u0161kambario ar miegamojo organizuotum\u0105 ir i\u0161d\u0117stym\u0105. \u201eBrando\u201c spintos lentyn\u0173 komplektas si\u016blo ne tik praktinius sprendimus, bet ir leid\u017eia patiems susikurti savo garderob\u0105. Nuspr\u0119skite, kaip i\u0161d\u0117styti lentynas, kad jos puikiai atitikt\u0173 j\u016bs\u0173 l\u016bkes\u010dius ir pad\u0117t\u0173 palaikyti tvark\u0105. \u0160ios papildomos lentynos kei\u010dia drabu\u017ei\u0173 laikymo tvark\u0105, sukurdamos naujas zonas, kurios palengvina m\u0117gstamiausi\u0173 garderobo element\u0173 paie\u0161k\u0105. Jos suteikia jums didesn\u0119 drabu\u017ei\u0173 kontrol\u0119 \u2013 nuo m\u0117gstamiausi\u0173 mar\u0161kin\u0117li\u0173 iki megztinio, sportinio d\u017eemperio ar d\u017eins\u0173. \u201eBrando\u201c spintos aksesuarai si\u016blo ne tik funkcionalum\u0105, bet ir galimyb\u0119 suasmeninti interjer\u0105 pagal savo pageidavimus. Su papildomomis lentynomis galite maksimaliai i\u0161naudoti savo spintos potencial\u0105, pritaikydami j\u0105 prie savo individuali\u0173 poreiki\u0173. \u012esigij\u0119 lentynas savo \u201eBrando\u201c spintai, drabu\u017ei\u0173 laikymas ir i\u0161d\u0117stymas tampa tikru malonumu. Kiekvienas j\u016bs\u0173 spintos daiktas nusipelno optimalaus laikymo, o \u201eBrando 4\u201c spintos lentyn\u0173 komplektas pad\u0117s jums tai pasiekti. Optimizuokite savo erdv\u0119 ir m\u0117gaukit\u0117s tvarkinga garderobu!<\/p>\n<p>Prek\u0117s kodas F80-POL_I-TX Simbolis ZM EAN Plotis 48 cm Gylis 43 cm Kolekcija Brando Spalva tekstil\u0117 Atspalvis pilka Stilius modernus Med\u017eiaga laminatas Gamintojas Juoda Raudona Balta Baldo tipas Lentynos PVM 23% EAN 5906123851268<\/p>","protected":false},"excerpt":{"rendered":"<p>Brando Wardrobe Shelf Set \u2013 Optimize Space and Organize Your Wardrobe. Brando wardrobe shelves are a key element that will allow you to further customize your wardrobe&#8217;s interior to your needs. This small addition can significantly improve the organization and layout of your wardrobe, hallway, or bedroom. The Brando wardrobe shelf set offers not only [&hellip;]<\/p>","protected":false},"featured_media":263252,"comment_status":"open","ping_status":"open","template":"","meta":[],"product_brand":[],"product_cat":[9200,1043],"product_tag":[],"class_list":{"0":"post-263251","1":"product","2":"type-product","3":"status-publish","4":"has-post-thumbnail","6":"product_cat-black-red-white","7":"product_cat-extras","9":"first","10":"instock","11":"purchasable","12":"product-type-simple"},"_links":{"self":[{"href":"https:\/\/baldumarket.lt\/lt\/wp-json\/wp\/v2\/product\/263251","targetHints":{"allow":["GET"]}}],"collection":[{"href":"https:\/\/baldumarket.lt\/lt\/wp-json\/wp\/v2\/product"}],"about":[{"href":"https:\/\/baldumarket.lt\/lt\/wp-json\/wp\/v2\/types\/product"}],"replies":[{"embeddable":true,"href":"https:\/\/baldumarket.lt\/lt\/wp-json\/wp\/v2\/comments?post=263251"}],"wp:featuredmedia":[{"embeddable":true,"href":"https:\/\/baldumarket.lt\/lt\/wp-json\/wp\/v2\/media\/263252"}],"wp:attachment":[{"href":"https:\/\/baldumarket.lt\/lt\/wp-json\/wp\/v2\/media?parent=263251"}],"wp:term":[{"taxonomy":"product_brand","embeddable":true,"href":"https:\/\/baldumarket.lt\/lt\/wp-json\/wp\/v2\/product_brand?post=263251"},{"taxonomy":"product_cat","embeddable":true,"href":"https:\/\/baldumarket.lt\/lt\/wp-json\/wp\/v2\/product_cat?post=263251"},{"taxonomy":"product_tag","embeddable":true,"href":"https:\/\/baldumarket.lt\/lt\/wp-json\/wp\/v2\/product_tag?post=263251"}],"curies":[{"name":"wp","href":"https:\/\/api.w.org\/{rel}","templated":true}]}}