{"id":263243,"date":"2026-01-13T23:37:21","date_gmt":"2026-01-13T20:37:21","guid":{"rendered":"https:\/\/baldumarket.lt\/product\/polki-98-cm-do-szafy-przesuwnej-loksa-sosna-andersen-biala\/"},"modified":"2026-02-11T18:19:05","modified_gmt":"2026-02-11T15:19:05","slug":"polki-98-cm-do-szafy-przesuwnej-loksa-sosna-andersen-biala","status":"publish","type":"product","link":"https:\/\/baldumarket.lt\/lt\/product\/polki-98-cm-do-szafy-przesuwnej-loksa-sosna-andersen-biala\/","title":{"rendered":"98 cm lentynos LOKSA stumdomoms spintoms, Andersen pu\u0161is, balta"},"content":{"rendered":"<p>98 cm \u201eLoksa\u201c lentynos \u2013 funkcionalumas ir tvarka j\u016bs\u0173 spintoje. \u201eLoksa\u201c kolekcija leid\u017eia susikurti modern\u0173 ir funkcional\u0173 miegam\u0105j\u012f. Jei vertinate paprast\u0105 ir eleganti\u0161k\u0105 stili\u0173, tikrai \u012fvertinsite praktinius sprendimus, kurie supaprastins kasdien\u012f gyvenim\u0105. Efektyvaus drabu\u017ei\u0173 laikymo raktas \u2013 tinkama organizavimas. Tam puikiai tinka dviej\u0173 \u201eLoksa\u201c spintos lentyn\u0173 komplektas. \u0160ios 98 cm plo\u010dio lentynos yra specialiai sukurtos patalpinti i\u0161orin\u0117se \u201eLoksa\u201c spintos dalyse. Jos suteikia papildomos vietos daiktams susid\u0117ti, kuri pad\u0117s geriau sutvarkyti j\u016bs\u0173 spint\u0105. Baltos \u201eAndersen\u201c pu\u0161ies lentynos puikiai papildo bald\u0173 stili\u0173, sukurdamos harmoning\u0105 ir darni\u0105 visum\u0105. \u201eLoksa\u201c lentynos ne tik pagerina j\u016bs\u0173 spintos funkcionalum\u0105, bet ir leid\u017eia maksimaliai i\u0161naudoti turim\u0105 erdv\u0119. Jos leid\u017eia lengvai palaikyti tvark\u0105 ir organizuoti drabu\u017eius taip, kad b\u016bt\u0173 lengviau kasdien naudotis spinta. \u201eLoksa\u201c kolekcija leid\u017eia laisvai derinti \u012fvairius elementus, kad jie geriausiai atitikt\u0173 j\u016bs\u0173 poreikius ir l\u016bkes\u010dius. Prid\u0117j\u0119 lentynas ir kitus \u0161ios kolekcijos baldus, sukursite tobul\u0105 daikt\u0173 laikymo erdv\u0119, u\u017etikrindami komfort\u0105 ir tvark\u0105 kiekvien\u0105 dien\u0105.<\/p>\n<p>Prek\u0117s kodas S455-POL\/98-APW Plotis 98 cm Gylis 48 cm Auk\u0161tis 2,2 cm Kolekcija Loksa Spalva Anderseno pu\u0161is balta Gaubtas \u0161viesi mediena Stilius Skandinavi\u0161kas Med\u017eiaga laminatas Gamintojas Juoda Raudona Balta Bald\u0173 tipas Lentynos PVM 23% EAN 5906123030960<\/p>","protected":false},"excerpt":{"rendered":"<p>Loksa 98 cm Shelves \u2013 Functionality and Order in Your Wardrobe. The Loksa collection allows you to create a modern and functional bedroom. If you appreciate its simple and elegant style, you&#8217;ll certainly appreciate the practical solutions that will simplify everyday life. The key to effective clothing storage is proper organization. A set of two [&hellip;]<\/p>","protected":false},"featured_media":263244,"comment_status":"open","ping_status":"open","template":"","meta":[],"product_brand":[],"product_cat":[9200,1043],"product_tag":[],"class_list":{"0":"post-263243","1":"product","2":"type-product","3":"status-publish","4":"has-post-thumbnail","6":"product_cat-black-red-white","7":"product_cat-extras","9":"first","10":"instock","11":"purchasable","12":"product-type-simple"},"_links":{"self":[{"href":"https:\/\/baldumarket.lt\/lt\/wp-json\/wp\/v2\/product\/263243","targetHints":{"allow":["GET"]}}],"collection":[{"href":"https:\/\/baldumarket.lt\/lt\/wp-json\/wp\/v2\/product"}],"about":[{"href":"https:\/\/baldumarket.lt\/lt\/wp-json\/wp\/v2\/types\/product"}],"replies":[{"embeddable":true,"href":"https:\/\/baldumarket.lt\/lt\/wp-json\/wp\/v2\/comments?post=263243"}],"wp:featuredmedia":[{"embeddable":true,"href":"https:\/\/baldumarket.lt\/lt\/wp-json\/wp\/v2\/media\/263244"}],"wp:attachment":[{"href":"https:\/\/baldumarket.lt\/lt\/wp-json\/wp\/v2\/media?parent=263243"}],"wp:term":[{"taxonomy":"product_brand","embeddable":true,"href":"https:\/\/baldumarket.lt\/lt\/wp-json\/wp\/v2\/product_brand?post=263243"},{"taxonomy":"product_cat","embeddable":true,"href":"https:\/\/baldumarket.lt\/lt\/wp-json\/wp\/v2\/product_cat?post=263243"},{"taxonomy":"product_tag","embeddable":true,"href":"https:\/\/baldumarket.lt\/lt\/wp-json\/wp\/v2\/product_tag?post=263243"}],"curies":[{"name":"wp","href":"https:\/\/api.w.org\/{rel}","templated":true}]}}