{"id":263232,"date":"2026-01-13T23:37:13","date_gmt":"2026-01-13T20:37:13","guid":{"rendered":"https:\/\/baldumarket.lt\/product\/polka-wiszaca-zele-135-cm-dab-wotan\/"},"modified":"2026-02-11T18:19:05","modified_gmt":"2026-02-11T15:19:05","slug":"polka-wiszaca-zele-135-cm-dab-wotan","status":"publish","type":"product","link":"https:\/\/baldumarket.lt\/lt\/product\/polka-wiszaca-zele-135-cm-dab-wotan\/","title":{"rendered":"ZELE pakabinama lentyna 135 cm wotan \u0105\u017euolas"},"content":{"rendered":"<p>\u201eZele\u201c lentyna \u2013 daugyb\u0117 i\u0161d\u0117stymo variant\u0173. Jei ie\u0161kote baldo, kuris prapl\u0117st\u0173 j\u016bs\u0173 interjero dizaino galimybes moderniu ir minimalistiniu stiliumi, \u201eZele\u201c lentyna yra puikus sprendimas. \u201eZele\u201c kolekcija \u017einoma d\u0117l savo paprast\u0173 form\u0173, kurios puikiai atitinka modulin\u0119 tendencij\u0105, o \u201eZele\u201c lentyna t\u0119sia \u0161\u012f estetin\u012f po\u017ei\u016br\u012f. \u201eZele\u201c lentyn\u0105 galima i\u0161pl\u0117sti ant esam\u0173 spinteli\u0173, toki\u0173 kaip komoda ar televizoriaus stovas. Jos 135 cm ilgis yra puiki vieta eksponuoti bet kokius daiktus \u2013 nuo knyg\u0173 iki dekoracij\u0173 ar nuotrauk\u0173. Papildomas privalumas \u2013 galin\u0117 sienel\u0117, kuri sutvirtina lentyn\u0105 ir suteikia stabilumo. \u201eZele\u201c lentyna yra \u201eWotan Oak\u201c medienos, kuri puikiai papildo \u201eZele\u201c kolekcij\u0105, suteikdama jai \u0161ilt\u0105 ir nat\u016bral\u0173 poj\u016bt\u012f. \u0160is medienos atspalvis yra universalus ir tinka \u012fvairiems interjero dizainams, tod\u0117l lentyna yra dar universalesn\u0117. \u201eZele\u201c lentyna yra universalus elementas, kur\u012f galima derinti su kitais \u201eZele\u201c kolekcijos elementais, sukuriant darni\u0105 ir ergonomi\u0161k\u0105 erdv\u0119 svetain\u0117je, miegamajame ar jaunimo kambaryje. J\u0105 galite naudoti kaip dekoratyvin\u012f element\u0105 arba m\u0117gstamiems daiktams laikyti ar eksponuoti, taip maksimaliai i\u0161naudodami turim\u0105 erdv\u0119. Trumpai tariant, \u201eZele\u201c lentyna yra ne tik prakti\u0161kas baldas, bet ir b\u016bdas i\u0161pl\u0117sti interjero dizaino galimybes. D\u0117l minimalistinio dizaino, patvarios konstrukcijos ir lanks\u010di\u0173 i\u0161d\u0117stymo galimybi\u0173 ji taps gyvybi\u0161kai svarbia j\u016bs\u0173 interjero dalimi. I\u0161bandykite j\u0105 ir pamatysite, kaip ji gali pakeisti j\u016bs\u0173 kambario i\u0161vaizd\u0105 ir funkcionalum\u0105.<\/p>\n<p>Prek\u0117s kodas S383-POL\/135-DWO Simbolis ZM EAN Plotis 135 cm Gylis 18,5 cm Auk\u0161tis 20 cm Kolekcija Zele Spalva wotan \u0105\u017euolas Gaubtas \u0161viesi mediena Stilius modernus Med\u017eiaga laminatas Gamintojas Juoda Raudona Balta Baldo tipas Lentynos PVM 23% EAN 5906123928717<\/p>","protected":false},"excerpt":{"rendered":"<p>Zele Shelf \u2013 Multiple Arrangement Options. If you&#8217;re looking for a piece that will expand your interior design options in a modern and minimalist style, the Zele shelf is the perfect solution. The Zele collection is known for its simple forms that perfectly fit the modular trend, and the Zele shelf continues this aesthetic approach. [&hellip;]<\/p>","protected":false},"featured_media":263233,"comment_status":"open","ping_status":"open","template":"","meta":[],"product_brand":[],"product_cat":[9200,1174],"product_tag":[],"class_list":{"0":"post-263232","1":"product","2":"type-product","3":"status-publish","4":"has-post-thumbnail","6":"product_cat-black-red-white","7":"product_cat-hanging-shelves","9":"first","10":"instock","11":"purchasable","12":"product-type-simple"},"_links":{"self":[{"href":"https:\/\/baldumarket.lt\/lt\/wp-json\/wp\/v2\/product\/263232","targetHints":{"allow":["GET"]}}],"collection":[{"href":"https:\/\/baldumarket.lt\/lt\/wp-json\/wp\/v2\/product"}],"about":[{"href":"https:\/\/baldumarket.lt\/lt\/wp-json\/wp\/v2\/types\/product"}],"replies":[{"embeddable":true,"href":"https:\/\/baldumarket.lt\/lt\/wp-json\/wp\/v2\/comments?post=263232"}],"wp:featuredmedia":[{"embeddable":true,"href":"https:\/\/baldumarket.lt\/lt\/wp-json\/wp\/v2\/media\/263233"}],"wp:attachment":[{"href":"https:\/\/baldumarket.lt\/lt\/wp-json\/wp\/v2\/media?parent=263232"}],"wp:term":[{"taxonomy":"product_brand","embeddable":true,"href":"https:\/\/baldumarket.lt\/lt\/wp-json\/wp\/v2\/product_brand?post=263232"},{"taxonomy":"product_cat","embeddable":true,"href":"https:\/\/baldumarket.lt\/lt\/wp-json\/wp\/v2\/product_cat?post=263232"},{"taxonomy":"product_tag","embeddable":true,"href":"https:\/\/baldumarket.lt\/lt\/wp-json\/wp\/v2\/product_tag?post=263232"}],"curies":[{"name":"wp","href":"https:\/\/api.w.org\/{rel}","templated":true}]}}