{"id":263229,"date":"2026-01-13T23:37:11","date_gmt":"2026-01-13T20:37:11","guid":{"rendered":"https:\/\/baldumarket.lt\/product\/polka-wiszaca-torin-180-cm-dab-ribbeck-braz\/"},"modified":"2026-02-11T18:19:05","modified_gmt":"2026-02-11T15:19:05","slug":"polka-wiszaca-torin-180-cm-dab-ribbeck-braz","status":"publish","type":"product","link":"https:\/\/baldumarket.lt\/lt\/product\/polka-wiszaca-torin-180-cm-dab-ribbeck-braz\/","title":{"rendered":"TORIN kabanti lentyna 180 cm, riev\u0117ta \u0105\u017euolo ruda spalva"},"content":{"rendered":"<p>\u201eTorin\u201c lentyna \u2013 eleganti\u0161ka j\u016bs\u0173 stiliaus ekspozicija. Jei svajojate apie stiling\u0105 ir tvirt\u0105 svetain\u0119, bet vis dar ie\u0161kote tobul\u0173 bald\u0173, \u201eTorin\u201c kolekcija gali b\u016bti atsakymas. Ji sukuria funkcionali\u0105 erdv\u0119, palanki\u0105 tiek pramogoms, tiek poilsiui. Vienas i\u0161 unikali\u0173 jos element\u0173 yra \u201eTorin\u201c lentyna. Atvira lentyna, padalinta \u012f dvi dalis, leid\u017eia eksponuoti tiek knygas, tiek dekoratyvinius daiktus, tokius kaip vazos ar kvapiosios \u017evak\u0117s. Tai puiki vieta eksponuoti \u012fra\u0161\u0173 kolekcij\u0105 ar \u0161ventinius suvenyrus. Tamsiai ruda \u201eRibbeck\u201c \u0105\u017euolo spalva puikiai kontrastuoja su \u0161viesia siena, sukurdama ry\u0161k\u0173 derin\u012f. \u017dinoma, galite eksperimentuoti ir su kitais spalv\u0173 deriniais. Tvirta galin\u0117 plok\u0161t\u0117 leid\u017eia lengvai pakabinti lentyn\u0105 ir jos \u0161onus bet kokiame auk\u0161tyje, tod\u0117l galite j\u0105 pritaikyti pagal savo poreikius. 180 cm plo\u010dio lentyna puikiai tinka kabinti vir\u0161 komodos ar televizoriaus staliuko, sukuriant stiling\u0105 duet\u0105. Kartu su kitais \u201eTorin\u201c kolekcijos elementais \u0161i lentyna leis jums sukurti eleganti\u0161k\u0105, solidaus stiliaus erdv\u0119. Pasirinkite atskirus modulius pagal savo skon\u012f ir suprojektuokite svetain\u0119, kuri puikiai atitikt\u0173 j\u016bs\u0173 poreikius.<\/p>\n<p>Prek\u0117s kodas S481-POL\/180-DRB Simbolis ZM EAN Plotis 180 cm Gylis 27 cm Auk\u0161tis 26,5 cm Kolekcija Torin Spalva rievota \u0105\u017euolo ruda Atspalvis tamsi mediena Stilius modernus Med\u017eiaga laminatas Gamintojas Juoda Raudona Balta Baldo tipas Lentynos PVM 23% EAN 5906123708029<\/p>","protected":false},"excerpt":{"rendered":"<p>The Torin Shelf \u2013 An Elegant Display for Your Style. If you dream of a stylish and sturdy living room but are still searching for the perfect furniture, the Torin collection may be the answer. It creates a functional space conducive to both entertainment and relaxation. One of its unique elements is the Torin shelf. [&hellip;]<\/p>","protected":false},"featured_media":263230,"comment_status":"open","ping_status":"open","template":"","meta":[],"product_brand":[],"product_cat":[9200,1174],"product_tag":[],"class_list":{"0":"post-263229","1":"product","2":"type-product","3":"status-publish","4":"has-post-thumbnail","6":"product_cat-black-red-white","7":"product_cat-hanging-shelves","9":"first","10":"instock","11":"purchasable","12":"product-type-simple"},"_links":{"self":[{"href":"https:\/\/baldumarket.lt\/lt\/wp-json\/wp\/v2\/product\/263229","targetHints":{"allow":["GET"]}}],"collection":[{"href":"https:\/\/baldumarket.lt\/lt\/wp-json\/wp\/v2\/product"}],"about":[{"href":"https:\/\/baldumarket.lt\/lt\/wp-json\/wp\/v2\/types\/product"}],"replies":[{"embeddable":true,"href":"https:\/\/baldumarket.lt\/lt\/wp-json\/wp\/v2\/comments?post=263229"}],"wp:featuredmedia":[{"embeddable":true,"href":"https:\/\/baldumarket.lt\/lt\/wp-json\/wp\/v2\/media\/263230"}],"wp:attachment":[{"href":"https:\/\/baldumarket.lt\/lt\/wp-json\/wp\/v2\/media?parent=263229"}],"wp:term":[{"taxonomy":"product_brand","embeddable":true,"href":"https:\/\/baldumarket.lt\/lt\/wp-json\/wp\/v2\/product_brand?post=263229"},{"taxonomy":"product_cat","embeddable":true,"href":"https:\/\/baldumarket.lt\/lt\/wp-json\/wp\/v2\/product_cat?post=263229"},{"taxonomy":"product_tag","embeddable":true,"href":"https:\/\/baldumarket.lt\/lt\/wp-json\/wp\/v2\/product_tag?post=263229"}],"curies":[{"name":"wp","href":"https:\/\/api.w.org\/{rel}","templated":true}]}}