{"id":263225,"date":"2026-01-13T23:37:08","date_gmt":"2026-01-13T20:37:08","guid":{"rendered":"https:\/\/baldumarket.lt\/product\/polka-wiszaca-ruso-149-cm-dab-april\/"},"modified":"2026-02-11T18:19:05","modified_gmt":"2026-02-11T15:19:05","slug":"polka-wiszaca-ruso-149-cm-dab-april","status":"publish","type":"product","link":"https:\/\/baldumarket.lt\/lt\/product\/polka-wiszaca-ruso-149-cm-dab-april\/","title":{"rendered":"RUSO pakabinama lentyna 149 cm baland\u017eio \u0105\u017euolo spalvos"},"content":{"rendered":"<p>\u201eRuso\u201c lentyna \u2013 subtilus demonstravimas ir funkcionalumas. Kai norite savo klasikiniam interjerui suteikti elegancijos ir funkcionalumo, \u201eRuso\u201c lentyna gali b\u016bti puikus j\u016bs\u0173 dizaino papildymas. \u0160tai kod\u0117l tur\u0117tum\u0117te apsvarstyti \u0161i\u0105 lentyn\u0105: \u201eRuso\u201c lentyna yra puiki vieta g\u0117li\u0173 puok\u0161t\u0117ms, \u0161eimos nuotraukoms ar kolekciniams daiktams eksponuoti. Jos 149 cm plotis suteikia daug vietos viskam, k\u0105 nor\u0117tum\u0117te eksponuoti ir kuo gro\u017e\u0117tis. Lentynos galin\u0117 sienel\u0117 apsaugo sien\u0105 nuo purvo ir pa\u017eeidim\u0173, be to, j\u0105 lengva montuoti bet kurioje j\u016bs\u0173 interjero vietoje. Baland\u017eio \u0105\u017euolo beicas ir matomi medienos ra\u0161tai suteikia \u201eRuso\u201c lentynai \u0161ilt\u0105, sodri\u0105 spalv\u0105, kuri prad\u017eiugins eleganti\u0161k\u0173 bald\u0173 m\u0117g\u0117jus. Plati \u201eRuso\u201c lentyna puikiai dera su \u201eRuso\u201c komoda ar vitrina, sukurdama darni\u0105 ir harmoning\u0105 erdv\u0119. Ji taip pat gali papildyti televizoriaus staliuk\u0105 ar kitus \u201eRuso\u201c kolekcijos elementus. \u201eRuso\u201c kolekcijoje si\u016blomas platus moduli\u0173 pasirinkimas, leid\u017eiantis susikurti tobul\u0105 svetain\u0117s i\u0161d\u0117stym\u0105, pritaikyt\u0105 j\u016bs\u0173 poreikiams. Tai leid\u017eia \u012f savo namus \u012fne\u0161ti klasikinio stiliaus ir m\u0117gautis eleganti\u0161ku interjero dizainu. Trumpai tariant, \u201eRuso\u201c lentyna yra baldas, kuris ne tik leid\u017eia eksponuoti m\u0117gstamiausius daiktus, bet ir suteikia interjerui elegancijos bei funkcionalumo. Kruop\u0161ti apdaila, didel\u0117 erdv\u0117 ir lanks\u010dios tvirtinimo galimyb\u0117s pavers j\u0105 patraukliu j\u016bs\u0173 interjero elementu. Su \u201eRuso\u201c kolekcija galite sukurti darni\u0105 ir gra\u017ei\u0105 erdv\u0119 savo svetain\u0117je, kuri atspind\u0117t\u0173 j\u016bs\u0173 asmenin\u012f stili\u0173 ir skon\u012f.<\/p>\n<p>Prek\u0117s kodas S407-POL\/149-DARL Simbolis ZM EAN Plotis 149 cm Gylis 28 cm Auk\u0161tis 20 cm Kolekcija Ruso Spalva baland\u017eio \u0105\u017euolo Atspalvis tamsi mediena Stilius modernus Med\u017eiaga laminatas Gamintojas Juoda Raudona Balta Baldo tipas Lentynos PVM 23% EAN 5906123944571<\/p>","protected":false},"excerpt":{"rendered":"<p>Ruso Shelf &#8211; Subtle Display and Functionality. When you want to add elegance and functionality to your classic interior, the Ruso shelf can be the perfect complement to your design. Here&#8217;s why you should consider this shelf: The Ruso shelf is the perfect place to display bouquets of flowers, family photos, or collectibles. Its 149 [&hellip;]<\/p>","protected":false},"featured_media":263226,"comment_status":"open","ping_status":"open","template":"","meta":[],"product_brand":[],"product_cat":[9200,1174],"product_tag":[],"class_list":{"0":"post-263225","1":"product","2":"type-product","3":"status-publish","4":"has-post-thumbnail","6":"product_cat-black-red-white","7":"product_cat-hanging-shelves","9":"first","10":"instock","11":"purchasable","12":"product-type-simple"},"_links":{"self":[{"href":"https:\/\/baldumarket.lt\/lt\/wp-json\/wp\/v2\/product\/263225","targetHints":{"allow":["GET"]}}],"collection":[{"href":"https:\/\/baldumarket.lt\/lt\/wp-json\/wp\/v2\/product"}],"about":[{"href":"https:\/\/baldumarket.lt\/lt\/wp-json\/wp\/v2\/types\/product"}],"replies":[{"embeddable":true,"href":"https:\/\/baldumarket.lt\/lt\/wp-json\/wp\/v2\/comments?post=263225"}],"wp:featuredmedia":[{"embeddable":true,"href":"https:\/\/baldumarket.lt\/lt\/wp-json\/wp\/v2\/media\/263226"}],"wp:attachment":[{"href":"https:\/\/baldumarket.lt\/lt\/wp-json\/wp\/v2\/media?parent=263225"}],"wp:term":[{"taxonomy":"product_brand","embeddable":true,"href":"https:\/\/baldumarket.lt\/lt\/wp-json\/wp\/v2\/product_brand?post=263225"},{"taxonomy":"product_cat","embeddable":true,"href":"https:\/\/baldumarket.lt\/lt\/wp-json\/wp\/v2\/product_cat?post=263225"},{"taxonomy":"product_tag","embeddable":true,"href":"https:\/\/baldumarket.lt\/lt\/wp-json\/wp\/v2\/product_tag?post=263225"}],"curies":[{"name":"wp","href":"https:\/\/api.w.org\/{rel}","templated":true}]}}