{"id":263222,"date":"2026-01-13T23:37:05","date_gmt":"2026-01-13T20:37:05","guid":{"rendered":"https:\/\/baldumarket.lt\/product\/polka-wiszaca-romance-143-cm-dab-sanremo-jasny\/"},"modified":"2026-02-11T18:19:05","modified_gmt":"2026-02-11T15:19:05","slug":"polka-wiszaca-romance-143-cm-dab-sanremo-jasny","status":"publish","type":"product","link":"https:\/\/baldumarket.lt\/lt\/product\/polka-wiszaca-romance-143-cm-dab-sanremo-jasny\/","title":{"rendered":"ROMANCE pakabinama lentyna 143 cm \u0161viesaus sanremo \u0105\u017euolo spalvos"},"content":{"rendered":"<p>\u201eRomance\u201c lentyn\u0117l\u0117 \u2013 stilinga ekspozicija. J\u016bs\u0173 svetain\u0117 \u2013 tai erdv\u0117, kurioje svarbi kiekviena detal\u0117. Skandinavi\u0161ko dizaino \u012fkv\u0117pta \u201eRomance\u201c kolekcija suteiks j\u016bs\u0173 svetainei elegancijos, harmonijos ir funkcionalumo. Ilga \u201eRomance\u201c lentyn\u0117l\u0117 \u2013 puikus sprendimas, jei jums reikia papildomos vietos dekoracijoms, \u012fra\u0161ams ar \u0161eimos nuotraukoms eksponuoti. \u0160i lentyn\u0117l\u0117 ne tik atlieka praktin\u0119 funkcij\u0105, bet ir tampa dekoratyviniu elementu, suteikian\u010diu charakterio visam i\u0161d\u0117stymui. Ilga forma leid\u017eia i\u0161pl\u0117sti ekspozicij\u0105, sukuriant viet\u0105, kurioje gal\u0117site eksponuoti tai, k\u0105 m\u0117gstate ir kas jums svarbu. Lentyn\u0117l\u0117, padengta \u0161viesiu San Remo \u0105\u017euolu, puikiai papildys likusi\u0105 \u201eRomance\u201c kolekcijos dal\u012f, suteikdama interjerui darnos ir lengvumo. \u0160i spalva spinduliuoja \u0161ilum\u0105 ir nat\u016bralum\u0105, suteikdama kiekvienam ant lentynos pad\u0117tam daiktui papildomo \u017eavesio. \u201eRomance\u201c lentyn\u0117l\u0117 yra ne tik prakti\u0161kas elementas, bet ir didesn\u0117s visumos dalis. Kolekcij\u0105 sudaro komodos, lentynos, televizoriaus staliukai ir veidrod\u017eiai, kuriuos galima derinti, kad b\u016bt\u0173 sukurta darni ir ergonomi\u0161ka erdv\u0117. Tegul \u201eRomance\u201c lentyn\u0117l\u0117 tampa neatsiejama j\u016bs\u0173 svetain\u0117s dalimi, suteikian\u010dia stiliaus, funkcionalumo ir asmeni\u0161kumo.<\/p>\n<p>Prek\u0117s kodas S331-POL\/137-DSAJ Simbolis ZM EAN Plotis 143 cm Gylis 23,5 cm Auk\u0161tis 16,5 cm Kolekcija Romantika Spalva \u0161viesus san remo \u0105\u017euolas Gaubtas \u0161viesi mediena Stilius modernus Med\u017eiaga laminatas Gamintojas Juoda Raudona Balta Baldo tipas Lentynos PVM 23% EAN 5906123925938<\/p>","protected":false},"excerpt":{"rendered":"<p>Romance Shelf &#8211; A Classy Display Your living room is a space where every detail matters. The Romance collection, inspired by Scandinavian design, will bring elegance, harmony, and functionality to your living room. The long Romance shelf is the perfect solution if you need additional space for displaying decorations, records, or family photos. This shelf [&hellip;]<\/p>","protected":false},"featured_media":263223,"comment_status":"open","ping_status":"open","template":"","meta":[],"product_brand":[],"product_cat":[9200,1174],"product_tag":[],"class_list":{"0":"post-263222","1":"product","2":"type-product","3":"status-publish","4":"has-post-thumbnail","6":"product_cat-black-red-white","7":"product_cat-hanging-shelves","9":"first","10":"instock","11":"purchasable","12":"product-type-simple"},"_links":{"self":[{"href":"https:\/\/baldumarket.lt\/lt\/wp-json\/wp\/v2\/product\/263222","targetHints":{"allow":["GET"]}}],"collection":[{"href":"https:\/\/baldumarket.lt\/lt\/wp-json\/wp\/v2\/product"}],"about":[{"href":"https:\/\/baldumarket.lt\/lt\/wp-json\/wp\/v2\/types\/product"}],"replies":[{"embeddable":true,"href":"https:\/\/baldumarket.lt\/lt\/wp-json\/wp\/v2\/comments?post=263222"}],"wp:featuredmedia":[{"embeddable":true,"href":"https:\/\/baldumarket.lt\/lt\/wp-json\/wp\/v2\/media\/263223"}],"wp:attachment":[{"href":"https:\/\/baldumarket.lt\/lt\/wp-json\/wp\/v2\/media?parent=263222"}],"wp:term":[{"taxonomy":"product_brand","embeddable":true,"href":"https:\/\/baldumarket.lt\/lt\/wp-json\/wp\/v2\/product_brand?post=263222"},{"taxonomy":"product_cat","embeddable":true,"href":"https:\/\/baldumarket.lt\/lt\/wp-json\/wp\/v2\/product_cat?post=263222"},{"taxonomy":"product_tag","embeddable":true,"href":"https:\/\/baldumarket.lt\/lt\/wp-json\/wp\/v2\/product_tag?post=263222"}],"curies":[{"name":"wp","href":"https:\/\/api.w.org\/{rel}","templated":true}]}}