{"id":263210,"date":"2026-01-13T23:36:56","date_gmt":"2026-01-13T20:36:56","guid":{"rendered":"https:\/\/baldumarket.lt\/product\/polka-wiszaca-nuis-95-cm-dab-wotan\/"},"modified":"2026-02-11T18:19:05","modified_gmt":"2026-02-11T15:19:05","slug":"polka-wiszaca-nuis-95-cm-dab-wotan","status":"publish","type":"product","link":"https:\/\/baldumarket.lt\/lt\/product\/polka-wiszaca-nuis-95-cm-dab-wotan\/","title":{"rendered":"NUIS pakabinama lentyna, 95 cm, \u0105\u017euolo spalvos, Wotan"},"content":{"rendered":"<p>\u201eNuis\u201c lova \u2013 jaunimo poilsio vieta. Jaunimo kambario dekoravimas yra i\u0161\u0161\u016bkis, ta\u010diau \u201eNuis\u201c bald\u0173 kolekcija sukurta atsi\u017evelgiant \u012f kintan\u010dius vaik\u0173 skonius ir poreikius. \u201eNuis\u201c lova yra puikus pagrindas k\u016brybi\u0161kai \u012frengti jaunimo erdv\u0119. Paprastas ir nesenstantis dizainas leid\u017eia lengvai prisitaikyti prie \u012fvairi\u0173 stili\u0173. \u0160i viengul\u0117 jaunimo lova si\u016blo optimali\u0105 viet\u0105 miegoti ir atsipalaiduoti. Auk\u0161tas galv\u016bgalis tarnauja kaip prakti\u0161ka atrama mokantis ar skaitant ir apsaugo sien\u0105 nuo purvo. Jis taip pat suteikia stabili\u0105 atram\u0105 pagalv\u0117ms. 90 \u00d7 200 cm dyd\u017eio lovai reikalingas atskiras r\u0117mas ir \u010diu\u017einys, kuriuos galima pritaikyti pagal individualius pageidavimus. \u0104\u017euolinis \u201eWotan\u201c r\u0117mas ir galv\u016bgalis dera su veidrodiniais baltais stal\u010di\u0173 fasadais, sukurdami eleganti\u0161k\u0105 kontrast\u0105. Derinkite \u201eNuis\u201c lov\u0105 su kitais kolekcijos elementais, tokiais kaip ra\u0161omasis stalas ar naktinis staliukas, kad sukurtum\u0117te darni\u0105 ir funkcionali\u0105 erdv\u0119. J\u016bs\u0173 ma\u017easis \u0161eimos narys tikrai \u012fvertins j\u016bs\u0173 jam sukurt\u0105 mokymosi, poilsio ir \u017eaidim\u0173 zon\u0105.<\/p>\n<p>Prek\u0117s kodas S396-LOZ\/90-DWO Simbolis ZM EAN Ilgis 204,5 cm Plotis 95 cm Auk\u0161tis 85,5 cm Kolekcija \u201eNuis\u201c Spalva wotan \u0105\u017euolas Gaubtas \u0161viesi mediena Stilius modernus Med\u017eiaga laminatas Miegamoji funkcija su miegam\u0105ja funkcija Miegamoji dalis 90\u00d7200 Papildoma talpa Gamintojas Juoda Raudona Balta Bald\u0173 tipas Lovos PVM 23% EAN 5906123929561<\/p>","protected":false},"excerpt":{"rendered":"<p>\u201eNuis\u201c lova \u2013 jaunimo poilsio vieta. Jaunimo kambario dekoravimas yra i\u0161\u0161\u016bkis, ta\u010diau \u201eNuis\u201c bald\u0173 kolekcija sukurta atsi\u017evelgiant \u012f kintan\u010dius vaik\u0173 skonius ir poreikius. \u201eNuis\u201c lova yra puikus pagrindas k\u016brybi\u0161kai sutvarkyti jaunimo erdv\u0119. Paprastas ir nesenstantis dizainas leid\u017eia lengvai prisitaikyti prie [\u2026]<\/p>","protected":false},"featured_media":263211,"comment_status":"open","ping_status":"open","template":"","meta":[],"product_brand":[],"product_cat":[9200,1043],"product_tag":[],"class_list":{"0":"post-263210","1":"product","2":"type-product","3":"status-publish","4":"has-post-thumbnail","6":"product_cat-black-red-white","7":"product_cat-extras","9":"first","10":"instock","11":"purchasable","12":"product-type-simple"},"_links":{"self":[{"href":"https:\/\/baldumarket.lt\/lt\/wp-json\/wp\/v2\/product\/263210","targetHints":{"allow":["GET"]}}],"collection":[{"href":"https:\/\/baldumarket.lt\/lt\/wp-json\/wp\/v2\/product"}],"about":[{"href":"https:\/\/baldumarket.lt\/lt\/wp-json\/wp\/v2\/types\/product"}],"replies":[{"embeddable":true,"href":"https:\/\/baldumarket.lt\/lt\/wp-json\/wp\/v2\/comments?post=263210"}],"wp:featuredmedia":[{"embeddable":true,"href":"https:\/\/baldumarket.lt\/lt\/wp-json\/wp\/v2\/media\/263211"}],"wp:attachment":[{"href":"https:\/\/baldumarket.lt\/lt\/wp-json\/wp\/v2\/media?parent=263210"}],"wp:term":[{"taxonomy":"product_brand","embeddable":true,"href":"https:\/\/baldumarket.lt\/lt\/wp-json\/wp\/v2\/product_brand?post=263210"},{"taxonomy":"product_cat","embeddable":true,"href":"https:\/\/baldumarket.lt\/lt\/wp-json\/wp\/v2\/product_cat?post=263210"},{"taxonomy":"product_tag","embeddable":true,"href":"https:\/\/baldumarket.lt\/lt\/wp-json\/wp\/v2\/product_tag?post=263210"}],"curies":[{"name":"wp","href":"https:\/\/api.w.org\/{rel}","templated":true}]}}