{"id":263207,"date":"2026-01-13T23:36:53","date_gmt":"2026-01-13T20:36:53","guid":{"rendered":"https:\/\/baldumarket.lt\/product\/polka-wiszaca-nuis-1025-cm-dab-wotan\/"},"modified":"2026-02-11T18:19:05","modified_gmt":"2026-02-11T15:19:05","slug":"polka-wiszaca-nuis-1025-cm-dab-wotan","status":"publish","type":"product","link":"https:\/\/baldumarket.lt\/lt\/product\/polka-wiszaca-nuis-1025-cm-dab-wotan\/","title":{"rendered":"NUIS pakabinama lentyna, 102,5 cm, \u0105\u017euolo spalvos, Wotan"},"content":{"rendered":"<p>\u201eNuis\u201c lentyna \u2013 unikalus kampelis j\u016bs\u0173 lobiams. \u201eNuis\u201c kolekcija \u2013 tai id\u0117j\u0173 lobynas funkcionaliam ir stilingam jaunimo kambariui. \u201eNuis\u201c lentyna yra nepakei\u010diamas elementas, suteikiantis erdvei charakterio ir leid\u017eiantis eksponuoti m\u0117gstamiausius daiktus. Paprastas lentynos dizainas su atskiru skyriumi puikiai papildo stal\u0105, knyg\u0173 lentyn\u0105 ar lov\u0105. Ant jos vir\u0161aus galite eksponuoti dekoracijas, knygas, apdovanojimus ir var\u017eybose laim\u0117tus trof\u0117jus. Tai vitrina j\u016bs\u0173 lobiams. Lentyna pagaminta i\u0161 \u0161ilto Wotano \u0105\u017euolo atspalvio, suteikian\u010dio jai modern\u0173 ir skandinavi\u0161k\u0105 charakter\u012f. 100 cm plo\u010dio ji puikiai dera su kitais kolekcijos elementais, sukurdama darni\u0105 kompozicij\u0105. \u012erenkite \u201eNuis\u201c lentyn\u0105 vir\u0161 stalo, knyg\u0173 lentynos ar lovos, ir visa \u201eNuis\u201c kolekcija sukurs harmoning\u0105 erdv\u0119 mokymuisi, poilsiui ir k\u016brybi\u0161kumui. Paverskite savo jaunimo kambar\u012f vieta, kurioje kiekviena detal\u0117 atspind\u0117t\u0173 j\u016bs\u0173 \u0161eimos nario asmenyb\u0119 ir aistras.<\/p>\n<p>Prek\u0117s kodas S396-POLL\/100-DWO Simbolis ZM EAN Plotis 102,5 cm Gylis 22 cm Auk\u0161tis 25,5 cm Kolekcija \u201eNuis\u201c Spalva wotano \u0105\u017euolas Gaubtas \u0161viesi mediena Stilius modernus Med\u017eiaga laminatas Gamintojas Juoda Raudona Balta Baldo tipas Lentynos PVM 23% EAN 5906123929585<\/p>","protected":false},"excerpt":{"rendered":"<p>\u201eNuis\u201c lentyna \u2013 unikalus kampelis j\u016bs\u0173 lobiams. \u201eNuis\u201c kolekcija \u2013 tai id\u0117j\u0173 lobynas funkcionaliam ir stilingam jaunimo kambariui. \u201eNuis\u201c lentyna yra nepakei\u010diamas elementas, suteikiantis erdvei charakterio ir leid\u017eiantis eksponuoti m\u0117gstamiausius daiktus. Paprastas lentynos dizainas su atskirais [\u2026]<\/p>","protected":false},"featured_media":263208,"comment_status":"open","ping_status":"open","template":"","meta":[],"product_brand":[],"product_cat":[9200,1174],"product_tag":[],"class_list":{"0":"post-263207","1":"product","2":"type-product","3":"status-publish","4":"has-post-thumbnail","6":"product_cat-black-red-white","7":"product_cat-hanging-shelves","9":"first","10":"instock","11":"purchasable","12":"product-type-simple"},"_links":{"self":[{"href":"https:\/\/baldumarket.lt\/lt\/wp-json\/wp\/v2\/product\/263207","targetHints":{"allow":["GET"]}}],"collection":[{"href":"https:\/\/baldumarket.lt\/lt\/wp-json\/wp\/v2\/product"}],"about":[{"href":"https:\/\/baldumarket.lt\/lt\/wp-json\/wp\/v2\/types\/product"}],"replies":[{"embeddable":true,"href":"https:\/\/baldumarket.lt\/lt\/wp-json\/wp\/v2\/comments?post=263207"}],"wp:featuredmedia":[{"embeddable":true,"href":"https:\/\/baldumarket.lt\/lt\/wp-json\/wp\/v2\/media\/263208"}],"wp:attachment":[{"href":"https:\/\/baldumarket.lt\/lt\/wp-json\/wp\/v2\/media?parent=263207"}],"wp:term":[{"taxonomy":"product_brand","embeddable":true,"href":"https:\/\/baldumarket.lt\/lt\/wp-json\/wp\/v2\/product_brand?post=263207"},{"taxonomy":"product_cat","embeddable":true,"href":"https:\/\/baldumarket.lt\/lt\/wp-json\/wp\/v2\/product_cat?post=263207"},{"taxonomy":"product_tag","embeddable":true,"href":"https:\/\/baldumarket.lt\/lt\/wp-json\/wp\/v2\/product_tag?post=263207"}],"curies":[{"name":"wp","href":"https:\/\/api.w.org\/{rel}","templated":true}]}}