{"id":263203,"date":"2026-01-13T23:36:50","date_gmt":"2026-01-13T20:36:50","guid":{"rendered":"https:\/\/baldumarket.lt\/product\/polka-wiszaca-luca-juzi-141-cm-modrzew-sibiu-jasny-dab-sonoma-ciemny\/"},"modified":"2026-02-11T18:19:05","modified_gmt":"2026-02-11T15:19:05","slug":"polka-wiszaca-luca-juzi-141-cm-modrzew-sibiu-jasny-dab-sonoma-ciemny","status":"publish","type":"product","link":"https:\/\/baldumarket.lt\/lt\/product\/polka-wiszaca-luca-juzi-141-cm-modrzew-sibiu-jasny-dab-sonoma-ciemny\/","title":{"rendered":"LUCA JUZI pakabinama lentyna 141 cm \u0161viesus Sibiu maumedis\/tamsus sonoma \u0105\u017euolas"},"content":{"rendered":"<p>\u201eLuca Juzi\u201c lentyna \u2013 i\u0161d\u0117liokite savo lobius Provanso stiliumi. Jei svajojate apie tobul\u0105 Provanso stiliaus demonstracij\u0105, \u201eLuca Juzi\u201c lentyna puikiai papildys \u0161ios kolekcijos ra\u0161om\u0105j\u012f stal\u0105, komod\u0105 ar televizoriaus staliuk\u0105. Paprastas \u201eLuca Juzi\u201c kolekcijos dizainas ir \u0161viesios spalvos paver\u010dia \u0161i\u0105 lentyn\u0105 ne tik prakti\u0161ku elementu, bet ir eleganti\u0161ka vieta m\u0117gstamiausiems daiktams eksponuoti. Atvira lentyna su atskiru skyriumi yra puiki vieta m\u0117gstamoms knygoms, dekoracijoms ar net vaik\u0173 \u017eaislams, sukurianti harmoning\u0105 visum\u0105 su likusia kolekcijos dalimi. Lentynos galin\u0117 plok\u0161t\u0117 leid\u017eia lengvai j\u0105 montuoti bet kokiame auk\u0161tyje, suteikdama jums laisv\u0119 organizuoti erdv\u0119. Ji taip pat apsaugo sien\u0105 nuo purvo, tod\u0117l lentyna yra ne tik esteti\u0161kas, bet ir funkcionalus j\u016bs\u0173 interjero papildymas. Visa lentyna pagaminta i\u0161 \u0161viesios Sibiu maumed\u017eio medienos, kuri skland\u017eiai dera su kitais kolekcijos elementais. I\u0161skirtin\u0117 \u201eLuca Juzi\u201c kolekcijos spalva suteikia bet kokiam kambariui jaukumo ir elegancijos poj\u016bt\u012f, perkeldama j\u012f \u012f vaizdingus Provanso kra\u0161tovaizd\u017eius. Plati \u201eLuca Juzi\u201c kolekcija leid\u017eia sukurti funkcionali\u0105 erdv\u0119, pritaikyt\u0105 j\u016bs\u0173 \u0161eimos poreikiams. Nor\u0117dami sukurti \u0161vies\u0173 ir esteti\u0161k\u0105 interjer\u0105, naudokite \u012fvairius elementus, tokius kaip ra\u0161omasis stalas, drabu\u017ei\u0173 spinta, komoda, lentynos, lova, naktinis staliukas ar televizoriaus staliukas. \u201eLuca Juzi\u201c lentyna yra ne tik daikt\u0173 laikymo vieta; tai ir j\u016bs\u0173 stiliaus i\u0161rai\u0161ka, kur kiekvienas daiktas tampa j\u016bs\u0173 gyvenimo istorijos dalimi. Sukurkite erdv\u0119, kurioje elegancija dera su funkcionalumu.<\/p>\n<p>Prek\u0117s kodas S328-POL-MSJ\/DSOC Simbolis ZM EAN Plotis 141 cm Gylis 31 cm Auk\u0161tis 30 cm Kolekcija Luca Juzi Spalva \u0161viesus Sibiu maumedis \/ tamsus sonoma \u0105\u017euolas Gaubtas \u0161viesi mediena Stilius modernus Med\u017eiaga laminatas Gamintojas Juoda Raudona Balta Baldo tipas Lentynos PVM 23% EAN 5906123925662<\/p>","protected":false},"excerpt":{"rendered":"<p>\u201eLuca Juzi\u201c lentyna \u2013 demonstruokite savo lobius Provanso stiliumi. Jei svajojate apie tobul\u0105 Provanso stiliaus demonstravim\u0105, \u201eLuca Juzi\u201c lentyna puikiai papildys \u0161ios kolekcijos ra\u0161om\u0105j\u012f stal\u0105, komod\u0105 ar televizoriaus staliuk\u0105. Paprastas \u201eLuca Juzi\u201c kolekcijos dizainas ir \u0161viesios spalvos daro \u0161i\u0105 lentyn\u0105 ne [\u2026]<\/p>","protected":false},"featured_media":263204,"comment_status":"open","ping_status":"open","template":"","meta":[],"product_brand":[],"product_cat":[9200,1174],"product_tag":[],"class_list":{"0":"post-263203","1":"product","2":"type-product","3":"status-publish","4":"has-post-thumbnail","6":"product_cat-black-red-white","7":"product_cat-hanging-shelves","9":"first","10":"instock","11":"purchasable","12":"product-type-simple"},"_links":{"self":[{"href":"https:\/\/baldumarket.lt\/lt\/wp-json\/wp\/v2\/product\/263203","targetHints":{"allow":["GET"]}}],"collection":[{"href":"https:\/\/baldumarket.lt\/lt\/wp-json\/wp\/v2\/product"}],"about":[{"href":"https:\/\/baldumarket.lt\/lt\/wp-json\/wp\/v2\/types\/product"}],"replies":[{"embeddable":true,"href":"https:\/\/baldumarket.lt\/lt\/wp-json\/wp\/v2\/comments?post=263203"}],"wp:featuredmedia":[{"embeddable":true,"href":"https:\/\/baldumarket.lt\/lt\/wp-json\/wp\/v2\/media\/263204"}],"wp:attachment":[{"href":"https:\/\/baldumarket.lt\/lt\/wp-json\/wp\/v2\/media?parent=263203"}],"wp:term":[{"taxonomy":"product_brand","embeddable":true,"href":"https:\/\/baldumarket.lt\/lt\/wp-json\/wp\/v2\/product_brand?post=263203"},{"taxonomy":"product_cat","embeddable":true,"href":"https:\/\/baldumarket.lt\/lt\/wp-json\/wp\/v2\/product_cat?post=263203"},{"taxonomy":"product_tag","embeddable":true,"href":"https:\/\/baldumarket.lt\/lt\/wp-json\/wp\/v2\/product_tag?post=263203"}],"curies":[{"name":"wp","href":"https:\/\/api.w.org\/{rel}","templated":true}]}}