{"id":263199,"date":"2026-01-13T23:36:45","date_gmt":"2026-01-13T20:36:45","guid":{"rendered":"https:\/\/baldumarket.lt\/product\/polka-wiszaca-loksa-143-cm-andersen-pine-white\/"},"modified":"2026-02-11T18:19:05","modified_gmt":"2026-02-11T15:19:05","slug":"polka-wiszaca-loksa-143-cm-andersen-pine-white","status":"publish","type":"product","link":"https:\/\/baldumarket.lt\/lt\/product\/polka-wiszaca-loksa-143-cm-andersen-pine-white\/","title":{"rendered":"LOKSA kabanti lentyna 143 cm andersen pu\u0161is balta"},"content":{"rendered":"<p>\u201eLoksa\u201c lentyna \u2013 funkcionalumas ir stilius viename. Jei siekiate savo namuose sukurti skandinavi\u0161k\u0105 i\u0161vaizd\u0105, \u201eLoksa\u201c kolekcija yra puikus pasirinkimas. Paprastas stilius su i\u0161skirtiniais r\u0117miniais fasadais ir juodomis ranken\u0117l\u0117mis puikiai papildo tradicinio ir angli\u0161ko interjero estetik\u0105. \u201eLoksa\u201c lentyna yra puikus sprendimas norint pagyvinti interjer\u0105 ir sukurti erdv\u0119 dekoracijoms eksponuoti bei prakti\u0161kiems daiktams laikyti. Ant jos galite laikyti knygas, jei m\u0117gstate jas pasiekti, arba naudoti kaip platform\u0105 fotoaparatams. Tai taip pat puiki vieta stilingai vazai, \u017evak\u0117ms ar g\u0117l\u0117ms, kurios suteiks interjerui \u017eavesio ir charakterio. Lentynos spalv\u0173 gama dera su likusia \u201eLoksa\u201c kolekcijos dalimi, suteikdama visam interjerui vientisumo. Balta \u201eAndersen\u201c pu\u0161ies lentynos plok\u0161t\u0117 suteikia eleganti\u0161k\u0105 fon\u0105 \u201eGrandson\u201c \u0105\u017euolo spalvos medinei lentynai, suteikdama baldui subtil\u0173, skandinavi\u0161k\u0105 vaizd\u0105. 143 cm plo\u010dio \u201eLoksa\u201c lentyn\u0105 galima kabinti vir\u0161 \u201eLoksa\u201c komod\u0173 linijos arba pastatyti atskirai, greta ar po kita. \u0160is unikalus sprendimas leis jums sukurti unikal\u0173 interjero dizain\u0105, kuris pritrauks d\u0117mes\u012f ir pelnys draug\u0173 susi\u017eav\u0117jim\u0105. Su \u0161ia lentyna galite i\u0161reik\u0161ti savo stili\u0173 ir skon\u012f, kartu sukurdami prakti\u0161k\u0105 viet\u0105 m\u0117gstamiems daiktams laikyti ir eksponuoti.<\/p>\n<p>Prek\u0117s kodas S455-POL\/143-APW Simbolis ZM EAN Plotis 143 cm Gylis 23,5 cm Auk\u0161tis 16,5 cm Kolekcija Loksa Spalva andersen pu\u0161is balta Gaubtas \u0161viesi mediena Stilius Skandinavi\u0161kas Med\u017eiaga laminatas Gamintojas Juoda Raudona Balta Baldo tipas Lentynos PVM 23% EAN 5906123607452<\/p>","protected":false},"excerpt":{"rendered":"<p>\u201eLoksa\u201c lentyna \u2013 funkcionalumas ir stilius viename. Jei siekiate savo namuose sukurti skandinavi\u0161k\u0105 i\u0161vaizd\u0105, \u201eLoksa\u201c kolekcija yra puikus pasirinkimas. Paprastas stilius su i\u0161skirtiniais r\u0117miniais fasadais ir juodomis ranken\u0117l\u0117mis puikiai papildo tradicinio ir angli\u0161ko interjero estetik\u0105. \u201eLoksa\u201c lentyna yra puikus sprendimas norint pagerinti j\u016bs\u0173 [\u2026]<\/p>","protected":false},"featured_media":263200,"comment_status":"open","ping_status":"open","template":"","meta":[],"product_brand":[],"product_cat":[9200,1174],"product_tag":[],"class_list":{"0":"post-263199","1":"product","2":"type-product","3":"status-publish","4":"has-post-thumbnail","6":"product_cat-black-red-white","7":"product_cat-hanging-shelves","9":"first","10":"instock","11":"purchasable","12":"product-type-simple"},"_links":{"self":[{"href":"https:\/\/baldumarket.lt\/lt\/wp-json\/wp\/v2\/product\/263199","targetHints":{"allow":["GET"]}}],"collection":[{"href":"https:\/\/baldumarket.lt\/lt\/wp-json\/wp\/v2\/product"}],"about":[{"href":"https:\/\/baldumarket.lt\/lt\/wp-json\/wp\/v2\/types\/product"}],"replies":[{"embeddable":true,"href":"https:\/\/baldumarket.lt\/lt\/wp-json\/wp\/v2\/comments?post=263199"}],"wp:featuredmedia":[{"embeddable":true,"href":"https:\/\/baldumarket.lt\/lt\/wp-json\/wp\/v2\/media\/263200"}],"wp:attachment":[{"href":"https:\/\/baldumarket.lt\/lt\/wp-json\/wp\/v2\/media?parent=263199"}],"wp:term":[{"taxonomy":"product_brand","embeddable":true,"href":"https:\/\/baldumarket.lt\/lt\/wp-json\/wp\/v2\/product_brand?post=263199"},{"taxonomy":"product_cat","embeddable":true,"href":"https:\/\/baldumarket.lt\/lt\/wp-json\/wp\/v2\/product_cat?post=263199"},{"taxonomy":"product_tag","embeddable":true,"href":"https:\/\/baldumarket.lt\/lt\/wp-json\/wp\/v2\/product_tag?post=263199"}],"curies":[{"name":"wp","href":"https:\/\/api.w.org\/{rel}","templated":true}]}}