{"id":263195,"date":"2026-01-13T23:36:41","date_gmt":"2026-01-13T20:36:41","guid":{"rendered":"https:\/\/baldumarket.lt\/product\/polka-wiszaca-lara-117-cm-jesion-belarus\/"},"modified":"2026-02-11T18:19:05","modified_gmt":"2026-02-11T15:19:05","slug":"polka-wiszaca-lara-117-cm-jesion-belarus","status":"publish","type":"product","link":"https:\/\/baldumarket.lt\/lt\/product\/polka-wiszaca-lara-117-cm-jesion-belarus\/","title":{"rendered":"LARA pakabinama lentyna 117 cm baltarusi\u0161kas uosis"},"content":{"rendered":"<p>Lentyna \u201eLara\u201c \u2013 unikali vieta. Persik\u0117lus i\u0161 vaiko kambario \u012f brandesn\u012f interjer\u0105, jaunimo bald\u0173 kolekcija \u201eLara\u201c pad\u0117s jums \u0161iame transformavime. Paprastos formos ir dekoratyviniai akcentai tikrai patiks paaugliams, o lentyna \u201eLara\u201c \u2013 puiki vieta pademonstruoti savo s\u0117kmes ir pom\u0117gius. 120 cm plo\u010dio lentyna \u201eLara\u201c idealiai tinka knygoms, keramini\u0173 fig\u016br\u0117li\u0173 kolekcijai ar kitiems dekoratyviniams daiktams eksponuoti. Jos \u0161onai apsaugo nuo atsitiktinio kritimo, o galin\u0117s plok\u0161t\u0117s ne tik apsaugo sien\u0105 nuo purvo, bet ir palengvina montavim\u0105 prie sienos. \u0160is prakti\u0161kas sprendimas pad\u0117s palaikyti tvark\u0105 kambaryje. Pelen\u0173 spalvos lentyna \u201eBelarus\u201c imituoja nat\u016brali\u0105 medienos tekst\u016br\u0105, suteikdama interjerui \u0161ilumos ir jaukumo. Juodi akcentai kra\u0161tuose pabr\u0117\u017eia kolekcijos lofto stiliaus charakter\u012f, suteikdami lentynai unikalaus charakterio. Vien\u0105 lentyn\u0105 galite pakabinti vir\u0161 lovos, stalo ar komodos, taip sukurdami tobul\u0105 i\u0161d\u0117stym\u0105 ir prakti\u0161kai bei esteti\u0161kai i\u0161naudodami erdv\u0119. Derindami kitus \u201eLara\u201c kolekcijos elementus, galite sukurti darn\u0173 ir funkcional\u0173 i\u0161d\u0117stym\u0105 paauglio kambaryje. Trumpai tariant, \u201eLara\u201c lentyna yra puikus sprendimas paauglio kambariui, derinantis funkcionalum\u0105 ir estetik\u0105. Tai vieta, kurioje galite pademonstruoti savo pasiekimus ir pom\u0117gius, kartu kurdami stiling\u0105 erdv\u0119. M\u0117gaukit\u0117s \u201eLara\u201c kolekcijos lentynos funkcionalumu ir unikaliu dizainu!<\/p>\n<p>Prek\u0117s kodas S463-POL\/120-JBE Simbolis ZM EAN Plotis 117 cm Gylis 23,5 cm Auk\u0161tis 28 cm Kolekcija Lara Spalva Baltarusijos uosis Gaubtas \u0161viesi mediena Stilius loft Med\u017eiaga laminatas Gamintojas Juoda Raudona Balta Baldo tipas Lentynos PVM 23% EAN 5906123607933<\/p>","protected":false},"excerpt":{"rendered":"<p>Lentyna \u201eLara\u201c \u2013 unikali vieta. Persik\u0117lusi i\u0161 vaiko kambario \u012f brandesn\u012f interjer\u0105, jaunimo bald\u0173 kolekcija \u201eLara\u201c pad\u0117s jums transformuotis. Paprastos formos ir dekoratyviniai akcentai tikrai patiks paaugliams, o lentyna \u201eLara\u201c \u2013 puiki vieta pademonstruoti savo s\u0117kmes ir pom\u0117gius. 120 [\u2026]<\/p>","protected":false},"featured_media":263196,"comment_status":"open","ping_status":"open","template":"","meta":[],"product_brand":[],"product_cat":[9200,1174],"product_tag":[],"class_list":{"0":"post-263195","1":"product","2":"type-product","3":"status-publish","4":"has-post-thumbnail","6":"product_cat-black-red-white","7":"product_cat-hanging-shelves","9":"first","10":"instock","11":"purchasable","12":"product-type-simple"},"_links":{"self":[{"href":"https:\/\/baldumarket.lt\/lt\/wp-json\/wp\/v2\/product\/263195","targetHints":{"allow":["GET"]}}],"collection":[{"href":"https:\/\/baldumarket.lt\/lt\/wp-json\/wp\/v2\/product"}],"about":[{"href":"https:\/\/baldumarket.lt\/lt\/wp-json\/wp\/v2\/types\/product"}],"replies":[{"embeddable":true,"href":"https:\/\/baldumarket.lt\/lt\/wp-json\/wp\/v2\/comments?post=263195"}],"wp:featuredmedia":[{"embeddable":true,"href":"https:\/\/baldumarket.lt\/lt\/wp-json\/wp\/v2\/media\/263196"}],"wp:attachment":[{"href":"https:\/\/baldumarket.lt\/lt\/wp-json\/wp\/v2\/media?parent=263195"}],"wp:term":[{"taxonomy":"product_brand","embeddable":true,"href":"https:\/\/baldumarket.lt\/lt\/wp-json\/wp\/v2\/product_brand?post=263195"},{"taxonomy":"product_cat","embeddable":true,"href":"https:\/\/baldumarket.lt\/lt\/wp-json\/wp\/v2\/product_cat?post=263195"},{"taxonomy":"product_tag","embeddable":true,"href":"https:\/\/baldumarket.lt\/lt\/wp-json\/wp\/v2\/product_tag?post=263195"}],"curies":[{"name":"wp","href":"https:\/\/api.w.org\/{rel}","templated":true}]}}