{"id":263187,"date":"2026-01-13T23:36:34","date_gmt":"2026-01-13T20:36:34","guid":{"rendered":"https:\/\/baldumarket.lt\/product\/polka-wiszaca-forn-156-cm-dab-delano-ciemny-czarny-mat\/"},"modified":"2026-02-11T18:19:06","modified_gmt":"2026-02-11T15:19:06","slug":"polka-wiszaca-forn-156-cm-dab-delano-ciemny-czarny-mat","status":"publish","type":"product","link":"https:\/\/baldumarket.lt\/lt\/product\/polka-wiszaca-forn-156-cm-dab-delano-ciemny-czarny-mat\/","title":{"rendered":"FORN pakabinama lentyna 156 cm, Delano tamsaus \u0105\u017euolo\/matin\u0117s juodos spalvos"},"content":{"rendered":"<p>\u201eForn\u201c lentyna \u2013 papildoma vieta j\u016bs\u0173 m\u0117gstamiausiems nieku\u010diams. \u201eForn\u201c kolekcija \u2013 tai modernaus stiliaus bald\u0173 serija, kuri visada i\u0161lieka gaivi ir patraukli. Su \u0161iais baldais galite susikurti vis\u0105 komplekt\u0105 poilsiui jaukiuose namuose arba pasirinkti atskirus baldus, kurie puikiai papildys j\u016bs\u0173 kambario dizain\u0105. Vienas i\u0161 \u0161i\u0173 funkcionali\u0173 ir stiling\u0173 bald\u0173 yra \u201eForn\u201c lentyna. \u201eForn\u201c sienin\u0117 lentyna yra prakti\u0161kas baldas, suteikiantis papildomos vietos j\u016bs\u0173 m\u0117gstamiausioms knygoms, dekoracijoms ir nieku\u010diams. Jos konstrukcija sukurta taip, kad puikiai papildyt\u0173 modern\u0173 interjer\u0105. Ji leid\u017eia organizuoti sienos erdv\u0119, o tai ypa\u010d svarbu ma\u017euose kambariuose, kur svarbus kiekvienas centimetras. Lentyn\u0105 galima pakabinti vir\u0161 televizoriaus arba bet kur kitur, kur norite dekoruoti ar naudoti prakti\u0161kai. \u201eForn\u201c lentynos dizainas leid\u017eia j\u0105 \u012fvairiai panaudoti. Ji padalinta \u012f dvi zonas: \u012fmontuojam\u0105 dal\u012f ir atvir\u0105 dal\u012f, suteikian\u010di\u0105 dar daugiau dizaino galimybi\u0173. \u012emontuojamoje dalyje galite laikyti daiktus, kurie neb\u016btinai turi b\u016bti matomi, tuo pa\u010diu palaikydami tvark\u0105 kambaryje. Atvira lentyna gali b\u016bti naudojama dekoracijoms, nuotrauk\u0173 r\u0117meliams ar kitiems daiktams, kuriuos norite tur\u0117ti lengvai pasiekiamoje vietoje, eksponuoti. \u201eForn\u201c lentynos spalv\u0173 gama atitinka vis\u0105 kolekcij\u0105 ir yra keturi\u0173 variant\u0173: blizgi balta, tamsaus \u201eDelano\u201c \u0105\u017euolo su matine juoda spalva, tamsaus \u201eDelano\u201c \u0105\u017euolo su blizgia balta spalva ir blizgi balta su matine juoda spalva. Tai leid\u017eia priderinti lentyn\u0105 prie j\u016bs\u0173 interjero spalv\u0173 gamos. \u201eForn\u201c kolekcija si\u016blo ne tik atskirus baldus; ji taip pat leid\u017eia sukurti darn\u0173 viso kambario dizain\u0105. I\u0161nagrin\u0117kite visas \u0161ios kolekcijos si\u016blomas galimybes ir surinkite bald\u0173 komplekt\u0105 arba i\u0161sirinkite atskirus baldus, kurie puikiai papildys j\u016bs\u0173 interjer\u0105. \u201eForn\u201c lentyna yra puikus sprendimas, derinantis funkcionalum\u0105 su moderniu stiliumi.<\/p>\n<p>Prek\u0117s kodas S471-POL\/160-DDC\/CAM Simbolis ZM EAN Plotis 156 cm Gylis 22 cm Auk\u0161tis 25 cm Kolekcija Forn Spalva tamsus Delano \u0105\u017euolas\/matin\u0117 juoda Gaubtas tamsaus med\u017eio Stilius modernus Gamintojas Juoda Raudona Balta Bald\u0173 tipas Lentynos PVM 23% EAN 5906123705806<\/p>","protected":false},"excerpt":{"rendered":"<p>\u201eForn\u201c lentyna \u2013 papildoma vieta j\u016bs\u0173 m\u0117gstamiausiems nieku\u010diams. \u201eForn\u201c kolekcija \u2013 tai modernaus stiliaus bald\u0173 serija, kuri visada i\u0161lieka gaivi ir patraukli. Su \u0161iais baldais galite susikurti vis\u0105 komplekt\u0105 poilsiui savo namuose arba pasirinkti atskirus baldus, kurie puikiai papildys dizain\u0105 [\u2026]<\/p>","protected":false},"featured_media":263188,"comment_status":"open","ping_status":"open","template":"","meta":[],"product_brand":[],"product_cat":[9200,1174],"product_tag":[],"class_list":{"0":"post-263187","1":"product","2":"type-product","3":"status-publish","4":"has-post-thumbnail","6":"product_cat-black-red-white","7":"product_cat-hanging-shelves","9":"first","10":"instock","11":"purchasable","12":"product-type-simple"},"_links":{"self":[{"href":"https:\/\/baldumarket.lt\/lt\/wp-json\/wp\/v2\/product\/263187","targetHints":{"allow":["GET"]}}],"collection":[{"href":"https:\/\/baldumarket.lt\/lt\/wp-json\/wp\/v2\/product"}],"about":[{"href":"https:\/\/baldumarket.lt\/lt\/wp-json\/wp\/v2\/types\/product"}],"replies":[{"embeddable":true,"href":"https:\/\/baldumarket.lt\/lt\/wp-json\/wp\/v2\/comments?post=263187"}],"wp:featuredmedia":[{"embeddable":true,"href":"https:\/\/baldumarket.lt\/lt\/wp-json\/wp\/v2\/media\/263188"}],"wp:attachment":[{"href":"https:\/\/baldumarket.lt\/lt\/wp-json\/wp\/v2\/media?parent=263187"}],"wp:term":[{"taxonomy":"product_brand","embeddable":true,"href":"https:\/\/baldumarket.lt\/lt\/wp-json\/wp\/v2\/product_brand?post=263187"},{"taxonomy":"product_cat","embeddable":true,"href":"https:\/\/baldumarket.lt\/lt\/wp-json\/wp\/v2\/product_cat?post=263187"},{"taxonomy":"product_tag","embeddable":true,"href":"https:\/\/baldumarket.lt\/lt\/wp-json\/wp\/v2\/product_tag?post=263187"}],"curies":[{"name":"wp","href":"https:\/\/api.w.org\/{rel}","templated":true}]}}