{"id":263175,"date":"2026-01-13T23:36:25","date_gmt":"2026-01-13T20:36:25","guid":{"rendered":"https:\/\/baldumarket.lt\/product\/polka-wiszaca-bergen-150-cm-modrzew-sibiu-zloty\/"},"modified":"2026-02-11T18:19:06","modified_gmt":"2026-02-11T15:19:06","slug":"polka-wiszaca-bergen-150-cm-modrzew-sibiu-zloty","status":"publish","type":"product","link":"https:\/\/baldumarket.lt\/lt\/product\/polka-wiszaca-bergen-150-cm-modrzew-sibiu-zloty\/","title":{"rendered":"BERGEN kabanti lentyna 150 cm Sibiu maumed\u017eio aukso spalvos"},"content":{"rendered":"<p>Bergen lentyna \u2013 kompakti\u0161ka erdv\u0117 j\u016bs\u0173 dekoracijoms. Bergen kolekcija \u2013 tai unikalus geometrini\u0173 form\u0173, originali\u0173 detali\u0173 ir prislopint\u0173 spalv\u0173 derinys, puikiai tinkantis tiek svetainei, tiek miegamajam. Bergen lentyna \u2013 puiki vieta eksponuoti m\u0117gstamiausias dekoracijas. Jos \u0161onai suteikia stabilumo ir apsaugo nuo atsitiktinio kritimo, o galin\u0117 plok\u0161t\u0117 leid\u017eia lengvai pakabinti lentyn\u0105 ant sienos. Paprasta lentynos forma papuo\u0161ta i\u0161skirtiniu \u201c\u012fdubimu\u201d \u0161oniniuose kra\u0161tuose, suteikian\u010diu baldui modern\u0173 ir eleganti\u0161k\u0105 vaizd\u0105. \u0160ilta auksin\u0117s Sibiu maumed\u017eio medienos spalva suteikia interjerui unikalaus charakterio ir yra tvirtas pagrindas kurti stilingas kompozicijas. Bergen kolekcija si\u016blo \u012fvairius elementus, leid\u017eian\u010dius sukurti funkcionalias kompozicijas, pritaikytas j\u016bs\u0173 \u0161eimos poreikiams. Tai lankstus sprendimas, leid\u017eiantis suplanuoti darni\u0105 ir prakti\u0161k\u0105 erdv\u0119. Su Bergen lentyna galite pabr\u0117\u017eti savo asmenin\u0119 estetik\u0105 ir eksponuoti m\u0117gstamiausius daiktus, sukurdami funkcional\u0173 ir eleganti\u0161k\u0105 i\u0161d\u0117stym\u0105 savo interjere.<\/p>\n<p>Prek\u0117s kodas S359-POL\/150-MSZ Simbolis ZM EAN Plotis 156 cm Gylis 32,5 cm Auk\u0161tis 27 cm Kolekcija Bergen Spalva maumedis Sibiu auksinis Atspalvis tamsi mediena Stilius klasikinis Med\u017eiaga laminatas Gamintojas Juoda Raudona Balta Baldo tipas Lentynos PVM 23% EAN 5906123926751<\/p>","protected":false},"excerpt":{"rendered":"<p>Bergen lentyna \u2013 kompakti\u0161ka erdv\u0117 j\u016bs\u0173 dekoracijoms. Bergen kolekcija \u2013 tai unikalus geometrini\u0173 form\u0173, originali\u0173 detali\u0173 ir prislopint\u0173 spalv\u0173 derinys, puikiai tinkantis tiek svetainei, tiek miegamajam. Bergen lentyna \u2013 puiki vieta eksponuoti m\u0117gstamiausias dekoracijas. Jos \u0161onai suteikia stabilumo ir apsaugo nuo atsitiktinio [\u2026]<\/p>","protected":false},"featured_media":263176,"comment_status":"open","ping_status":"open","template":"","meta":[],"product_brand":[],"product_cat":[9200,1174],"product_tag":[],"class_list":{"0":"post-263175","1":"product","2":"type-product","3":"status-publish","4":"has-post-thumbnail","6":"product_cat-black-red-white","7":"product_cat-hanging-shelves","9":"first","10":"instock","11":"purchasable","12":"product-type-simple"},"_links":{"self":[{"href":"https:\/\/baldumarket.lt\/lt\/wp-json\/wp\/v2\/product\/263175","targetHints":{"allow":["GET"]}}],"collection":[{"href":"https:\/\/baldumarket.lt\/lt\/wp-json\/wp\/v2\/product"}],"about":[{"href":"https:\/\/baldumarket.lt\/lt\/wp-json\/wp\/v2\/types\/product"}],"replies":[{"embeddable":true,"href":"https:\/\/baldumarket.lt\/lt\/wp-json\/wp\/v2\/comments?post=263175"}],"wp:featuredmedia":[{"embeddable":true,"href":"https:\/\/baldumarket.lt\/lt\/wp-json\/wp\/v2\/media\/263176"}],"wp:attachment":[{"href":"https:\/\/baldumarket.lt\/lt\/wp-json\/wp\/v2\/media?parent=263175"}],"wp:term":[{"taxonomy":"product_brand","embeddable":true,"href":"https:\/\/baldumarket.lt\/lt\/wp-json\/wp\/v2\/product_brand?post=263175"},{"taxonomy":"product_cat","embeddable":true,"href":"https:\/\/baldumarket.lt\/lt\/wp-json\/wp\/v2\/product_cat?post=263175"},{"taxonomy":"product_tag","embeddable":true,"href":"https:\/\/baldumarket.lt\/lt\/wp-json\/wp\/v2\/product_tag?post=263175"}],"curies":[{"name":"wp","href":"https:\/\/api.w.org\/{rel}","templated":true}]}}