{"id":263169,"date":"2026-01-13T23:36:20","date_gmt":"2026-01-13T20:36:20","guid":{"rendered":"https:\/\/baldumarket.lt\/product\/polka-wiszaca-balin-140-cm-dab-monastery\/"},"modified":"2026-02-11T18:19:06","modified_gmt":"2026-02-11T15:19:06","slug":"polka-wiszaca-balin-140-cm-dab-monastery","status":"publish","type":"product","link":"https:\/\/baldumarket.lt\/lt\/product\/polka-wiszaca-balin-140-cm-dab-monastery\/","title":{"rendered":"BALIN pakabinama lentyna, 140 cm, vienuolyno \u0105\u017euolas"},"content":{"rendered":"<p>\u201eBalin\u201c lentyna \u2013 eleganti\u0161kas j\u016bs\u0173 stilingo interjero papildymas. \u201eBalin\u201c kolekcija yra elegancijos ir funkcionalumo kvintesencija, puikiai papildanti tiek modern\u0173, tiek klasikin\u012f interjer\u0105. \u201eBalin\u201c lentyna yra baldas, kuris ne tik atlieka praktin\u0119 funkcij\u0105, bet ir esteti\u0161kai papildo j\u016bs\u0173 interjer\u0105, suteikdamas jam unikal\u0173 charakter\u012f. \u201eBalin\u201c kolekcijai b\u016bdingas universalus dizainas, kuris puikiai dera \u012fvairiuose interjero dizainuose. Nesvarbu, ar turite modernius, ar klasikinius baldus, \u201eBalin\u201c lentyna skland\u017eiai dera su aplinka, sukurdama darni\u0105 visum\u0105. \u201eBalin\u201c lentyna leid\u017eia eksponuoti m\u0117gstamus daiktus ir dekoracijas. Patogus ilgis leid\u017eia jai puikiai papildyti RTV spintel\u0119, sukurdamas funkcionali\u0105 erdv\u0119 elektronikos ir dekoratyvini\u0173 daikt\u0173 laikymui ir eksponavimui. J\u0105 taip pat galite naudoti kaip komodos papildym\u0105, sukurdami erdv\u0119 knygoms, nuotraukoms ar kitiems nieku\u010diams eksponuoti. \u201eBalin\u201c lentyna su vienuolyno \u0105\u017euolo apdaila atspindi nat\u016brali\u0105 medienos tekst\u016br\u0105, suteikdama jai autenti\u0161k\u0105 charakter\u012f. \u0160is nat\u016bralus atspalvis puikiai dera su likusia \u201eBalin\u201c kolekcijos dalimi, sukurdamas darn\u0173 ir harmoning\u0105 interjero dizain\u0105. \u201eBalin\u201c kolekcija suteikia jums visi\u0161k\u0105 laisv\u0119 derinti \u012fvairius elementus. I\u0161 \u0161ios kolekcijos galite laisvai derinti lentynas, komodas, vitrinas, televizoriaus staliukus ir kitus baldus, sukurdami unikal\u0173 ir stiling\u0105 svetain\u0117s i\u0161d\u0117stym\u0105. J\u016bs\u0173 interjeras bus kupinas charakterio ir funkcionalumo. Trumpai tariant, \u201eBalin\u201c lentyna yra ne tik daikt\u0173 laikymo \u012frenginys, bet ir eleganti\u0161kas sprendimas, pary\u0161kinantis j\u016bs\u0173 interjero charakter\u012f ir leid\u017eiantis eksponuoti savo lobius. D\u0117l savo universalumo, estetikos ir funkcionalumo sukursite stiling\u0105 svetain\u0119, kuri pritrauks d\u0117mes\u012f ir patenkins visus j\u016bs\u0173 poreikius. Rinkit\u0117s \u201eBalin\u201c lentyn\u0105, kad m\u0117gautum\u0117t\u0117s harmonija ir elegancija savo interjere.<\/p>\n<p>Prek\u0117s kodas S365-POL\/140-DMON Simbolis ZM EAN Plotis 140 cm Gylis 23,5 cm Auk\u0161tis 25 cm Kolekcija Balin Spalva vienuolyno \u0105\u017euolas Atspalvis tamsi mediena Stilius modernus Med\u017eiaga laminatas Gamintojas Juoda Raudona Balta Baldo tipas Lentynos PVM 23% EAN 5906123927536<\/p>","protected":false},"excerpt":{"rendered":"<p>\u201eBalin\u201c lentyna \u2013 eleganti\u0161kas j\u016bs\u0173 stilingo interjero papildymas. \u201eBalin\u201c kolekcija yra elegancijos ir funkcionalumo kvintesencija, puikiai papildanti tiek modern\u0173, tiek klasikin\u012f interjer\u0105. \u201eBalin\u201c lentyna yra baldas, kuris ne tik atlieka praktin\u0119 funkcij\u0105, bet ir esteti\u0161kai papildo j\u016bs\u0173 interjer\u0105, suteikdamas jam unikal\u0173 charakter\u012f. \u201eBalin\u201c [\u2026]<\/p>","protected":false},"featured_media":263170,"comment_status":"open","ping_status":"open","template":"","meta":[],"product_brand":[],"product_cat":[9200,1174],"product_tag":[],"class_list":{"0":"post-263169","1":"product","2":"type-product","3":"status-publish","4":"has-post-thumbnail","6":"product_cat-black-red-white","7":"product_cat-hanging-shelves","9":"first","10":"instock","11":"purchasable","12":"product-type-simple"},"_links":{"self":[{"href":"https:\/\/baldumarket.lt\/lt\/wp-json\/wp\/v2\/product\/263169","targetHints":{"allow":["GET"]}}],"collection":[{"href":"https:\/\/baldumarket.lt\/lt\/wp-json\/wp\/v2\/product"}],"about":[{"href":"https:\/\/baldumarket.lt\/lt\/wp-json\/wp\/v2\/types\/product"}],"replies":[{"embeddable":true,"href":"https:\/\/baldumarket.lt\/lt\/wp-json\/wp\/v2\/comments?post=263169"}],"wp:featuredmedia":[{"embeddable":true,"href":"https:\/\/baldumarket.lt\/lt\/wp-json\/wp\/v2\/media\/263170"}],"wp:attachment":[{"href":"https:\/\/baldumarket.lt\/lt\/wp-json\/wp\/v2\/media?parent=263169"}],"wp:term":[{"taxonomy":"product_brand","embeddable":true,"href":"https:\/\/baldumarket.lt\/lt\/wp-json\/wp\/v2\/product_brand?post=263169"},{"taxonomy":"product_cat","embeddable":true,"href":"https:\/\/baldumarket.lt\/lt\/wp-json\/wp\/v2\/product_cat?post=263169"},{"taxonomy":"product_tag","embeddable":true,"href":"https:\/\/baldumarket.lt\/lt\/wp-json\/wp\/v2\/product_tag?post=263169"}],"curies":[{"name":"wp","href":"https:\/\/api.w.org\/{rel}","templated":true}]}}