{"id":263161,"date":"2026-01-13T23:36:14","date_gmt":"2026-01-13T20:36:14","guid":{"rendered":"https:\/\/baldumarket.lt\/product\/polka-na-ksiazki-lamea-135-cm-dab-artisan\/"},"modified":"2026-02-11T18:19:06","modified_gmt":"2026-02-11T15:19:06","slug":"polka-na-ksiazki-lamea-135-cm-dab-artisan","status":"publish","type":"product","link":"https:\/\/baldumarket.lt\/lt\/product\/polka-na-ksiazki-lamea-135-cm-dab-artisan\/","title":{"rendered":"LAMEA knyg\u0173 lentyna 135 cm, \u0105\u017euolo imitacija"},"content":{"rendered":"<p>\u201eLamea\u201c sienin\u0117 lentyna. \u201eLamea\u201c kolekcija pasi\u017eymi unikaliu gamtos \u012fkv\u0117ptu dizainu. Auk\u0161tos kokyb\u0117s laminuota plok\u0161t\u0117 tiksliai atkuria medienos ra\u0161t\u0105 ir si\u016blo funkcional\u0173 sprendim\u0105, kuris dera prie \u012fvairi\u0173 interjero stili\u0173. \u201eLamea\u201c sienin\u0117 lentyna, kurios ilgis 135 cm, o gylis 20 cm, puikiai papildys j\u016bs\u0173 interjer\u0105. \u0160ioje lentynoje galite laikyti m\u0117gstamus suvenyrus ar \u012fdomias knygas. Lentynos galin\u0117 sienel\u0117 apsaugo sien\u0105 nuo d\u0117mi\u0173 ir suteikia dekoratyvumo. Lentyna padengta \u012fbr\u0117\u017eimams atspariu laminatu, kuris u\u017etikrina patvarum\u0105 ir lengv\u0105 valym\u0105. \u0160iltas meni\u0161ko \u0105\u017euolo atspalvis yra universalus ir \u017eavus pasirinkimas, kuris dera prie \u012fvairi\u0173 interjero stili\u0173. Lentyna geriausiai atrodo derinama su kitais \u201eLamea\u201c kolekcijos baldais. J\u0105 galite montuoti vir\u0161 televizoriaus, televizoriaus staliuko ar komodos, kad sukurtum\u0117te darn\u0173 ir jauk\u0173 interjer\u0105.<\/p>\n<p>Prek\u0117s kodas S632-POL\/135-DASN Plotis 135 cm Gylis 20 cm Auk\u0161tis 18 cm Kolekcija Lamea Spalva meni\u0161ko \u0105\u017euolo gaubtas \u0161viesi mediena Stilius modernus Med\u017eiaga laminatas Gamintojas Juoda Raudona Balta Bald\u0173 tipas Lentynos PVM 23% EAN 5906123030779<\/p>","protected":false},"excerpt":{"rendered":"<p>\u201eLamea\u201c sienin\u0117 lentyna\u201eLamea\u201c kolekcija pasi\u017eymi unikaliu gamtos \u012fkv\u0117ptu dizainu. Auk\u0161tos kokyb\u0117s laminuota plok\u0161t\u0117 tiksliai atkuria medienos ra\u0161t\u0105 ir si\u016blo funkcional\u0173 sprendim\u0105, kuris dera prie \u012fvairi\u0173 interjero stili\u0173. 135 cm ilgio ir 20 cm gylio \u201eLamea\u201c sienin\u0117 lentyna puikiai papildys j\u016bs\u0173 interjero dizain\u0105. \u0160i lentyna gali b\u016bti [\u2026]<\/p>","protected":false},"featured_media":263162,"comment_status":"open","ping_status":"open","template":"","meta":[],"product_brand":[],"product_cat":[9200,1174],"product_tag":[],"class_list":{"0":"post-263161","1":"product","2":"type-product","3":"status-publish","4":"has-post-thumbnail","6":"product_cat-black-red-white","7":"product_cat-hanging-shelves","9":"first","10":"instock","11":"purchasable","12":"product-type-simple"},"_links":{"self":[{"href":"https:\/\/baldumarket.lt\/lt\/wp-json\/wp\/v2\/product\/263161","targetHints":{"allow":["GET"]}}],"collection":[{"href":"https:\/\/baldumarket.lt\/lt\/wp-json\/wp\/v2\/product"}],"about":[{"href":"https:\/\/baldumarket.lt\/lt\/wp-json\/wp\/v2\/types\/product"}],"replies":[{"embeddable":true,"href":"https:\/\/baldumarket.lt\/lt\/wp-json\/wp\/v2\/comments?post=263161"}],"wp:featuredmedia":[{"embeddable":true,"href":"https:\/\/baldumarket.lt\/lt\/wp-json\/wp\/v2\/media\/263162"}],"wp:attachment":[{"href":"https:\/\/baldumarket.lt\/lt\/wp-json\/wp\/v2\/media?parent=263161"}],"wp:term":[{"taxonomy":"product_brand","embeddable":true,"href":"https:\/\/baldumarket.lt\/lt\/wp-json\/wp\/v2\/product_brand?post=263161"},{"taxonomy":"product_cat","embeddable":true,"href":"https:\/\/baldumarket.lt\/lt\/wp-json\/wp\/v2\/product_cat?post=263161"},{"taxonomy":"product_tag","embeddable":true,"href":"https:\/\/baldumarket.lt\/lt\/wp-json\/wp\/v2\/product_tag?post=263161"}],"curies":[{"name":"wp","href":"https:\/\/api.w.org\/{rel}","templated":true}]}}