{"id":263153,"date":"2026-01-13T23:36:07","date_gmt":"2026-01-13T20:36:07","guid":{"rendered":"https:\/\/baldumarket.lt\/product\/polka-na-ksiazki-gent-200-cm-dab-stirling\/"},"modified":"2026-02-11T18:19:06","modified_gmt":"2026-02-11T15:19:06","slug":"polka-na-ksiazki-gent-200-cm-dab-stirling","status":"publish","type":"product","link":"https:\/\/baldumarket.lt\/lt\/product\/polka-na-ksiazki-gent-200-cm-dab-stirling\/","title":{"rendered":"GENT knyg\u0173 lentyna 200 cm, \u0105\u017euolo spalvos, Stirlingo spalva"},"content":{"rendered":"<p>\u201eGent\u201c lentyna \u2013 plati ekspozicija. Jei ie\u0161kote universalios sienin\u0117s lentynos, kuri efektyviai i\u0161naudot\u0173 sienos erdv\u0119 net ir ma\u017eose erdv\u0117se, \u201eGent\u201c lentyna gali pateisinti j\u016bs\u0173 l\u016bkes\u010dius. Leiskite man parodyti visus \u0161ios lentynos privalumus, leid\u017eian\u010dius pla\u010diai eksponuoti j\u016bs\u0173 m\u0117gstamiausias dekoracijas. \u201eGent\u201c lentyna \u2013 tai sprendimas, padedantis efektyviai i\u0161naudoti sienos erdv\u0119 neu\u017eimant daug grind\u0173 ploto. Lentynos vir\u0161uje \u012fmontuotas modernus LED ap\u0161vietimas, kuris yra standartin\u0117 komplektacija. \u0160is ap\u0161vietimas suteikia ne tik funkcionalumo, bet ir estetikos \u2013 subtili \u0161viesa puikiai i\u0161ry\u0161kins j\u016bs\u0173 dekoracijas ir sukurs jauki\u0105 atmosfer\u0105 kambaryje. J\u0105 galite naudoti nor\u0117dami i\u0161ry\u0161kinti m\u0117gstamiausius daiktus ir sukurti \u012fsp\u016bding\u0105 pristatym\u0105. Vienas i\u0161 pagrindini\u0173 \u201eGent\u201c lentynos privalum\u0173 yra reguliuojamas auk\u0161tis. J\u0105 galite pakabinti bet kokiame auk\u0161tyje, tod\u0117l gal\u0117site pritaikyti interjero dizain\u0105 pagal savo pageidavimus ir poreikius. \u0160is lankstus sprendimas leid\u017eia lanks\u010diai i\u0161d\u0117styti erdv\u0119. \u201eGent\u201c lentyna yra \u0161iltos Stirlingo \u0105\u017euolo spalvos, su matomu medienos ra\u0161tu ir lytima tikros medienos tekst\u016bra. \u0160i universali spalva suteikia puik\u0173 fon\u0105 dekoracijoms ir aksesuarams, kuri\u0173 atspalviai plat\u016bs, tod\u0117l galite lengvai j\u0105 priderinti prie savo interjero dizaino. \u201eGent\u201c kolekcija \u2013 tai paprastas b\u016bdas sukurti stiling\u0105 ir mading\u0105 interjer\u0105. \u0160ioje kolekcijoje gausu \u012fvairi\u0173 element\u0173, kuriuos galite derinti, kad sukurtum\u0117te darni\u0105 ir harmoning\u0105 vaizd\u0105 visame bute. Tai puikus sprendimas, jei vertinate interjero darn\u0105 ir elegancij\u0105. Trumpai tariant, \u201eGent\u201c lentyna yra universalus sprendimas, suteikiantis daugyb\u0119 m\u0117gstam\u0173 dekoracij\u0173 eksponavimo galimybi\u0173. Reguliuojamas auk\u0161tis, modernus LED ap\u0161vietimas, eleganti\u0161kas dizainas ir spalv\u0173 \u012fvairov\u0117 paver\u010dia j\u0105 puikiu j\u016bs\u0173 interjero papildymu, sukurdama erdv\u0119 savo stiliui i\u0161reik\u0161ti ir unikaliai pateikti.<\/p>\n<p>Prek\u0117s kodas S228-P\/3\/20-DAST Simbolis ZM EAN Plotis 200 cm Gylis 27 cm Auk\u0161tis 25 cm Kolekcija Gent Spalva stirling \u0105\u017euolas Gaubtas tamsi mediena Stilius modernus Ap\u0161vietimas su ap\u0161vietimu Gamintojas Juoda Raudona Balta Bald\u0173 tipas Lentynos PVM 23% EAN 5906123922906<\/p>","protected":false},"excerpt":{"rendered":"<p>\u201eGent\u201c lentyna \u2013 plati ekspozicija. Jei ie\u0161kote universalios sienin\u0117s lentynos, kuri efektyviai i\u0161naudot\u0173 sienos erdv\u0119 net ir ma\u017eose erdv\u0117se, \u201eGent\u201c lentyna gali pateisinti j\u016bs\u0173 l\u016bkes\u010dius. Leiskite man parodyti jums visus \u0161ios lentynos, leid\u017eian\u010dios pla\u010diai eksponuoti j\u016bs\u0173 m\u0117gstamas dekoracijas, privalumus. \u201eGent\u201c lentyna yra sprendimas [\u2026]<\/p>","protected":false},"featured_media":263154,"comment_status":"open","ping_status":"open","template":"","meta":[],"product_brand":[],"product_cat":[9200,1174],"product_tag":[],"class_list":{"0":"post-263153","1":"product","2":"type-product","3":"status-publish","4":"has-post-thumbnail","6":"product_cat-black-red-white","7":"product_cat-hanging-shelves","9":"first","10":"instock","11":"purchasable","12":"product-type-simple"},"_links":{"self":[{"href":"https:\/\/baldumarket.lt\/lt\/wp-json\/wp\/v2\/product\/263153","targetHints":{"allow":["GET"]}}],"collection":[{"href":"https:\/\/baldumarket.lt\/lt\/wp-json\/wp\/v2\/product"}],"about":[{"href":"https:\/\/baldumarket.lt\/lt\/wp-json\/wp\/v2\/types\/product"}],"replies":[{"embeddable":true,"href":"https:\/\/baldumarket.lt\/lt\/wp-json\/wp\/v2\/comments?post=263153"}],"wp:featuredmedia":[{"embeddable":true,"href":"https:\/\/baldumarket.lt\/lt\/wp-json\/wp\/v2\/media\/263154"}],"wp:attachment":[{"href":"https:\/\/baldumarket.lt\/lt\/wp-json\/wp\/v2\/media?parent=263153"}],"wp:term":[{"taxonomy":"product_brand","embeddable":true,"href":"https:\/\/baldumarket.lt\/lt\/wp-json\/wp\/v2\/product_brand?post=263153"},{"taxonomy":"product_cat","embeddable":true,"href":"https:\/\/baldumarket.lt\/lt\/wp-json\/wp\/v2\/product_cat?post=263153"},{"taxonomy":"product_tag","embeddable":true,"href":"https:\/\/baldumarket.lt\/lt\/wp-json\/wp\/v2\/product_tag?post=263153"}],"curies":[{"name":"wp","href":"https:\/\/api.w.org\/{rel}","templated":true}]}}