{"id":263149,"date":"2026-01-13T23:36:03","date_gmt":"2026-01-13T20:36:03","guid":{"rendered":"https:\/\/baldumarket.lt\/product\/polka-na-ksiazki-gent-139-cm-dab-stirling\/"},"modified":"2026-02-11T18:19:06","modified_gmt":"2026-02-11T15:19:06","slug":"polka-na-ksiazki-gent-139-cm-dab-stirling","status":"publish","type":"product","link":"https:\/\/baldumarket.lt\/lt\/product\/polka-na-ksiazki-gent-139-cm-dab-stirling\/","title":{"rendered":"GENT knyg\u0173 lentyna 139 cm, \u0105\u017euolo spalvos, Stirlingo spalva"},"content":{"rendered":"<p>\u201eGent\u201c lentyna \u2013 ap\u0161viesta vitrina. Jei ie\u0161kote sprendimo, kuris leist\u0173 efektyviai i\u0161naudoti sienos erdv\u0119 net ir ma\u017eose erdv\u0117se, \u201eGent\u201c lentyna gali b\u016bti puikus pasirinkimas. Leiskite man parodyti jums visus \u0161ios ap\u0161viestos lentynos privalumus. \u201eGent\u201c lentyna yra kompakti\u0161kas sprendimas, puikiai tinkantis ma\u017eiems kambariams, kur svarbus kiekvienas erdv\u0117s centimetras. Nepaisant ma\u017eo dyd\u017eio, \u0161i lentyna si\u016blo daug galimybi\u0173. Standarti\u0161kai ji turi modern\u0173 LED ap\u0161vietim\u0105, kuris puikiai i\u0161ry\u0161kina dekoracijas ir sukuria jauki\u0105 atmosfer\u0105 kambaryje. Tai puikus sprendimas, jei norite i\u0161ry\u0161kinti m\u0117gstamus daiktus ir sukurti \u012fsp\u016bding\u0105 ekspozicij\u0105. Lentyn\u0105 galite tvirtinti prie sienos bet kokiame auk\u0161tyje, tod\u0117l gal\u0117site pritaikyti interjero dizain\u0105 pagal savo l\u016bkes\u010dius ir poreikius. Tai taip pat idealus pasirinkimas tiems, kurie nori eksponuoti konkre\u010dius dekoratyvinius daiktus ar kolekcijas, taip pat laikyti naudingus daiktus. \u201eGent\u201c lentyna yra dviej\u0173 \u0161ilt\u0173 spalv\u0173: \u201eStirling Oak\u201c ir \u201ePiana Oak\u201c, abi su matomu medienos ra\u0161tu ir lytima tikros medienos tekst\u016bra. \u0160i universali spalva suteikia puik\u0173 fon\u0105 dekoracijoms ir aksesuarams \u012fvairiais atspalviais, tod\u0117l galite lengvai pritaikyti lentyn\u0105 prie savo stiliaus. \u201eGent\u201c kolekcija \u2013 tai paprastas b\u016bdas sukurti stiling\u0105 ir mading\u0105 interjer\u0105. \u0160ioje kolekcijoje gausu element\u0173, kuriuos galima derinti, siekiant sukurti darn\u0173 ir harmoning\u0105 vaizd\u0105 visame bute. Tai puikus sprendimas, jei vertinate interjero darn\u0105 ir elegancij\u0105. Trumpai tariant, \u201eGent\u201c lentyna yra funkcionali ir \u012fsp\u016bdinga sienin\u0117 lentyna, puikiai i\u0161naudojanti sienos erdv\u0119. Modernus LED ap\u0161vietimas, reguliuojamas auk\u0161tis, eleganti\u0161kas dizainas ir spalv\u0173 \u012fvairov\u0117 paver\u010dia j\u0105 puikiu j\u016bs\u0173 interjero papildymu, sukuriant ap\u0161viest\u0105 ekspozicij\u0105 j\u016bs\u0173 m\u0117gstamiausiems daiktams.<\/p>\n<p>Prek\u0117s kodas S228-P\/3\/14-DAST Simbolis ZM EAN Plotis 139 cm Gylis 27 cm Auk\u0161tis 25 cm Kolekcija Gent Spalva stirling \u0105\u017euolas Gaubtas tamsi mediena Stilius modernus Ap\u0161vietimas su ap\u0161vietimu Gamintojas Juoda Raudona Balta Bald\u0173 tipas Lentynos PVM 23% EAN 5906123922883<\/p>","protected":false},"excerpt":{"rendered":"<p>\u201eGent\u201c lentyna \u2013 ap\u0161viesta vitrina. Jei ie\u0161kote sprendimo, kuris leist\u0173 efektyviai i\u0161naudoti sienos erdv\u0119 net ir ma\u017eose erdv\u0117se, \u201eGent\u201c lentyna gali b\u016bti puikus pasirinkimas. Leiskite man parodyti jums visus \u0161ios ap\u0161viestos lentynos privalumus. \u201eGent\u201c lentyna yra kompakti\u0161kas sprendimas, puikiai tinkantis ma\u017eiems kambariams, kuriuose kiekvienas [\u2026]<\/p>","protected":false},"featured_media":263150,"comment_status":"open","ping_status":"open","template":"","meta":[],"product_brand":[],"product_cat":[9200,1174],"product_tag":[],"class_list":{"0":"post-263149","1":"product","2":"type-product","3":"status-publish","4":"has-post-thumbnail","6":"product_cat-black-red-white","7":"product_cat-hanging-shelves","9":"first","10":"instock","11":"purchasable","12":"product-type-simple"},"_links":{"self":[{"href":"https:\/\/baldumarket.lt\/lt\/wp-json\/wp\/v2\/product\/263149","targetHints":{"allow":["GET"]}}],"collection":[{"href":"https:\/\/baldumarket.lt\/lt\/wp-json\/wp\/v2\/product"}],"about":[{"href":"https:\/\/baldumarket.lt\/lt\/wp-json\/wp\/v2\/types\/product"}],"replies":[{"embeddable":true,"href":"https:\/\/baldumarket.lt\/lt\/wp-json\/wp\/v2\/comments?post=263149"}],"wp:featuredmedia":[{"embeddable":true,"href":"https:\/\/baldumarket.lt\/lt\/wp-json\/wp\/v2\/media\/263150"}],"wp:attachment":[{"href":"https:\/\/baldumarket.lt\/lt\/wp-json\/wp\/v2\/media?parent=263149"}],"wp:term":[{"taxonomy":"product_brand","embeddable":true,"href":"https:\/\/baldumarket.lt\/lt\/wp-json\/wp\/v2\/product_brand?post=263149"},{"taxonomy":"product_cat","embeddable":true,"href":"https:\/\/baldumarket.lt\/lt\/wp-json\/wp\/v2\/product_cat?post=263149"},{"taxonomy":"product_tag","embeddable":true,"href":"https:\/\/baldumarket.lt\/lt\/wp-json\/wp\/v2\/product_tag?post=263149"}],"curies":[{"name":"wp","href":"https:\/\/api.w.org\/{rel}","templated":true}]}}