{"id":263143,"date":"2026-01-13T23:35:58","date_gmt":"2026-01-13T20:35:58","guid":{"rendered":"https:\/\/baldumarket.lt\/product\/polka-kuchenna-junona-line-40-cm-dab-bernstein\/"},"modified":"2026-02-11T18:19:06","modified_gmt":"2026-02-11T15:19:06","slug":"polka-kuchenna-junona-line-40-cm-dab-bernstein","status":"publish","type":"product","link":"https:\/\/baldumarket.lt\/lt\/product\/polka-kuchenna-junona-line-40-cm-dab-bernstein\/","title":{"rendered":"JUNONA LINE virtuv\u0117s lentyna, 40 cm, bernstein \u0105\u017euolas"},"content":{"rendered":"<p>\u201eJunona Line\u201c sienin\u0117 lentyna 40 \u2013 papildomos erdv\u0117s j\u016bs\u0173 virtuv\u0117je. \u0160i stilinga 40 cm lentyna \u0161iltos \u201eBernstein Oak\u201c spalvos puikiai tiks bet kokiam interjerui, suteikdama jaukumo ir modernumo. Pagaminta i\u0161 patvari\u0173 med\u017eiag\u0173, lentyna yra patvari ir atspari pa\u017eeidimams.<br \/>\nPuikiai tinka dekoracijoms, augalams ar m\u0117gstamiems virtuv\u0117s reikmenims eksponuoti, taip pat suteikia papildomos vietos daiktams laikyti.<\/p>\n<p>Bernsteino \u0105\u017euolo spalva suteikia \u0161ilumos ir nat\u016bralumo poj\u016bt\u012f, puikiai papildydama kitus interjero dizaino elementus.<\/p>\n<p>\u201eJunona Line\u201c sienin\u0117 lentyna \u2013 puikus sprendimas tiems, kurie vertina i\u0161vaizdos ir prakti\u0161kumo harmonij\u0105. Paverskite savo virtuv\u0119 vieta, kuri \u012fkvepia kulinariniams atradimams ir poilsiui su artimaisiais.<\/p>\n<p>Prek\u0117s kodas K24-POL\/40-DBT Plotis 40 cm Gylis 14 cm Auk\u0161tis 14,5 cm Kolekcija Junona Line Spalva bernstein \u0105\u017euolas Gaubtas \u0161viesi mediena Stilius modernus Med\u017eiaga laminatas Gamintojas Juoda Raudona Balta Bald\u0173 tipas Lentynos PVM 23% EAN 5906123047449<\/p>","protected":false},"excerpt":{"rendered":"<p>\u201eJunona Line\u201c sienin\u0117 lentyna 40 \u2013 papildomos erdv\u0117s j\u016bs\u0173 virtuv\u0117je. \u0160i stilinga 40 cm lentyna \u0161iltos \u201eBernstein Oak\u201c spalvos puikiai tiks bet kokiam interjerui, suteikdama jaukumo ir modernumo. Pagaminta i\u0161 patvari\u0173 med\u017eiag\u0173, lentyna yra patvari ir atspari pa\u017eeidimams. Puikiai tinka eksponuoti dekoracijas, augalus ar m\u0117gstamus virtuv\u0117s reikmenis, nes [\u2026]<\/p>","protected":false},"featured_media":263144,"comment_status":"open","ping_status":"open","template":"","meta":[],"product_brand":[],"product_cat":[9200,1174],"product_tag":[],"class_list":{"0":"post-263143","1":"product","2":"type-product","3":"status-publish","4":"has-post-thumbnail","6":"product_cat-black-red-white","7":"product_cat-hanging-shelves","9":"first","10":"instock","11":"purchasable","12":"product-type-simple"},"_links":{"self":[{"href":"https:\/\/baldumarket.lt\/lt\/wp-json\/wp\/v2\/product\/263143","targetHints":{"allow":["GET"]}}],"collection":[{"href":"https:\/\/baldumarket.lt\/lt\/wp-json\/wp\/v2\/product"}],"about":[{"href":"https:\/\/baldumarket.lt\/lt\/wp-json\/wp\/v2\/types\/product"}],"replies":[{"embeddable":true,"href":"https:\/\/baldumarket.lt\/lt\/wp-json\/wp\/v2\/comments?post=263143"}],"wp:featuredmedia":[{"embeddable":true,"href":"https:\/\/baldumarket.lt\/lt\/wp-json\/wp\/v2\/media\/263144"}],"wp:attachment":[{"href":"https:\/\/baldumarket.lt\/lt\/wp-json\/wp\/v2\/media?parent=263143"}],"wp:term":[{"taxonomy":"product_brand","embeddable":true,"href":"https:\/\/baldumarket.lt\/lt\/wp-json\/wp\/v2\/product_brand?post=263143"},{"taxonomy":"product_cat","embeddable":true,"href":"https:\/\/baldumarket.lt\/lt\/wp-json\/wp\/v2\/product_cat?post=263143"},{"taxonomy":"product_tag","embeddable":true,"href":"https:\/\/baldumarket.lt\/lt\/wp-json\/wp\/v2\/product_tag?post=263143"}],"curies":[{"name":"wp","href":"https:\/\/api.w.org\/{rel}","templated":true}]}}