{"id":263126,"date":"2026-01-13T23:35:45","date_gmt":"2026-01-13T20:35:45","guid":{"rendered":"https:\/\/baldumarket.lt\/product\/polka-kaspian-105-cm-bialy\/"},"modified":"2026-02-11T18:19:07","modified_gmt":"2026-02-11T15:19:07","slug":"polka-kaspian-105-cm-bialy","status":"publish","type":"product","link":"https:\/\/baldumarket.lt\/lt\/product\/polka-kaspian-105-cm-bialy\/","title":{"rendered":"KASPIAN lentyna 105 cm balta"},"content":{"rendered":"<p>\u201eKaspian\u201c lentyna \u2013 universalus pateikimas. \u201eKaspian\u201c modulin\u0117 bald\u0173 sistema \u2013 puikus pasirinkimas modernaus interjero m\u0117g\u0117jams, kur estetika dera su funkcionalumu. \u0160ios kolekcijos dalis \u201eKaspian\u201c lentyna puikiai atitinka \u0161i\u0105 koncepcij\u0105, si\u016blydama daugyb\u0119 i\u0161d\u0117stymo ir naudojimo galimybi\u0173. Vienas i\u0161 pagrindini\u0173 \u201eKaspian\u201c lentynos privalum\u0173 \u2013 \u012fsp\u016bdinga i\u0161vaizda. Fanera, imituojanti nat\u016bralios medienos strukt\u016br\u0105 ir ra\u0161t\u0105, suteikia lentynai unikal\u0173 charakter\u012f ir estetin\u012f patrauklum\u0105. D\u0117l to lentyna yra ne tik prakti\u0161kas baldas, bet ir dekoratyvinis elementas, galintis papuo\u0161ti bet kurio kambario dekor\u0105. Kompakti\u0161ki lentynos matmenys ir paprasta forma puikiai tinka daugumai nam\u0173 interjer\u0173, neu\u017eimant daug vietos. Tai idealus sprendimas ie\u0161kantiems funkcionalaus baldo, kuris neu\u017ego\u017et\u0173 erdv\u0117s, bet ir b\u016bt\u0173 unikalus. \u201eKaspian\u201c lentyna namuose gali atlikti \u012fvairias funkcijas. Ant jos galima eksponuoti \u012fdomius aksesuarus, dekoratyvinius daiktus ar \u0161eimos relikvijas. Ant jos galite eksponuoti knygas, nuotraukas, vazoninius augalus ar kitus dekoratyvinius elementus, kad suteiktum\u0117te savo interjerui asmeni\u0161kumo. \u201eKaspian\u201c lentyna puikiai dera su kitais \u201eKaspian\u201c sistemos elementais, sukurdama darn\u0173 interjero dizain\u0105. J\u0105 galima kabinti vir\u0161 ra\u0161omojo stalo, komodos ar kit\u0173 bald\u0173, papildant miegamojo, svetain\u0117s, darbo kambario ar valgomojo interjer\u0105. Trumpai tariant, \u201eKaspian\u201c lentyna yra baldas, kuriame derinamas estetika ir funkcionalumas. Ry\u0161ki i\u0161vaizda, kompakti\u0161kas dydis ir galimyb\u0117 eksponuoti \u012fvairius daiktus paver\u010dia j\u0105 universaliu interjero dizaino elementu. Tai puikus sprendimas tiems, kurie vertina modern\u0173 dizain\u0105, bet nenori aukoti prakti\u0161kumo ir asmeninio savo nam\u0173 \u017eavesio.<\/p>\n<p>Prek\u0117s kodas S128-POL\/100-BI Simbolis ZM EAN Plotis 105 cm Gylis 25 cm Auk\u0161tis 4 cm Kolekcija Kaspian Spalva balta Atspalvis baltas Stilius modernus Gamintojas Juoda Raudona Balta Bald\u0173 tipas Lentynos PVM 23% EAN 5906123883634<\/p>","protected":false},"excerpt":{"rendered":"<p>\u201eKaspian\u201c lentyna \u2013 universalus pristatymas. Modulin\u0117 bald\u0173 sistema \u201eKaspian\u201c \u2013 puikus pasirinkimas modernaus interjero m\u0117g\u0117jams, kur estetika dera su funkcionalumu. \u0160ios kolekcijos lentyna \u201eKaspian\u201c puikiai atitinka \u0161i\u0105 koncepcij\u0105, si\u016blydama daugyb\u0119 i\u0161d\u0117stymo ir naudojimo galimybi\u0173. Vienas i\u0161 pagrindini\u0173 \u201eKaspian\u201c privalum\u0173 [\u2026]<\/p>","protected":false},"featured_media":263127,"comment_status":"open","ping_status":"open","template":"","meta":[],"product_brand":[],"product_cat":[9200,1174],"product_tag":[],"class_list":{"0":"post-263126","1":"product","2":"type-product","3":"status-publish","4":"has-post-thumbnail","6":"product_cat-black-red-white","7":"product_cat-hanging-shelves","9":"first","10":"instock","11":"purchasable","12":"product-type-simple"},"_links":{"self":[{"href":"https:\/\/baldumarket.lt\/lt\/wp-json\/wp\/v2\/product\/263126","targetHints":{"allow":["GET"]}}],"collection":[{"href":"https:\/\/baldumarket.lt\/lt\/wp-json\/wp\/v2\/product"}],"about":[{"href":"https:\/\/baldumarket.lt\/lt\/wp-json\/wp\/v2\/types\/product"}],"replies":[{"embeddable":true,"href":"https:\/\/baldumarket.lt\/lt\/wp-json\/wp\/v2\/comments?post=263126"}],"wp:featuredmedia":[{"embeddable":true,"href":"https:\/\/baldumarket.lt\/lt\/wp-json\/wp\/v2\/media\/263127"}],"wp:attachment":[{"href":"https:\/\/baldumarket.lt\/lt\/wp-json\/wp\/v2\/media?parent=263126"}],"wp:term":[{"taxonomy":"product_brand","embeddable":true,"href":"https:\/\/baldumarket.lt\/lt\/wp-json\/wp\/v2\/product_brand?post=263126"},{"taxonomy":"product_cat","embeddable":true,"href":"https:\/\/baldumarket.lt\/lt\/wp-json\/wp\/v2\/product_cat?post=263126"},{"taxonomy":"product_tag","embeddable":true,"href":"https:\/\/baldumarket.lt\/lt\/wp-json\/wp\/v2\/product_tag?post=263126"}],"curies":[{"name":"wp","href":"https:\/\/api.w.org\/{rel}","templated":true}]}}