{"id":263123,"date":"2026-01-13T23:35:43","date_gmt":"2026-01-13T20:35:43","guid":{"rendered":"https:\/\/baldumarket.lt\/product\/polka-horton-166-cm-dab-zloty-grandson-bialy-polysk\/"},"modified":"2026-02-11T18:19:07","modified_gmt":"2026-02-11T15:19:07","slug":"polka-horton-166-cm-dab-zloty-grandson-bialy-polysk","status":"publish","type":"product","link":"https:\/\/baldumarket.lt\/lt\/product\/polka-horton-166-cm-dab-zloty-grandson-bialy-polysk\/","title":{"rendered":"HORTON lentyna 166 cm, auksinio \u0105\u017euolo \u201eGrandson\u201c \/ baltos blizgios spalvos"},"content":{"rendered":"<p>\u201eHorton\u201c lentyna \u2013 tvarkingumas su elegancija. Ie\u0161kote funkcionalios sienin\u0117s lentynos, kuri ne tik sutvarkyt\u0173 j\u016bs\u0173 erdv\u0119, bet ir suteikt\u0173 elegancijos j\u016bs\u0173 interjerui? M\u016bs\u0173 pasi\u016blymas yra puikus sprendimas \u2013 klasikin\u0117 lentyna, kurioje ne tik tilps knygos ir aksesuarai, bet ir bus stilinga. Baltos\/\u0105\u017euolo spalvos lentyna pasi\u017eymi harmoningu spalv\u0173 deriniu, kuris puikiai dera prie modernaus ar lofto stiliaus interjero. Puikiai tinka svetainei, miegamajam ar jaunimo kambariui, ji u\u017epildys erdv\u0119, suteikdama gaivumo ir organizuotumo \u012fsp\u016bd\u012f. M\u016bs\u0173 lentyna ne tik padeda susitvarkyti daiktus, bet ir yra esteti\u0161kai patrauklus dekoratyvinis elementas. Pagaminta i\u0161 auk\u0161\u010diausios kokyb\u0117s med\u017eiag\u0173, ji pasi\u017eymi stilingu ir minimalistiniu dizainu, kuris puikiai tiks \u012fvairiuose interjeruose. Tai ne tik prakti\u0161ka, bet ir dekoratyvus akcentas, pritrauksiantis d\u0117mes\u012f. M\u016bs\u0173 lentynoje galite laikyti knygas, aksesuarus ir kitus nieku\u010dius funkcionaliai ir stilingai. Su m\u016bs\u0173 klasikine lentyna atraskite, kaip tvarkingumas gali der\u0117ti su elegancija!<\/p>\n<p>Prek\u0117s kodas S488-POL-DZG\/BIP Simbolis ZM EAN Plotis 166 cm Gylis 27 cm Auk\u0161tis 25 cm Kolekcija Horton Spalva grandson auksinis \u0105\u017euolas\/blizgi balta Atspalvis balta Stilius modernus Med\u017eiaga laminatas Gamintojas Juoda Raudona Balta Bald\u0173 tipas Lentynos PVM 23% EAN 5906123709101<\/p>","protected":false},"excerpt":{"rendered":"<p>\u201eHorton\u201c lentyna \u2013 tvarkinga ir eleganti\u0161ka. Ie\u0161kote funkcionalios sienin\u0117s lentynos, kuri ne tik sutvarkyt\u0173 j\u016bs\u0173 erdv\u0119, bet ir suteikt\u0173 interjerui elegancijos? M\u016bs\u0173 pasi\u016blymas \u2013 puikus sprendimas \u2013 klasikin\u0117 lentyna, kurioje ne tik tilps knygos ir aksesuarai, bet ir bus stilinga. Baltos \/ \u0105\u017euolo spalvos, [\u2026]<\/p>","protected":false},"featured_media":263124,"comment_status":"open","ping_status":"open","template":"","meta":[],"product_brand":[],"product_cat":[9200,1174],"product_tag":[],"class_list":{"0":"post-263123","1":"product","2":"type-product","3":"status-publish","4":"has-post-thumbnail","6":"product_cat-black-red-white","7":"product_cat-hanging-shelves","9":"first","10":"instock","11":"purchasable","12":"product-type-simple"},"_links":{"self":[{"href":"https:\/\/baldumarket.lt\/lt\/wp-json\/wp\/v2\/product\/263123","targetHints":{"allow":["GET"]}}],"collection":[{"href":"https:\/\/baldumarket.lt\/lt\/wp-json\/wp\/v2\/product"}],"about":[{"href":"https:\/\/baldumarket.lt\/lt\/wp-json\/wp\/v2\/types\/product"}],"replies":[{"embeddable":true,"href":"https:\/\/baldumarket.lt\/lt\/wp-json\/wp\/v2\/comments?post=263123"}],"wp:featuredmedia":[{"embeddable":true,"href":"https:\/\/baldumarket.lt\/lt\/wp-json\/wp\/v2\/media\/263124"}],"wp:attachment":[{"href":"https:\/\/baldumarket.lt\/lt\/wp-json\/wp\/v2\/media?parent=263123"}],"wp:term":[{"taxonomy":"product_brand","embeddable":true,"href":"https:\/\/baldumarket.lt\/lt\/wp-json\/wp\/v2\/product_brand?post=263123"},{"taxonomy":"product_cat","embeddable":true,"href":"https:\/\/baldumarket.lt\/lt\/wp-json\/wp\/v2\/product_cat?post=263123"},{"taxonomy":"product_tag","embeddable":true,"href":"https:\/\/baldumarket.lt\/lt\/wp-json\/wp\/v2\/product_tag?post=263123"}],"curies":[{"name":"wp","href":"https:\/\/api.w.org\/{rel}","templated":true}]}}