{"id":263120,"date":"2026-01-13T23:35:40","date_gmt":"2026-01-13T20:35:40","guid":{"rendered":"https:\/\/baldumarket.lt\/product\/polka-hesen-175-cm-grafit-dab-artisan\/"},"modified":"2026-02-11T18:19:07","modified_gmt":"2026-02-11T15:19:07","slug":"polka-hesen-175-cm-grafit-dab-artisan","status":"publish","type":"product","link":"https:\/\/baldumarket.lt\/lt\/product\/polka-hesen-175-cm-grafit-dab-artisan\/","title":{"rendered":"HESEN lentyna 175 cm grafito spalvos\/artisan \u0105\u017euolo spalvos"},"content":{"rendered":"<p>\u201eHesen\u201c lentyna \u2013 funkcionali ir stilinga. \u201eHesen\u201c kolekcija \u012fkv\u0117pta \u0161iaurieti\u0161ko stiliaus, kuriam b\u016bdingas ai\u0161kumas ir form\u0173 paprastumas. Jei ie\u0161kote prakti\u0161k\u0173 ir stiling\u0173 sprendim\u0173 savo svetainei, prie\u0161kambariui ar biurui, \u201eHesen\u201c lentyna gali b\u016bti puikus j\u016bs\u0173 bald\u0173 komplekto papildymas. \u201eHesen\u201c lentyna ne tik leid\u017eia laikyti nieku\u010dius, bet ir yra dekoratyvinis elementas. Ant jos galite eksponuoti g\u0117les dekoratyviniuose vazonuose, dizaineri\u0173 kurtus papuo\u0161alus, knygas ar kitus daiktus. I\u0161d\u0117stymo galimyb\u0117s yra pla\u010dios, o pasirinkimas priklauso nuo j\u016bs\u0173 pageidavim\u0173. 175 x 25 cm dyd\u017eio pakabinam\u0105 lentyn\u0105 galima pastatyti vir\u0161 televizoriaus, komodos ar bet kur kitur, kur norite dekoruoti daiktus arba kur jums reikia papildomos vietos daiktams laikyti. \u201eHesen\u201c lentyna yra dviej\u0173 spalv\u0173. Galite rinktis meni\u0161ko \u0105\u017euolo pagrind\u0105 su grafito spalvos nugar\u0117le arba \u0161viesaus Sibiu maumed\u017eio ir Larico pu\u0161ies nugar\u0117le derin\u012f. Tai leid\u017eia lentyn\u0105 derinti su likusiu interjero dizainu. Prid\u0117j\u0119 \u201eHesen\u201c lentyn\u0105 prie savo interjero, sukursite ir prakti\u0161k\u0105 daikt\u0173 laikymo viet\u0105, ir dizainerio bald\u0105, kuris suteiks j\u016bs\u0173 kambariui \u017eavesio. \u201eHesen\u201c kolekcija leid\u017eia u\u017etikrinti svetain\u0117s dizaino darn\u0105 ir pasirinkti kitus baldus, kurie papildyt\u0173 \u0161\u012f stili\u0173.<\/p>\n<p>Prek\u0117s kodas S515-P\/2\/18-GF\/DASN Simbolis ZM EAN Plotis 175 cm Gylis 24 cm Auk\u0161tis 25 cm Kolekcija Hesen Spalva grafito\/artisan \u0105\u017euolo atspalvis grafito Skandinavi\u0161ko stiliaus Gamintojas Juoda Raudona Balta Bald\u0173 tipas Lentynos PVM 23% EAN 5906123812368<\/p>","protected":false},"excerpt":{"rendered":"<p>\u201eHesen\u201c lentyna \u2013 funkcionali ir stilinga. \u201eHesen\u201c kolekcija \u012fkv\u0117pta \u0161iaurieti\u0161ko stiliaus, kuriam b\u016bdingas ai\u0161kumas ir form\u0173 paprastumas. Jei ie\u0161kote prakti\u0161k\u0173 ir stiling\u0173 sprendim\u0173 savo svetainei, prie\u0161kambariui ar biurui, \u201eHesen\u201c lentyna gali b\u016bti puikus j\u016bs\u0173 bald\u0173 komplekto papildymas. \u201eHesen\u201c lentyna ne tik [\u2026]<\/p>","protected":false},"featured_media":263121,"comment_status":"open","ping_status":"open","template":"","meta":[],"product_brand":[],"product_cat":[9200,1174],"product_tag":[],"class_list":{"0":"post-263120","1":"product","2":"type-product","3":"status-publish","4":"has-post-thumbnail","6":"product_cat-black-red-white","7":"product_cat-hanging-shelves","9":"first","10":"instock","11":"purchasable","12":"product-type-simple"},"_links":{"self":[{"href":"https:\/\/baldumarket.lt\/lt\/wp-json\/wp\/v2\/product\/263120","targetHints":{"allow":["GET"]}}],"collection":[{"href":"https:\/\/baldumarket.lt\/lt\/wp-json\/wp\/v2\/product"}],"about":[{"href":"https:\/\/baldumarket.lt\/lt\/wp-json\/wp\/v2\/types\/product"}],"replies":[{"embeddable":true,"href":"https:\/\/baldumarket.lt\/lt\/wp-json\/wp\/v2\/comments?post=263120"}],"wp:featuredmedia":[{"embeddable":true,"href":"https:\/\/baldumarket.lt\/lt\/wp-json\/wp\/v2\/media\/263121"}],"wp:attachment":[{"href":"https:\/\/baldumarket.lt\/lt\/wp-json\/wp\/v2\/media?parent=263120"}],"wp:term":[{"taxonomy":"product_brand","embeddable":true,"href":"https:\/\/baldumarket.lt\/lt\/wp-json\/wp\/v2\/product_brand?post=263120"},{"taxonomy":"product_cat","embeddable":true,"href":"https:\/\/baldumarket.lt\/lt\/wp-json\/wp\/v2\/product_cat?post=263120"},{"taxonomy":"product_tag","embeddable":true,"href":"https:\/\/baldumarket.lt\/lt\/wp-json\/wp\/v2\/product_tag?post=263120"}],"curies":[{"name":"wp","href":"https:\/\/api.w.org\/{rel}","templated":true}]}}