{"id":263117,"date":"2026-01-13T23:35:38","date_gmt":"2026-01-13T20:35:38","guid":{"rendered":"https:\/\/baldumarket.lt\/product\/polka-azteca-trio-150-cm-bialy-bialy-polysk\/"},"modified":"2026-02-11T18:19:07","modified_gmt":"2026-02-11T15:19:07","slug":"polka-azteca-trio-150-cm-bialy-bialy-polysk","status":"publish","type":"product","link":"https:\/\/baldumarket.lt\/lt\/product\/polka-azteca-trio-150-cm-bialy-bialy-polysk\/","title":{"rendered":"AZTECA TRIO lentyna 150 cm balta\/blizgi balta"},"content":{"rendered":"<p>\u201eAzteca Trio\u201c lentyna \u2013 elegancija ir funkcionalumas be matom\u0173 tvirtinimo element\u0173. \u201eAzteca Trio\u201c kolekcija derina modern\u0173 dizain\u0105 su prakti\u0161kais sprendimais, o \u201eAzteca Trio\u201c lentyna yra puikus baldo, kuris ne tik padeda sutvarkyti erdv\u0119, bet ir suteikia elegancijos bei stiliaus j\u016bs\u0173 interjerui, pavyzdys. Jei turite daug suvenyr\u0173 i\u0161 pra\u0117jusi\u0173 atostog\u0173 arba m\u0117gstate eksponuoti \u0161eimos nuotraukas, \u201eAzteca Trio\u201c lentyna yra puikus sprendimas. Jos 150 cm plo\u010dio stalvir\u0161is suteikia puik\u0173 pavir\u0161i\u0173 dekoracijoms, nuotraukoms ar kitiems smulkiems daiktams, kuriuos nor\u0117tum\u0117te eksponuoti, eksponuoti. \u0160i lentyna puikiai dera su kitais \u201eAzteca Trio\u201c kolekcijos baldais, tokiais kaip komoda KOM4S, spintel\u0117 REG4D arba stalas BIU1D1S, sukurdama darn\u0173 interjero dizain\u0105. \u201eAzteca Trio\u201c lentyna yra eleganti\u0161kos baltos\/baltos blizgios spalv\u0173 gamos, kuri dera prie \u012fvairi\u0173 interjero stili\u0173. Minimalistinis lentynos dizainas pabr\u0117\u017eia jos modern\u0173 charakter\u012f. Vienas i\u0161 unikali\u0173 \u0161ios lentynos bruo\u017e\u0173 \u2013 galin\u0117 plok\u0161t\u0117, kurioje pasl\u0117pti tvirtinimo elementai. Tai ne tik apsaugo sien\u0105 nuo d\u0117mi\u0173, bet ir u\u017etikrina tvarking\u0105 bei tvarking\u0105 i\u0161vaizd\u0105, nes n\u0117ra matom\u0173 var\u017et\u0173 ar ranken\u0173. \u201eAzteca Trio\u201c lentyna pasi\u017eymi universaliu, paprastu dizainu, kuris papildo kitus kolekcijos elementus. Galite laisvai derinti elementus, sukurdami savo svajoni\u0173 modern\u0173 interjero dizain\u0105, kuris b\u016bt\u0173 ne tik funkcionalus, bet ir esteti\u0161kai patrauklus. Trumpai tariant, \u201eAzteca Trio\u201c lentyna yra ne tik prakti\u0161kas baldas daiktams laikyti ir eksponuoti, bet ir eleganti\u0161kas dekoratyvinis elementas. D\u0117l minimalistinio dizaino, funkcionalumo ir pasl\u0117pt\u0173 tvirtinimo element\u0173 ji puikiai tinka \u012fvairioms j\u016bs\u0173 nam\u0173 patalpoms. \u0160is baldas derina stili\u0173 ir prakti\u0161kum\u0105, sukurdamas eleganti\u0161k\u0105 erdv\u0119 j\u016bs\u0173 asmeniniam skoniui i\u0161reik\u0161ti.<\/p>\n<p>Prek\u0117s kodas S504-P\/2\/15-BI\/BIP Simbolis ZM EAN Plotis 150 cm Gylis 20 cm Auk\u0161tis 20 cm Kolekcija Azteca Trio Spalva balta\/blizgi balta Gaubtas baltas Stilius modernus Gamintojas Juoda Raudona Balta Bald\u0173 tipas Lentynos PVM 23% EAN 5906123714617<\/p>","protected":false},"excerpt":{"rendered":"<p>\u201eAzteca Trio\u201c lentyna \u2013 elegancija ir funkcionalumas be matom\u0173 tvirtinimo element\u0173. \u201eAzteca Trio\u201c kolekcijoje derinamas modernus dizainas su prakti\u0161kais sprendimais, o \u201eAzteca Trio\u201c lentyna yra puikus baldo, kuris ne tik padeda sutvarkyti erdv\u0119, bet ir suteikia interjerui elegancijos bei stiliaus, pavyzdys. Jei turite daug suvenyr\u0173 [\u2026]<\/p>","protected":false},"featured_media":263118,"comment_status":"open","ping_status":"open","template":"","meta":[],"product_brand":[],"product_cat":[9200,1174],"product_tag":[],"class_list":{"0":"post-263117","1":"product","2":"type-product","3":"status-publish","4":"has-post-thumbnail","6":"product_cat-black-red-white","7":"product_cat-hanging-shelves","9":"first","10":"instock","11":"purchasable","12":"product-type-simple"},"_links":{"self":[{"href":"https:\/\/baldumarket.lt\/lt\/wp-json\/wp\/v2\/product\/263117","targetHints":{"allow":["GET"]}}],"collection":[{"href":"https:\/\/baldumarket.lt\/lt\/wp-json\/wp\/v2\/product"}],"about":[{"href":"https:\/\/baldumarket.lt\/lt\/wp-json\/wp\/v2\/types\/product"}],"replies":[{"embeddable":true,"href":"https:\/\/baldumarket.lt\/lt\/wp-json\/wp\/v2\/comments?post=263117"}],"wp:featuredmedia":[{"embeddable":true,"href":"https:\/\/baldumarket.lt\/lt\/wp-json\/wp\/v2\/media\/263118"}],"wp:attachment":[{"href":"https:\/\/baldumarket.lt\/lt\/wp-json\/wp\/v2\/media?parent=263117"}],"wp:term":[{"taxonomy":"product_brand","embeddable":true,"href":"https:\/\/baldumarket.lt\/lt\/wp-json\/wp\/v2\/product_brand?post=263117"},{"taxonomy":"product_cat","embeddable":true,"href":"https:\/\/baldumarket.lt\/lt\/wp-json\/wp\/v2\/product_cat?post=263117"},{"taxonomy":"product_tag","embeddable":true,"href":"https:\/\/baldumarket.lt\/lt\/wp-json\/wp\/v2\/product_tag?post=263117"}],"curies":[{"name":"wp","href":"https:\/\/api.w.org\/{rel}","templated":true}]}}