{"id":263110,"date":"2026-01-13T23:35:33","date_gmt":"2026-01-13T20:35:33","guid":{"rendered":"https:\/\/baldumarket.lt\/product\/polka-50-nandu-jasny-szary-dab-polski\/"},"modified":"2026-02-11T18:19:07","modified_gmt":"2026-02-11T15:19:07","slug":"polka-50-nandu-jasny-szary-dab-polski","status":"publish","type":"product","link":"https:\/\/baldumarket.lt\/lt\/product\/polka-50-nandu-jasny-szary-dab-polski\/","title":{"rendered":"Lentyna 50 NANDU \u0161viesiai pilka\/lenki\u0161ko \u0105\u017euolo spalvos"},"content":{"rendered":"<p>\u201eNandu\u201c lentyna \u2013 eleganti\u0161kas, b\u016btinas pirkinys jaunam kolekcionieriui. \u012e savo paauglio kambar\u012f \u012fne\u0161kite modern\u0173 ir funkcional\u0173 \u201eNandu\u201c kolekcijos element\u0105. \u201eNandu\u201c lentyna yra ne tik baldas; tai vieta, kuri \u012fkvepia j\u012f siekti savo aistr\u0173 ir eksponuoti m\u0117gstamiausias kolekcijas. \u201eNandu\u201c kolekcija suteikia interjerui modernumo su geometrin\u0117mis formomis, lygiais fasadais ir dizaineri\u0173 detal\u0117mis. \u201eNandu\u201c lentyna puikiai atitinka \u0161i\u0105 koncepcij\u0105, sukurdama unikali\u0105 viet\u0105 eksponuoti savo aistroms ir kolekcijoms. Jei j\u016bs\u0173 vaikas aistringai domisi modeliavimu ar fotografija, \u201eNandu\u201c lentyna yra puikus sprendimas. Asimetri\u0161kos lentynos ne tik suteikia baldams modernumo, bet ir sukuria \u012fvairias erdves, puikiai tinkan\u010dias \u012fsp\u016bdingiems laiv\u0173 modeliams ar fotoaparatams eksponuoti. Lentynos \u0161viesiai pilka i\u0161or\u0117 puikiai dera su lenki\u0161ko \u0105\u017euolo vidumi, sukurdama harmoning\u0105 ir eleganti\u0161k\u0105 vizualin\u012f efekt\u0105. Tai ne tik prakti\u0161ka daikt\u0173 laikymo vieta, bet ir stilingas kambario papildymas. Pad\u0117kite \u201eNandu\u201c lentyn\u0105 vir\u0161 stalo, komodos ar televizoriaus staliuko, kad sukurtum\u0117te prakti\u0161k\u0105 studij\u0173 ir pramog\u0173 zon\u0105. Tai puikus sprendimas paauglio kambario organizavimui. \u201eNandu\u201c lentyna puikiai dera su kitais kolekcijos elementais. Derinkite j\u0105 su stalu, lentyna ar spintele, kad sukurtum\u0117te visavert\u0119, funkcionali\u0105 ir stiling\u0105 erdv\u0119, kurioje j\u016bs\u0173 vaikas gal\u0117t\u0173 lavinti savo pom\u0117gius. \u201eNandu\u201c lentyna \u2013 tai ne tik daikt\u0173 laikymo vieta; ji padeda j\u016bs\u0173 vaikui i\u0161reik\u0161ti savo pom\u0117gius ir aistras. Su \u201eNandu\u201c kolekcija sukurkite jauki\u0105 ir \u012fkvepian\u010di\u0105 erdv\u0119, kurioje gal\u0117t\u0173 klest\u0117ti k\u016brybi\u0161kumas ir smalsumas apie pasaul\u012f.<\/p>\n<p>Prek\u0117s kodas S441-POL\/50-JSZ\/DP Simbolis ZM EAN Plotis 56 cm Gylis 22 cm Auk\u0161tis 56 cm Kolekcija Nandu Spalva \u0161viesiai pilka\/poliruotas \u0105\u017euolas pilkas Atspalvis Stilius modernus Med\u017eiaga laminatas Gamintojas Juoda Raudona Balta Bald\u0173 tipas Lentynos PVM 23% EAN 5906123952521<\/p>","protected":false},"excerpt":{"rendered":"<p>\u201eNandu\u201c lentyna \u2013 eleganti\u0161kas, b\u016btinas daiktas jaunam kolekcionieriui. \u012e savo paauglio erdv\u0119 \u012fne\u0161kite modern\u0173 ir funkcional\u0173 \u201eNandu\u201c kolekcijos element\u0105. \u201eNandu\u201c lentyna yra ne tik baldas; tai vieta, kuri \u012fkvepia j\u012f siekti savo aistr\u0173 ir eksponuoti m\u0117gstamiausias kolekcijas. \u201eNandu\u201c kolekcija suteikia [\u2026]<\/p>","protected":false},"featured_media":263111,"comment_status":"open","ping_status":"open","template":"","meta":[],"product_brand":[],"product_cat":[9200,1174],"product_tag":[],"class_list":{"0":"post-263110","1":"product","2":"type-product","3":"status-publish","4":"has-post-thumbnail","6":"product_cat-black-red-white","7":"product_cat-hanging-shelves","9":"first","10":"instock","11":"purchasable","12":"product-type-simple"},"_links":{"self":[{"href":"https:\/\/baldumarket.lt\/lt\/wp-json\/wp\/v2\/product\/263110","targetHints":{"allow":["GET"]}}],"collection":[{"href":"https:\/\/baldumarket.lt\/lt\/wp-json\/wp\/v2\/product"}],"about":[{"href":"https:\/\/baldumarket.lt\/lt\/wp-json\/wp\/v2\/types\/product"}],"replies":[{"embeddable":true,"href":"https:\/\/baldumarket.lt\/lt\/wp-json\/wp\/v2\/comments?post=263110"}],"wp:featuredmedia":[{"embeddable":true,"href":"https:\/\/baldumarket.lt\/lt\/wp-json\/wp\/v2\/media\/263111"}],"wp:attachment":[{"href":"https:\/\/baldumarket.lt\/lt\/wp-json\/wp\/v2\/media?parent=263110"}],"wp:term":[{"taxonomy":"product_brand","embeddable":true,"href":"https:\/\/baldumarket.lt\/lt\/wp-json\/wp\/v2\/product_brand?post=263110"},{"taxonomy":"product_cat","embeddable":true,"href":"https:\/\/baldumarket.lt\/lt\/wp-json\/wp\/v2\/product_cat?post=263110"},{"taxonomy":"product_tag","embeddable":true,"href":"https:\/\/baldumarket.lt\/lt\/wp-json\/wp\/v2\/product_tag?post=263110"}],"curies":[{"name":"wp","href":"https:\/\/api.w.org\/{rel}","templated":true}]}}