{"id":263107,"date":"2026-01-13T23:35:31","date_gmt":"2026-01-13T20:35:31","guid":{"rendered":"https:\/\/baldumarket.lt\/product\/polka-156-holten-156-cm-dab-waterford\/"},"modified":"2026-02-11T18:19:07","modified_gmt":"2026-02-11T15:19:07","slug":"polka-156-holten-156-cm-dab-waterford","status":"publish","type":"product","link":"https:\/\/baldumarket.lt\/lt\/product\/polka-156-holten-156-cm-dab-waterford\/","title":{"rendered":"Lentyna 156 HOLTEN 156 cm Waterford \u0105\u017euolas"},"content":{"rendered":"<p>\u201eHolten\u201c lentyna \u2013 pademonstruokite savo dekoracijas. \u201eHolten\u201c lentyna i\u0161 modernios \u201eHolten\u201c kolekcijos yra puikus sprendimas, jei ie\u0161kote vietos, kur eksponuoti savo dekoracijas ir papuo\u0161alus. \u0160tai kelios prie\u017eastys, kod\u0117l verta apsvarstyti \u0161i\u0105 lentyn\u0105: plati \u201eHolten\u201c lentyna yra puikus pavir\u0161ius dekoratyvin\u0117ms vazoms, fig\u016br\u0117l\u0117ms, paveiksl\u0173 r\u0117meliams ir kitiems dekoratyviniams daiktams, kuriuos norite eksponuoti, eksponuoti. Ji leid\u017eia sukurti \u012fsp\u016bding\u0105 ir suasmenint\u0105 i\u0161d\u0117stym\u0105 j\u016bs\u0173 svetain\u0117je. \u201eHolten\u201c lentyna pasi\u017eymi paprasta matine balta apdaila, kuri papildo minimalistin\u012f \u201eHolten\u201c kolekcijos stili\u0173. D\u0117l to ji yra universali ir tinkama \u012fvairiems interjerams. 156 cm plo\u010dio lentyna puikiai dera su kitais \u201eHolten\u201c kolekcijos daiktais, tokiais kaip televizoriaus staliukas ar komoda. Galite juos derinti, kad sukurtum\u0117te darni\u0105 ir funkcionali\u0105 erdv\u0119 savo svetain\u0117je. \u201eHolten\u201c lentynos maksimali apkrova yra 5 kg, tod\u0117l ant jos galite saugiai d\u0117ti \u012fvairius daiktus. \u201eHolten\u201c kolekcija si\u016blo plat\u0173 element\u0173 pasirinkim\u0105, tod\u0117l galite pritaikyti i\u0161d\u0117stym\u0105 pagal savo poreikius ir pageidavimus. Galite laisvai mai\u0161yti ir derinti \u0161ios kolekcijos baldus, sukurdami darn\u0173 interjer\u0105 savo namuose. \u201eHolten\u201c lentyna yra ne tik prakti\u0161kas baldas, bet ir dekoratyvinis elementas, galintis pakeisti ir pagra\u017einti j\u016bs\u0173 interjer\u0105. D\u0117l minimalistinio dizaino ir universalumo galite sukurti eleganti\u0161k\u0105 ir suasmenint\u0105 erdv\u0119 savo svetain\u0117je.<\/p>\n<p>Prek\u0117s kodas S493-POL\/156-DWF Simbolis ZM EAN Plotis 156 cm Gylis 24 cm Auk\u0161tis 22 cm Kolekcija Holten Spalva Waterford \u0105\u017euolas Atspalvis tamsi mediena Stilius modernus Gamintojas Juoda Raudona Balta Bald\u0173 tipas Lentynos PVM 23% EAN 5906123709842<\/p>","protected":false},"excerpt":{"rendered":"<p>\u201eHolten\u201c lentyna \u2013 pademonstruokite savo dekoracijas. \u201eHolten\u201c lentyna i\u0161 modernios \u201eHolten\u201c kolekcijos yra puikus sprendimas, jei ie\u0161kote vietos, kur eksponuoti savo dekoracijas ir papuo\u0161alus. \u0160tai kelios prie\u017eastys, kod\u0117l verta apsvarstyti \u0161i\u0105 lentyn\u0105: plati \u201eHolten\u201c lentyna yra puikus pavir\u0161ius dekoratyvin\u0117ms vazoms, fig\u016br\u0117l\u0117ms, paveiksl\u0173 r\u0117mams ir [\u2026] eksponuoti.<\/p>","protected":false},"featured_media":263108,"comment_status":"open","ping_status":"open","template":"","meta":[],"product_brand":[],"product_cat":[9200,1174],"product_tag":[],"class_list":{"0":"post-263107","1":"product","2":"type-product","3":"status-publish","4":"has-post-thumbnail","6":"product_cat-black-red-white","7":"product_cat-hanging-shelves","9":"first","10":"instock","11":"purchasable","12":"product-type-simple"},"_links":{"self":[{"href":"https:\/\/baldumarket.lt\/lt\/wp-json\/wp\/v2\/product\/263107","targetHints":{"allow":["GET"]}}],"collection":[{"href":"https:\/\/baldumarket.lt\/lt\/wp-json\/wp\/v2\/product"}],"about":[{"href":"https:\/\/baldumarket.lt\/lt\/wp-json\/wp\/v2\/types\/product"}],"replies":[{"embeddable":true,"href":"https:\/\/baldumarket.lt\/lt\/wp-json\/wp\/v2\/comments?post=263107"}],"wp:featuredmedia":[{"embeddable":true,"href":"https:\/\/baldumarket.lt\/lt\/wp-json\/wp\/v2\/media\/263108"}],"wp:attachment":[{"href":"https:\/\/baldumarket.lt\/lt\/wp-json\/wp\/v2\/media?parent=263107"}],"wp:term":[{"taxonomy":"product_brand","embeddable":true,"href":"https:\/\/baldumarket.lt\/lt\/wp-json\/wp\/v2\/product_brand?post=263107"},{"taxonomy":"product_cat","embeddable":true,"href":"https:\/\/baldumarket.lt\/lt\/wp-json\/wp\/v2\/product_cat?post=263107"},{"taxonomy":"product_tag","embeddable":true,"href":"https:\/\/baldumarket.lt\/lt\/wp-json\/wp\/v2\/product_tag?post=263107"}],"curies":[{"name":"wp","href":"https:\/\/api.w.org\/{rel}","templated":true}]}}