{"id":263100,"date":"2026-01-13T23:35:26","date_gmt":"2026-01-13T20:35:26","guid":{"rendered":"https:\/\/baldumarket.lt\/product\/polka-150-cm-kassel-dab-monastery-dab-czarny\/"},"modified":"2026-02-11T18:19:07","modified_gmt":"2026-02-11T15:19:07","slug":"polka-150-cm-kassel-dab-monastery-dab-czarny","status":"publish","type":"product","link":"https:\/\/baldumarket.lt\/lt\/product\/polka-150-cm-kassel-dab-monastery-dab-czarny\/","title":{"rendered":"Lentyna 150 cm KASSEL vienuolyno \u0105\u017euolas\/juodasis \u0105\u017euolas"},"content":{"rendered":"<p>Kaselio lentyna \u2013 puikiai tinka sienai<br \/>\nJau\u010diate, kad j\u016bs\u0173 interjere ka\u017eko tr\u016bksta? Ar jau turite kit\u0173 \u201eKassel\u201c kolekcijos gamini\u0173 ir norite pagyvinti savo interjer\u0105 stilingais akcentais? \u201eKassel\u201c lentyna \u2013 puikus sprendimas, tinkantis tiek svetainei, tiek miegamajam, suteikiantis visai erdvei unikal\u0173 charakter\u012f.<\/p>\n<p>\u0160i sienin\u0117 lentyna yra puiki alternatyva didel\u0117ms knyg\u0173 lentynoms, idealiai tinka ma\u017eesn\u0117ms patalpoms. Joje galite eksponuoti daiktus, kurie sukelia teigiamas asociacijas, arba \u0161eimos nuotrauk\u0173 kolekcij\u0105. Tai taip pat puiki vieta dekoracijoms ar augalams.<\/p>\n<p>Paprasta lentynos forma puikiai dera su originalia spalv\u0173 gama. Jos galin\u0117 sienel\u0117 sujungia juodo \u0105\u017euolo elegancij\u0105 su abatijos \u0105\u017euolo \u0161iluma, sukurdama unikal\u0173 fon\u0105 dekoracijoms ir suvenyrams. Med\u017eio ra\u0161tas suteikia kambariui papildomo jaukumo. \u0160i lentyna puikiai dera prie modernaus ir lofto stiliaus interjero.<\/p>\n<p>Pakabinama lentyna \u201eKassel\u201c puikiai dera su tos pa\u010dios kolekcijos baldais. Pavyzd\u017eiui, pastat\u0119 j\u0105 vir\u0161 televizoriaus, stovin\u010dio ant \u0161ios linijos stovo, sukursite darni\u0105 savo pramog\u0173 erdv\u0117s aplink\u0105.<\/p>\n<p>Prek\u0117s kodas S491-POL\/150-DMON\/DCA Simbolis ZM EAN Plotis 150 cm Gylis 19,5 cm Auk\u0161tis 17 cm Kolekcija Kassel Spalva vienuolyno \u0105\u017euolas\/juodas \u0105\u017euolas Atspalvis tamsi mediena Stilius modernus Med\u017eiaga laminatas Gamintojas Juoda Raudona Balta Baldo tipas Lentynos PVM 23% EAN 5906123709514<\/p>","protected":false},"excerpt":{"rendered":"<p>\u201eKassel\u201c lentyna \u2013 tobula sienai. Jau\u010diate, kad j\u016bs\u0173 interjere ka\u017eko tr\u016bksta? Ar jau turite kit\u0173 \u201eKassel\u201c kolekcijos gamini\u0173 ir norite pagyvinti savo interjer\u0105 stilingais akcentais? \u201eKassel\u201c lentyna \u2013 puikus sprendimas, tinkantis tiek svetainei, tiek miegamajam, suteikiantis visai erdvei [\u2026]<\/p>","protected":false},"featured_media":263101,"comment_status":"open","ping_status":"open","template":"","meta":[],"product_brand":[],"product_cat":[9200,1174],"product_tag":[],"class_list":{"0":"post-263100","1":"product","2":"type-product","3":"status-publish","4":"has-post-thumbnail","6":"product_cat-black-red-white","7":"product_cat-hanging-shelves","9":"first","10":"instock","11":"purchasable","12":"product-type-simple"},"_links":{"self":[{"href":"https:\/\/baldumarket.lt\/lt\/wp-json\/wp\/v2\/product\/263100","targetHints":{"allow":["GET"]}}],"collection":[{"href":"https:\/\/baldumarket.lt\/lt\/wp-json\/wp\/v2\/product"}],"about":[{"href":"https:\/\/baldumarket.lt\/lt\/wp-json\/wp\/v2\/types\/product"}],"replies":[{"embeddable":true,"href":"https:\/\/baldumarket.lt\/lt\/wp-json\/wp\/v2\/comments?post=263100"}],"wp:featuredmedia":[{"embeddable":true,"href":"https:\/\/baldumarket.lt\/lt\/wp-json\/wp\/v2\/media\/263101"}],"wp:attachment":[{"href":"https:\/\/baldumarket.lt\/lt\/wp-json\/wp\/v2\/media?parent=263100"}],"wp:term":[{"taxonomy":"product_brand","embeddable":true,"href":"https:\/\/baldumarket.lt\/lt\/wp-json\/wp\/v2\/product_brand?post=263100"},{"taxonomy":"product_cat","embeddable":true,"href":"https:\/\/baldumarket.lt\/lt\/wp-json\/wp\/v2\/product_cat?post=263100"},{"taxonomy":"product_tag","embeddable":true,"href":"https:\/\/baldumarket.lt\/lt\/wp-json\/wp\/v2\/product_tag?post=263100"}],"curies":[{"name":"wp","href":"https:\/\/api.w.org\/{rel}","templated":true}]}}