{"id":263097,"date":"2026-01-13T23:35:24","date_gmt":"2026-01-13T20:35:24","guid":{"rendered":"https:\/\/baldumarket.lt\/product\/polka-147-alemeda-147-cm-bialy-polysk-dab-westminster\/"},"modified":"2026-02-11T18:19:07","modified_gmt":"2026-02-11T15:19:07","slug":"polka-147-alemeda-147-cm-bialy-polysk-dab-westminster","status":"publish","type":"product","link":"https:\/\/baldumarket.lt\/lt\/product\/polka-147-alemeda-147-cm-bialy-polysk-dab-westminster\/","title":{"rendered":"ALEMEDA 147 cm Lentyna 147 cm Blizgi balta\/Vestminsterio \u0105\u017euolas"},"content":{"rendered":"<p>\u201eAlameda\u201c lentyn\u0117l\u0117 \u2013 puikus \u201eAlameda\u201c kolekcijos papildymas. Sukurta galvojant apie modern\u0173 interjer\u0105, ji pasi\u017eymi geometriniu dizainu ir prakti\u0161kumu. Vir\u0161 komodos ar televizoriaus staliuko pakabinama \u201eAlameda\u201c lentyn\u0117l\u0117 atrodo stulbinamai. D\u0117l plataus ir paprastos formos yra vietos dekoracijoms, knygoms ir suvenyrin\u0117ms nuotraukoms, kurios papildo svetain\u0117s dekor\u0105. Lentyn\u0117l\u0117 apdailinta blizgia balta ir Vestminsterio \u0105\u017euolo spalvomis, puikiai papildan\u010diomis kitus \u201eAlameda\u201c kolekcijos elementus. Tai u\u017etikrina darn\u0173 vaizd\u0105 kambaryje. Prakti\u0161ka galin\u0117 plok\u0161t\u0117 palengvina surinkim\u0105 ir apsaugo sien\u0105 nuo d\u0117mi\u0173. \u201eAlameda\u201c lentyn\u0117l\u0119 galima derinti su kitais kolekcijos elementais, sukuriant darni\u0105 erdv\u0119 svetain\u0117je ar kitame kambaryje. Jei ie\u0161kote funkcionalios, modernios lentyn\u0117l\u0117s, kuri papildyt\u0173 j\u016bs\u0173 svetain\u0117s dekor\u0105, \u201eAlameda\u201c lentyn\u0117l\u0117 gali b\u016bti puikus pasirinkimas.<\/p>\n<p>Prek\u0117s kodas S420-POL\/147-BIP\/DWM Simbolis ZM EAN Plotis 147 cm Gylis 20 cm Auk\u0161tis 15 cm Kolekcija Alameda Spalva balta blizgi\/vestminsterio \u0105\u017euolas Baltas atspalvis Stilius modernus Gamintojas Juoda Raudona Balta Bald\u0173 tipas Lentynos PVM 23% EAN 5906123946544<\/p>","protected":false},"excerpt":{"rendered":"<p>\u201eAlameda\u201c lentyn\u0117l\u0117 \u2013 puikus \u201eAlameda\u201c kolekcijos papildymas. Sukurta galvojant apie modern\u0173 interjer\u0105, ji pasi\u017eymi geometriniu dizainu ir prakti\u0161kumu. Vir\u0161 komodos ar televizoriaus staliuko \u201eAlameda\u201c lentyn\u0117l\u0117 atrodo stulbinamai. Plati ir paprasta forma suteikia vietos dekoracijoms, knygoms ir suvenyrin\u0117ms nuotraukoms, papildan\u010dioms svetain\u0117s interjer\u0105. Lentyn\u0117l\u0117 [\u2026]<\/p>","protected":false},"featured_media":263098,"comment_status":"open","ping_status":"open","template":"","meta":[],"product_brand":[],"product_cat":[9200,1174],"product_tag":[],"class_list":{"0":"post-263097","1":"product","2":"type-product","3":"status-publish","4":"has-post-thumbnail","6":"product_cat-black-red-white","7":"product_cat-hanging-shelves","9":"first","10":"instock","11":"purchasable","12":"product-type-simple"},"_links":{"self":[{"href":"https:\/\/baldumarket.lt\/lt\/wp-json\/wp\/v2\/product\/263097","targetHints":{"allow":["GET"]}}],"collection":[{"href":"https:\/\/baldumarket.lt\/lt\/wp-json\/wp\/v2\/product"}],"about":[{"href":"https:\/\/baldumarket.lt\/lt\/wp-json\/wp\/v2\/types\/product"}],"replies":[{"embeddable":true,"href":"https:\/\/baldumarket.lt\/lt\/wp-json\/wp\/v2\/comments?post=263097"}],"wp:featuredmedia":[{"embeddable":true,"href":"https:\/\/baldumarket.lt\/lt\/wp-json\/wp\/v2\/media\/263098"}],"wp:attachment":[{"href":"https:\/\/baldumarket.lt\/lt\/wp-json\/wp\/v2\/media?parent=263097"}],"wp:term":[{"taxonomy":"product_brand","embeddable":true,"href":"https:\/\/baldumarket.lt\/lt\/wp-json\/wp\/v2\/product_brand?post=263097"},{"taxonomy":"product_cat","embeddable":true,"href":"https:\/\/baldumarket.lt\/lt\/wp-json\/wp\/v2\/product_cat?post=263097"},{"taxonomy":"product_tag","embeddable":true,"href":"https:\/\/baldumarket.lt\/lt\/wp-json\/wp\/v2\/product_tag?post=263097"}],"curies":[{"name":"wp","href":"https:\/\/api.w.org\/{rel}","templated":true}]}}