{"id":263094,"date":"2026-01-13T23:35:21","date_gmt":"2026-01-13T20:35:21","guid":{"rendered":"https:\/\/baldumarket.lt\/product\/polka-106-holten-106-cm-dab-waterford\/"},"modified":"2026-02-11T18:19:07","modified_gmt":"2026-02-11T15:19:07","slug":"polka-106-holten-106-cm-dab-waterford","status":"publish","type":"product","link":"https:\/\/baldumarket.lt\/lt\/product\/polka-106-holten-106-cm-dab-waterford\/","title":{"rendered":"Lentyna 106 HOLTEN 106 cm Waterford \u0105\u017euolas"},"content":{"rendered":"<p>\u201eHolten\u201c lentyna \u2013 funkcionalumas ir elegancija. \u201eHolten\u201c lentyna i\u0161 modernios \u201eHolten\u201c kolekcijos yra ne tik prakti\u0161kas baldas, bet ir puikus b\u016bdas papildyti bei papuo\u0161ti j\u016bs\u0173 interjer\u0105. \u0160tai kod\u0117l verta j\u0105 apsvarstyti: \u201eHolten\u201c lentyna suteikia puiki\u0105 viet\u0105 eksponuoti m\u0117gstamas knygas, dekoracijas, vazas ir kitus nieku\u010dius. Ji leid\u017eia sukurti patraukli\u0105 ir suasmenint\u0105 i\u0161d\u0117stym\u0105 j\u016bs\u0173 svetain\u0117je. Visa lentyna yra matin\u0117s baltos spalvos, atkartojanti minimalistin\u012f \u201eHolten\u201c kolekcijos stili\u0173. D\u0117l to lentyna yra universali ir tinkama \u012fvairiems interjerams. 106 cm plo\u010dio lentyna puikiai dera su kitais \u201eHolten\u201c kolekcijos elementais, tokiais kaip televizoriaus staliukas ar komoda. Galite j\u0105 pastatyti \u0161alia j\u0173, sukurdami darni\u0105 ir funkcionali\u0105 erdv\u0119 savo svetain\u0117je. Prakti\u0161ka apkrova: \u201eHolten\u201c lentynos maksimali apkrova yra 5 kg, tod\u0117l galite saugiai sud\u0117ti \u012fvairius daiktus. \u201eHolten\u201c kolekcijoje yra \u012fvairi\u0173 element\u0173, leid\u017eian\u010di\u0173 pritaikyti i\u0161d\u0117stym\u0105 pagal savo poreikius ir pageidavimus. Galite laisvai mai\u0161yti ir derinti \u0161ios kolekcijos baldus, sukurdami darni\u0105 erdv\u0119 savo namuose. \u201eHolten\u201c lentyna yra ne tik funkcionalus daikt\u0173 laikymo elementas, bet ir dekoratyvinis elementas, galintis pakeisti ir papuo\u0161ti bet kok\u012f interjer\u0105. D\u0117l paprasto dizaino ir universalumo galite sukurti eleganti\u0161k\u0105 ir suasmenint\u0105 i\u0161d\u0117stym\u0105 savo svetain\u0117je.<\/p>\n<p>Prek\u0117s kodas S493-POL\/106-DWF Simbolis ZM EAN Plotis 106 cm Gylis 24 cm Auk\u0161tis 22 cm Kolekcija Holten Spalva Waterford \u0105\u017euolas Atspalvis tamsi mediena Stilius modernus Gamintojas Juoda Raudona Balta Bald\u0173 tipas Lentynos PVM 23% EAN 5906123709835<\/p>","protected":false},"excerpt":{"rendered":"<p>\u201eHolten\u201c lentyna \u2013 funkcionalumas ir elegancija. \u201eHolten\u201c lentyna i\u0161 modernios \u201eHolten\u201c kolekcijos yra ne tik prakti\u0161kas baldas, bet ir puikus b\u016bdas papildyti bei papuo\u0161ti j\u016bs\u0173 interjer\u0105. \u0160tai kod\u0117l verta j\u0105 apsvarstyti: \u201eHolten\u201c lentyna yra puiki vieta eksponuoti m\u0117gstamas knygas, dekoracijas, vazas ir kitus nieku\u010dius. [\u2026]<\/p>","protected":false},"featured_media":263095,"comment_status":"open","ping_status":"open","template":"","meta":[],"product_brand":[],"product_cat":[9200,1174],"product_tag":[],"class_list":{"0":"post-263094","1":"product","2":"type-product","3":"status-publish","4":"has-post-thumbnail","6":"product_cat-black-red-white","7":"product_cat-hanging-shelves","9":"first","10":"instock","11":"purchasable","12":"product-type-simple"},"_links":{"self":[{"href":"https:\/\/baldumarket.lt\/lt\/wp-json\/wp\/v2\/product\/263094","targetHints":{"allow":["GET"]}}],"collection":[{"href":"https:\/\/baldumarket.lt\/lt\/wp-json\/wp\/v2\/product"}],"about":[{"href":"https:\/\/baldumarket.lt\/lt\/wp-json\/wp\/v2\/types\/product"}],"replies":[{"embeddable":true,"href":"https:\/\/baldumarket.lt\/lt\/wp-json\/wp\/v2\/comments?post=263094"}],"wp:featuredmedia":[{"embeddable":true,"href":"https:\/\/baldumarket.lt\/lt\/wp-json\/wp\/v2\/media\/263095"}],"wp:attachment":[{"href":"https:\/\/baldumarket.lt\/lt\/wp-json\/wp\/v2\/media?parent=263094"}],"wp:term":[{"taxonomy":"product_brand","embeddable":true,"href":"https:\/\/baldumarket.lt\/lt\/wp-json\/wp\/v2\/product_brand?post=263094"},{"taxonomy":"product_cat","embeddable":true,"href":"https:\/\/baldumarket.lt\/lt\/wp-json\/wp\/v2\/product_cat?post=263094"},{"taxonomy":"product_tag","embeddable":true,"href":"https:\/\/baldumarket.lt\/lt\/wp-json\/wp\/v2\/product_tag?post=263094"}],"curies":[{"name":"wp","href":"https:\/\/api.w.org\/{rel}","templated":true}]}}