{"id":263081,"date":"2026-01-13T23:35:12","date_gmt":"2026-01-13T20:35:12","guid":{"rendered":"https:\/\/baldumarket.lt\/product\/poki-do-szafy-nepo-plus-3-sztuki-dab-noble\/"},"modified":"2026-02-11T18:19:08","modified_gmt":"2026-02-11T15:19:08","slug":"poki-do-szafy-nepo-plus-3-sztuki-dab-noble","status":"publish","type":"product","link":"https:\/\/baldumarket.lt\/lt\/product\/poki-do-szafy-nepo-plus-3-sztuki-dab-noble\/","title":{"rendered":"Iki spintos NEPO PLUS 3 dali\u0173 kilnaus \u0105\u017euolo"},"content":{"rendered":"<p>\u201eNepo Plus\u201c spint\u0173 lentynos \u2013 maksimali interjero tvarka. \u201eNepo Plus\u201c kolekcijoje daugiausia d\u0117mesio skiriame funkcionaliems sprendimams, kurie puikiai tiks tiek vaiko, tiek paauglio kambaryje. Patogumas ir funkcionalumas.<br \/>\n\u0160is trij\u0173 lentyn\u0173 komplektas, skirtas trij\u0173 dur\u0173 \u201eNepo Plus\u201c spintai, puikiai papildo erdv\u0173 jos interjer\u0105. Jos leid\u017eia lengvai sukurti papildomos vietos sulankstytiems drabu\u017eiams, dokumentams ar kitiems daiktams. Papildomos lentynos yra sukurtos pla\u010dioms spintos erdv\u0117ms, tod\u0117l tai itin prakti\u0161kas sprendimas tiems, kurie vertina tvark\u0105 ir organizuotum\u0105. Stilius ir patvarumas<br \/>\nLentynos apdailintos kilmingo \u0105\u017euolo apdaila, tod\u0117l puikiai dera prie tos pa\u010dios kolekcijos spintos interjero. Auk\u0161tos kokyb\u0117s gamyba garantuoja ilgaam\u017ei\u0161kum\u0105, o universalus stilius dera prie \u012fvairi\u0173 interjero dizain\u0173 jaunimo kambaryje ar miegamajame. Ypatyb\u0117s: 3 lentyn\u0173 komplektas \u2013 optimalus erdv\u0117s organizavimas spintoje. Skirta pla\u010dioms bald\u0173 erdv\u0117ms \u2013 papildomas funkcionalumas. Kilmingo \u0105\u017euolo spalva \u2013 vientisa ir esteti\u0161ka i\u0161vaizda. Patvarumas ir kokybi\u0161ka gamyba \u2013 idealiai tinka intensyviam naudojimui. Santrauka<br \/>\n\u201eNepo Plus\u201c spintos lentyn\u0173 komplektas \u2013 puikus b\u016bdas padidinti bald\u0173 funkcionalum\u0105 ir geriau sutvarkyti erdv\u0119. Nesvarbu, ar norite sutvarkyti drabu\u017eius, dokumentus ar aksesuarus, \u0161ios lentynos puikiai tiks. Derinkite jas su kitais \u201eNepo Plus\u201c kolekcijos moduliais ir sukurkite ergonomi\u0161k\u0105 erdv\u0119 savo vaiko kambaryje.<\/p>\n<p>Prek\u0117s kodas S435-SZF3D2S_OPCJA_1-DNO Plotis 75,9 cm Gylis 51,4 cm Kolekcija \u201eNepo Plus\u201c Spalva kilnus \u0105\u017euolas Atspalvis tamsi mediena Stilius modernus Med\u017eiaga laminatas Gamintojas Juoda Raudona Balta Bald\u0173 tipas Lentynos PVM 23% EAN 5906123061681<\/p>","protected":false},"excerpt":{"rendered":"<p>\u201eNepo Plus\u201c spintos lentynos \u2013 maksimali interjero organizacija. \u201eNepo Plus\u201c kolekcijoje daugiausia d\u0117mesio skiriame funkcionaliems sprendimams, kurie puikiai tiks tiek vaiko, tiek paauglio kambaryje. Patogumas ir funkcionalumas. \u0160is trij\u0173 lentyn\u0173 komplektas \u201eNepo Plus\u201c trij\u0173 dur\u0173 spintai puikiai papildo erdv\u0173 jos interjer\u0105. Jos leid\u017eia jums [\u2026]<\/p>","protected":false},"featured_media":263082,"comment_status":"open","ping_status":"open","template":"","meta":[],"product_brand":[],"product_cat":[9200,1043],"product_tag":[],"class_list":{"0":"post-263081","1":"product","2":"type-product","3":"status-publish","4":"has-post-thumbnail","6":"product_cat-black-red-white","7":"product_cat-extras","9":"first","10":"instock","11":"purchasable","12":"product-type-simple"},"_links":{"self":[{"href":"https:\/\/baldumarket.lt\/lt\/wp-json\/wp\/v2\/product\/263081","targetHints":{"allow":["GET"]}}],"collection":[{"href":"https:\/\/baldumarket.lt\/lt\/wp-json\/wp\/v2\/product"}],"about":[{"href":"https:\/\/baldumarket.lt\/lt\/wp-json\/wp\/v2\/types\/product"}],"replies":[{"embeddable":true,"href":"https:\/\/baldumarket.lt\/lt\/wp-json\/wp\/v2\/comments?post=263081"}],"wp:featuredmedia":[{"embeddable":true,"href":"https:\/\/baldumarket.lt\/lt\/wp-json\/wp\/v2\/media\/263082"}],"wp:attachment":[{"href":"https:\/\/baldumarket.lt\/lt\/wp-json\/wp\/v2\/media?parent=263081"}],"wp:term":[{"taxonomy":"product_brand","embeddable":true,"href":"https:\/\/baldumarket.lt\/lt\/wp-json\/wp\/v2\/product_brand?post=263081"},{"taxonomy":"product_cat","embeddable":true,"href":"https:\/\/baldumarket.lt\/lt\/wp-json\/wp\/v2\/product_cat?post=263081"},{"taxonomy":"product_tag","embeddable":true,"href":"https:\/\/baldumarket.lt\/lt\/wp-json\/wp\/v2\/product_tag?post=263081"}],"curies":[{"name":"wp","href":"https:\/\/api.w.org\/{rel}","templated":true}]}}