{"id":263080,"date":"2026-01-13T23:35:11","date_gmt":"2026-01-13T20:35:11","guid":{"rendered":"https:\/\/baldumarket.lt\/product\/poki-do-szafy-nepo-plus-3-sztuki-bialy\/"},"modified":"2026-02-11T18:19:08","modified_gmt":"2026-02-11T15:19:08","slug":"poki-do-szafy-nepo-plus-3-sztuki-bialy","status":"publish","type":"product","link":"https:\/\/baldumarket.lt\/lt\/product\/poki-do-szafy-nepo-plus-3-sztuki-bialy\/","title":{"rendered":"Iki spintos NEPO PLUS 3 dali\u0173 baltos"},"content":{"rendered":"<p>\u201eNepo Plus\u201c spintos lentynos \u2013 j\u016bs\u0173 sprendimas spintos vietos tr\u016bkumui! \u0160iomis dienomis nepaprastai svarbu palaikyti tvark\u0105 namuose. Ypa\u010d ma\u017euose butuose ar vaik\u0173 kambariuose, kur erdv\u0117 ribota. B\u016btent tada vertiname kiekvien\u0105 papildom\u0105 erdv\u0117s dal\u012f, kuri\u0105 galime gauti. Tod\u0117l norime jums pristatyti moderni\u0105 \u201eNepo Plus\u201c kolekcij\u0105, kuri \u0161i\u0105 problem\u0105 i\u0161sprend\u017eia paprastai, stilingai ir funkcionaliai. \u201eNepo Plus\u201c kolekcijoje derinama paprasta forma, auk\u0161tos kokyb\u0117s med\u017eiagos ir puikus funkcionalumas. J\u0105 sudaro \u012fvair\u016bs baldai ir aksesuarai, leid\u017eiantys pritaikyti erdv\u0119 pagal savo poreikius. Vienas i\u0161 \u0161i\u0173 sprendim\u0173 yra \u201eNepo Plus\u201c spintos lentynos. Svarstote, kaip maksimaliai padidinti savo spintos erdv\u0119? Atsakymas \u2013 trij\u0173 \u201eNepo Plus\u201c spintos lentyn\u0173 komplektas. \u0160ie ma\u017ei, bet labai prakti\u0161ki daiktai pad\u0117s jums sukurti papildomos vietos daiktams laikyti. Ir svarbiausia, ar jau \u017einote, k\u0105 ant j\u0173 d\u0117site? Galimyb\u0117s neribotos! Galite laikyti drabu\u017eius, batus, \u017eaislus, knygas ar kitus smulkius daiktus, kuriems reikia vietos. \u201eNepo Plus\u201c taip pat si\u016blo daugyb\u0119 pritaikymo galimybi\u0173. Papildomos lentynos yra skirtos siaurai baldo daliai, tod\u0117l jas lengva sumontuoti ir pritaikyti prie j\u016bs\u0173 poreiki\u0173. Jums nereikia r\u016bpintis, ar jos dera prie j\u016bs\u0173 spintos \u2013 jos sukurtos specialiai \u201eNepo Plus\u201c kolekcijai. Kalbant apie spalv\u0105, pasirinkimas yra j\u016bs\u0173 ir j\u016bs\u0173 vaiko. Galite rinktis baltos, sonoma \u0105\u017euolo arba venge spalvos lentynas. Tai leid\u017eia jas priderinti prie j\u016bs\u0173 interjero dizaino ir sukurti darn\u0173 vaizd\u0105. Trij\u0173 \u201eNepo Plus\u201c lentyn\u0173 komplektas yra ne tik prakti\u0161kas, bet ir leid\u017eia pritaikyti spintos interjer\u0105 pagal j\u016bs\u0173 poreikius. Jei j\u016bs\u0173 vaikas turi daug drabu\u017ei\u0173, \u017eaisl\u0173 ir kit\u0173 smulki\u0173 daikt\u0173, \u0161ios lentynos pad\u0117s jums sukurti ergonomi\u0161k\u0105 interjer\u0105. Galite derinti skirtingus \u201eNepo Plus\u201c kolekcijos modulius, kad sukurtum\u0117te suasmenint\u0105 erdv\u0119. Trumpai tariant, \u201eNepo Plus\u201c spintos lentynos yra puikus sprendimas, kai j\u016bs\u0173 spintoje tr\u016bksta vietos. Jos leid\u017eia tvarkingai laikyti daiktus ir lengvai pritaikyti erdv\u0119 prie j\u016bs\u0173 poreiki\u0173. Pasirinkite tinkam\u0105 spalv\u0105, sumontuokite jas savo spintoje ir m\u0117gaukit\u0117s geresne tvarka savo namuose d\u0117ka \u201eNepo Plus\u201c kolekcijos!<\/p>\n<p>Prek\u0117s kodas S435-SZF3D2S_OPCJA_1-BI Simbolis ZM EAN Plotis 75,9 cm Gylis 51,4 cm Kolekcija \u201eNepo Plus\u201c Spalva balta Atspalvis baltas Stilius modernus Gamintojas Juoda Raudona Balta Baldo tipas Spintos PVM 23% EAN 5906123950893<\/p>","protected":false},"excerpt":{"rendered":"<p>\u201eNepo Plus\u201c spint\u0173 lentynos \u2013 j\u016bs\u0173 sprendimas spintos erdv\u0117s tr\u016bkumui! \u0160iomis dienomis nepaprastai svarbu palaikyti tvark\u0105 namuose. Ypa\u010d ma\u017euose butuose ar vaik\u0173 kambariuose, kur erdv\u0117 ribota. Tuomet vertiname kiekvien\u0105 papildom\u0105 erdv\u0119, kuri\u0105 galime gauti. \u0160tai kod\u0117l nor\u0117tume jus supa\u017eindinti su [\u2026]<\/p>","protected":false},"featured_media":0,"comment_status":"open","ping_status":"open","template":"","meta":[],"product_brand":[],"product_cat":[9200,1043],"product_tag":[],"class_list":{"0":"post-263080","1":"product","2":"type-product","3":"status-publish","5":"product_cat-black-red-white","6":"product_cat-extras","8":"first","9":"instock","10":"purchasable","11":"product-type-simple"},"_links":{"self":[{"href":"https:\/\/baldumarket.lt\/lt\/wp-json\/wp\/v2\/product\/263080","targetHints":{"allow":["GET"]}}],"collection":[{"href":"https:\/\/baldumarket.lt\/lt\/wp-json\/wp\/v2\/product"}],"about":[{"href":"https:\/\/baldumarket.lt\/lt\/wp-json\/wp\/v2\/types\/product"}],"replies":[{"embeddable":true,"href":"https:\/\/baldumarket.lt\/lt\/wp-json\/wp\/v2\/comments?post=263080"}],"wp:attachment":[{"href":"https:\/\/baldumarket.lt\/lt\/wp-json\/wp\/v2\/media?parent=263080"}],"wp:term":[{"taxonomy":"product_brand","embeddable":true,"href":"https:\/\/baldumarket.lt\/lt\/wp-json\/wp\/v2\/product_brand?post=263080"},{"taxonomy":"product_cat","embeddable":true,"href":"https:\/\/baldumarket.lt\/lt\/wp-json\/wp\/v2\/product_cat?post=263080"},{"taxonomy":"product_tag","embeddable":true,"href":"https:\/\/baldumarket.lt\/lt\/wp-json\/wp\/v2\/product_tag?post=263080"}],"curies":[{"name":"wp","href":"https:\/\/api.w.org\/{rel}","templated":true}]}}