{"id":263071,"date":"2026-01-13T23:35:05","date_gmt":"2026-01-13T20:35:05","guid":{"rendered":"https:\/\/baldumarket.lt\/product\/poki-do-szafy-nepo-plus-2-sztuki-dab-noble\/"},"modified":"2026-02-11T18:19:08","modified_gmt":"2026-02-11T15:19:08","slug":"poki-do-szafy-nepo-plus-2-sztuki-dab-noble","status":"publish","type":"product","link":"https:\/\/baldumarket.lt\/lt\/product\/poki-do-szafy-nepo-plus-2-sztuki-dab-noble\/","title":{"rendered":"Iki spintos NEPO PLUS 2 vnt. kilnaus \u0105\u017euolo"},"content":{"rendered":"<p>\u201eNepo Plus\u201c spintos lentynos \u2013 papildoma spintos erdv\u0117. Moderni \u201eNepo Plus\u201c kolekcija i\u0161siskiria paprastu dizainu, auk\u0161tos kokyb\u0117s apdaila ir i\u0161skirtiniu funkcionalumu, patenkinan\u010diu kiekvieno naudotojo poreikius. Patogumas ir funkcionalumas.<br \/>\n\u0160is dviej\u0173 lentyn\u0173 komplektas trij\u0173 dur\u0173 \u201eNepo Plus\u201c spintai yra prakti\u0161kas sprendimas, leid\u017eiantis geriau i\u0161naudoti erdv\u0119 spintoje. Jos idealiai tinka siaurai spintos daliai, nes sukuria papildomos vietos drabu\u017eiams, dokumentams ir kitiems daiktams. Tai supaprastina vidaus organizavim\u0105 ir padaro spint\u0105 erdvesn\u0119 bei funkcionalesn\u0119. Stilius ir patvarumas<br \/>\nLentynos apdailintos kilnaus \u0105\u017euolo apdaila, tod\u0117l jos puikiai dera prie \u201eNepo Plus\u201c kolekcijos spintos. Patvarumas ir kokybi\u0161ka gamyba u\u017etikrina, kad lentynos b\u016bt\u0173 atsparios kasdieniam naudojimui, tuo pa\u010diu papildydamos modern\u0173 \u0161ios bald\u0173 linijos stili\u0173. Ypatyb\u0117s: dviej\u0173 lentyn\u0173 komplektas \u2013 papildoma daikt\u0173 laikymo vieta. Sukurta siaurai spintos daliai \u2013 maksimaliai i\u0161naudojama erdv\u0117. Kilnaus \u0105\u017euolo spalva \u2013 dera prie kit\u0173 kolekcijos element\u0173. Lengvas montavimas \u2013 paprasta priderinti prie \u201eNepo Plus\u201c spintos. Santrauka<br \/>\n\u201eNepo Plus\u201c spintos lentyn\u0173 komplektas yra prakti\u0161kas sprendimas, padidinantis bald\u0173 funkcionalum\u0105 ir leid\u017eiantis juos geriau pritaikyti individualiems poreikiams. Jie padeda susitvarkyti daiktus ir sukurti ergonomi\u0161k\u0105 daikt\u0173 laikymo erdv\u0119. Derinkite lentyn\u0105 su kitais \u201eNepo Plus\u201c kolekcijos moduliais, kad sukurtum\u0117te darn\u0173 ir prakti\u0161k\u0105 interjer\u0105.<\/p>\n<p>Prek\u0117s kodas S435-SZF3D2S_OPCJA_2-DNO Plotis 37,5 cm Gylis 51,4 cm Kolekcija \u201eNepo Plus\u201c Spalva kilnus \u0105\u017euolas Atspalvis tamsi mediena Stilius modernus Med\u017eiaga laminatas Gamintojas Juoda Raudona Balta Bald\u0173 tipas Lentynos PVM 23% EAN 5906123061698<\/p>","protected":false},"excerpt":{"rendered":"<p>\u201eNepo Plus\u201c spintos lentynos \u2013 papildoma spintos erdv\u0117. Moderni \u201eNepo Plus\u201c kolekcija i\u0161siskiria paprastu dizainu, auk\u0161tos kokyb\u0117s apdaila ir i\u0161skirtiniu funkcionalumu, patenkinan\u010diu kiekvieno naudotojo poreikius. Patogumas ir funkcionalumas. \u0160is dviej\u0173 lentyn\u0173 komplektas trij\u0173 dur\u0173 \u201eNepo Plus\u201c spintai yra prakti\u0161kas sprendimas, leid\u017eiantis geriau i\u0161naudoti erdv\u0119 [\u2026]<\/p>","protected":false},"featured_media":263072,"comment_status":"open","ping_status":"open","template":"","meta":[],"product_brand":[],"product_cat":[9200,1043],"product_tag":[],"class_list":{"0":"post-263071","1":"product","2":"type-product","3":"status-publish","4":"has-post-thumbnail","6":"product_cat-black-red-white","7":"product_cat-extras","9":"first","10":"instock","11":"purchasable","12":"product-type-simple"},"_links":{"self":[{"href":"https:\/\/baldumarket.lt\/lt\/wp-json\/wp\/v2\/product\/263071","targetHints":{"allow":["GET"]}}],"collection":[{"href":"https:\/\/baldumarket.lt\/lt\/wp-json\/wp\/v2\/product"}],"about":[{"href":"https:\/\/baldumarket.lt\/lt\/wp-json\/wp\/v2\/types\/product"}],"replies":[{"embeddable":true,"href":"https:\/\/baldumarket.lt\/lt\/wp-json\/wp\/v2\/comments?post=263071"}],"wp:featuredmedia":[{"embeddable":true,"href":"https:\/\/baldumarket.lt\/lt\/wp-json\/wp\/v2\/media\/263072"}],"wp:attachment":[{"href":"https:\/\/baldumarket.lt\/lt\/wp-json\/wp\/v2\/media?parent=263071"}],"wp:term":[{"taxonomy":"product_brand","embeddable":true,"href":"https:\/\/baldumarket.lt\/lt\/wp-json\/wp\/v2\/product_brand?post=263071"},{"taxonomy":"product_cat","embeddable":true,"href":"https:\/\/baldumarket.lt\/lt\/wp-json\/wp\/v2\/product_cat?post=263071"},{"taxonomy":"product_tag","embeddable":true,"href":"https:\/\/baldumarket.lt\/lt\/wp-json\/wp\/v2\/product_tag?post=263071"}],"curies":[{"name":"wp","href":"https:\/\/api.w.org\/{rel}","templated":true}]}}