{"id":263069,"date":"2026-01-13T23:35:03","date_gmt":"2026-01-13T20:35:03","guid":{"rendered":"https:\/\/baldumarket.lt\/product\/poduszki-indiana-malcolm-600x400-2\/"},"modified":"2026-02-11T18:19:08","modified_gmt":"2026-02-11T15:19:08","slug":"poduszki-indiana-malcolm-600x400-2","status":"publish","type":"product","link":"https:\/\/baldumarket.lt\/lt\/product\/poduszki-indiana-malcolm-600x400-2\/","title":{"rendered":"Indianos pagalv\u0117s, Malcolm 600\u00d7400"},"content":{"rendered":"<p>Pagalv\u0117li\u0173 komplektas \u2013 Indiana and Malcolm. Jei m\u0117gstate keliones, \u017eem\u0117lapius, supakuotus lagaminus ir suvenyr\u0173 kolekcionavim\u0105 i\u0161 ekspedicij\u0173, kolonijinio stiliaus \u012fkv\u0117pta Indiana kolekcija nukels jus \u012f egzoti\u0161kus kra\u0161tus. Paprasta bald\u0173 forma, pary\u0161kinta metalin\u0117mis detal\u0117mis ir rankenomis, suteikia jiems unikal\u0173 charakter\u012f. Tai ne tik stilius, bet ir funkcionalumas. \u0160ie baldai pasi\u017eymi optimalia talpa, pad\u0117dami jums susisteminti, sutvarkyti ir laikyti asmeninius daiktus. Indiana and Malcolm kolekcijose yra \u012fvairi\u0173 dyd\u017ei\u0173 ir funkcij\u0173 bald\u0173, kuriuos galite laisvai derinti. Trij\u0173 mink\u0161t\u0173 pagalv\u0117li\u0173 komplektas i\u0161 sm\u0117lio spalvos \u201eSawana 17\u201c audinio ne tik papildo Indiana ir Malcolm lovas. J\u0173 stilius puikiai dera su \u010diu\u017einiu ir galv\u016bgaliu. Pagalv\u0117l\u0117s yra su u\u017etrauktukais, tod\u0117l jas lengva valyti. Jas galima lengvai nuimti ir i\u0161skalbti, pa\u0161alinant dulkes, erkes ir kitus ter\u0161alus. \u0160ios pagalv\u0117s \u017eymiai padidins kasdienio poilsio komfort\u0105 ir suteiks \u017eavesio j\u016bs\u0173 interjerui. \u201eIndiana\u201c ir \u201eMalcolm\u201c kolekcij\u0173 baldai leid\u017eia atlikti \u012fvairias konfig\u016bracijas, pritaikytas prie kambario dyd\u017eio, jo paskirties ir nam\u0173 \u016bkio nari\u0173 poreiki\u0173.<\/p>\n<p>Prek\u0117s kodas L07-PODUSZ-CARBO_600\/400-SAWANA_17-MAT01 Simbolis ZM EAN Ilgis 60 cm Plotis 40 cm Gylis 18 cm Kolekcija Carbo U\u017epildas poliuretano putos Nuimamas u\u017evalkalas Gamintojas Juoda Raudona Balta Bald\u0173 tipas Lovos PVM mokestis 23%<\/p>","protected":false},"excerpt":{"rendered":"<p>Pagalv\u0117li\u0173 komplektas \u2013 Indiana ir Malcolm. Jei m\u0117gstate keliones, \u017eem\u0117lapius, supakuotus lagaminus ir suvenyr\u0173 kolekcionavim\u0105 i\u0161 ekspedicij\u0173, kolonijinio stiliaus \u201eIndiana\u201c kolekcija nukels jus \u012f egzoti\u0161kus kra\u0161tus. Paprasta bald\u0173 forma, pary\u0161kinta metalin\u0117mis detal\u0117mis ir rankenomis, suteikia jiems unikal\u0173 charakter\u012f. Tai ne tik stilius, bet ir funkcionalumas. \u0160ie baldai si\u016blo optimal\u0173 [\u2026]<\/p>","protected":false},"featured_media":0,"comment_status":"open","ping_status":"open","template":"","meta":[],"product_brand":[],"product_cat":[9200,1043],"product_tag":[],"class_list":{"0":"post-263069","1":"product","2":"type-product","3":"status-publish","5":"product_cat-black-red-white","6":"product_cat-extras","8":"first","9":"instock","10":"purchasable","11":"product-type-simple"},"_links":{"self":[{"href":"https:\/\/baldumarket.lt\/lt\/wp-json\/wp\/v2\/product\/263069","targetHints":{"allow":["GET"]}}],"collection":[{"href":"https:\/\/baldumarket.lt\/lt\/wp-json\/wp\/v2\/product"}],"about":[{"href":"https:\/\/baldumarket.lt\/lt\/wp-json\/wp\/v2\/types\/product"}],"replies":[{"embeddable":true,"href":"https:\/\/baldumarket.lt\/lt\/wp-json\/wp\/v2\/comments?post=263069"}],"wp:attachment":[{"href":"https:\/\/baldumarket.lt\/lt\/wp-json\/wp\/v2\/media?parent=263069"}],"wp:term":[{"taxonomy":"product_brand","embeddable":true,"href":"https:\/\/baldumarket.lt\/lt\/wp-json\/wp\/v2\/product_brand?post=263069"},{"taxonomy":"product_cat","embeddable":true,"href":"https:\/\/baldumarket.lt\/lt\/wp-json\/wp\/v2\/product_cat?post=263069"},{"taxonomy":"product_tag","embeddable":true,"href":"https:\/\/baldumarket.lt\/lt\/wp-json\/wp\/v2\/product_tag?post=263069"}],"curies":[{"name":"wp","href":"https:\/\/api.w.org\/{rel}","templated":true}]}}