{"id":263065,"date":"2026-01-13T23:34:59","date_gmt":"2026-01-13T20:34:59","guid":{"rendered":"https:\/\/baldumarket.lt\/product\/podnoszony-stelaz-ergo-space-na-metalowej-ramie-120x200\/"},"modified":"2026-02-11T18:19:08","modified_gmt":"2026-02-11T15:19:08","slug":"podnoszony-stelaz-ergo-space-na-metalowej-ramie-120x200","status":"publish","type":"product","link":"https:\/\/baldumarket.lt\/lt\/product\/podnoszony-stelaz-ergo-space-na-metalowej-ramie-120x200\/","title":{"rendered":"\u201eErgo Space\u201c k\u0117limo r\u0117mas ant 120\u00d7200 metalinio r\u0117mo"},"content":{"rendered":"<p>\u201eErgo Space\u201c 120 \u00d7 200 r\u0117mas. Ie\u0161kote visapusi\u0161ko sprendimo, kaip pagerinti lovos komfort\u0105? \u201eErgo Space\u201c 120 \u00d7 200 r\u0117mas yra puikus sprendimas. Komplekt\u0105 sudaro dujinis r\u0117mas, daiktad\u0117\u017e\u0117s pagrindas ir lovos tur\u0117klas. \u201eErgo Space\u201c r\u0117mas turi dujinius keltuvus, tod\u0117l prieiga prie daiktad\u0117\u017e\u0117s turinio yra lengvesn\u0117 nei bet kada anks\u010diau. Galite lengvai pakelti \u010diu\u017ein\u012f, kad pasiektum\u0117te lovos apa\u010dioje esant\u012f daiktad\u0117\u017e\u0119. Tai ypa\u010d prakti\u0161ka, jei laikote patalyn\u0119, antklodes ar kitus daiktus. Verta pamin\u0117ti, kad \u201eErgo Space\u201c r\u0117mas turi u\u017erakt\u0105, kuris neleid\u017eia r\u0117mui nety\u010dia nusileisti dedant ar i\u0161imant patalyn\u0119. \u0160is sprendimas u\u017etikrina saugum\u0105 ir pa\u0161alina nekontroliuojamo jud\u0117jimo rizik\u0105. Gaminyje taip pat yra daiktad\u0117\u017e\u0117s pagrindas, kuris suteikia tvirt\u0105 atram\u0105 laikomiems daiktams ir padeda palaikyti tvark\u0105. Lovos tur\u0117klas papildomai apsaugo \u010diu\u017ein\u012f ir patalyn\u0119 nuo jud\u0117jimo. \u201eErgo Space\u201c suderinamas su standartin\u0117mis 120 \u00d7 200 cm lovomis, u\u017etikrindamas puik\u0173 prigludim\u0105. Tai puikus sprendimas, suteikiantis daug miegojimo vietos.<\/p>\n<p>Trumpai tariant, \u201eErgo Space 120\u00d7200\u201c r\u0117mas sujungia patog\u0173 mieg\u0105 ir prakti\u0161k\u0105 daikt\u0173 laikymo viet\u0105. Sukurtas juodai raudonai baltai lovoms, \u0161is r\u0117mas u\u017etikrina lengv\u0105 prieig\u0105 prie daikt\u0173 laikymo viet\u0173 d\u0117l dujini\u0173 keltuv\u0173. Tai puiki investicija, kuri pagerins j\u016bs\u0173 gyvenimo komfort\u0105 ir leis geriau i\u0161naudoti turim\u0105 erdv\u0119 j\u016bs\u0173 miegamajame. \u201eErgo Space\u201c \u2013 tai i\u0161skirtinio komforto ir organizuotumo raktas. Pagrindin\u0117s savyb\u0117s: \u2013 R\u0117m\u0105 sudaro 36 ber\u017eo lentjuost\u0117s, i\u0161d\u0117stytos ma\u017edaug 5 cm atstumu viena nuo kitos.<br \/>\n\u2013 Originalus r\u0117mo dydis yra 120 \u00d7 200 cm, skirtas juodai raudonai baltai lovai.<br \/>\n\u2013 Taip pat galimi kiti r\u0117mo dyd\u017eiai: 120 \u00d7 200 cm, 140 \u00d7 200 cm, 160 \u00d7 200 cm ir 180 \u00d7 200 cm. \u2013 Did\u017eiausia leistina r\u0117mo apkrova yra 130 kg. Jei abejojate, ar \u201eErgo Space\u201c r\u0117mas atitiks j\u016bs\u0173 l\u016bkes\u010dius, raginame perskaityti m\u016bs\u0173 vadov\u0105 skirtuke \u201e\u012ekv\u0117pimai\u201c, kuris pad\u0117s jums i\u0161sirinkti tinkamiausi\u0105.<\/p>\n<p>Prek\u0117s kodas JP39-AC-ERGO_SPACE-120X200-BGC-BK Simbolis ZM EAN Baldo tipas Lovos r\u0117mai PVM mokestis 23%<\/p>","protected":false},"excerpt":{"rendered":"<p>\u201eErgo Space\u201c 120 \u00d7 200 r\u0117mas. Ie\u0161kote visapusi\u0161ko sprendimo, kaip pagerinti lovos komfort\u0105? \u201eErgo Space\u201c 120 \u00d7 200 r\u0117mas yra puikus sprendimas. Komplekt\u0105 sudaro dujinio pak\u0117limo r\u0117mas, daiktad\u0117\u017e\u0117s pagrindas ir lovos tur\u0117klas. \u201eErgo Space\u201c r\u0117mas turi dujinius keltuvus, tod\u0117l daiktad\u0117\u017e\u0117s turin\u012f lengviau pasiekti [\u2026]<\/p>","protected":false},"featured_media":263066,"comment_status":"open","ping_status":"open","template":"","meta":[],"product_brand":[],"product_cat":[9200,1043],"product_tag":[],"class_list":{"0":"post-263065","1":"product","2":"type-product","3":"status-publish","4":"has-post-thumbnail","6":"product_cat-black-red-white","7":"product_cat-extras","9":"first","10":"instock","11":"purchasable","12":"product-type-simple"},"_links":{"self":[{"href":"https:\/\/baldumarket.lt\/lt\/wp-json\/wp\/v2\/product\/263065","targetHints":{"allow":["GET"]}}],"collection":[{"href":"https:\/\/baldumarket.lt\/lt\/wp-json\/wp\/v2\/product"}],"about":[{"href":"https:\/\/baldumarket.lt\/lt\/wp-json\/wp\/v2\/types\/product"}],"replies":[{"embeddable":true,"href":"https:\/\/baldumarket.lt\/lt\/wp-json\/wp\/v2\/comments?post=263065"}],"wp:featuredmedia":[{"embeddable":true,"href":"https:\/\/baldumarket.lt\/lt\/wp-json\/wp\/v2\/media\/263066"}],"wp:attachment":[{"href":"https:\/\/baldumarket.lt\/lt\/wp-json\/wp\/v2\/media?parent=263065"}],"wp:term":[{"taxonomy":"product_brand","embeddable":true,"href":"https:\/\/baldumarket.lt\/lt\/wp-json\/wp\/v2\/product_brand?post=263065"},{"taxonomy":"product_cat","embeddable":true,"href":"https:\/\/baldumarket.lt\/lt\/wp-json\/wp\/v2\/product_cat?post=263065"},{"taxonomy":"product_tag","embeddable":true,"href":"https:\/\/baldumarket.lt\/lt\/wp-json\/wp\/v2\/product_tag?post=263065"}],"curies":[{"name":"wp","href":"https:\/\/api.w.org\/{rel}","templated":true}]}}