{"id":263064,"date":"2026-01-13T23:34:59","date_gmt":"2026-01-13T20:34:59","guid":{"rendered":"https:\/\/baldumarket.lt\/product\/pakiet-ergo-futon-ii-podparcie-stelaza-do-lozek\/"},"modified":"2026-02-11T18:19:08","modified_gmt":"2026-02-11T15:19:08","slug":"pakiet-ergo-futon-ii-podparcie-stelaza-do-lozek","status":"publish","type":"product","link":"https:\/\/baldumarket.lt\/lt\/product\/pakiet-ergo-futon-ii-podparcie-stelaza-do-lozek\/","title":{"rendered":"Ergo Futon II lovos r\u0117mo atram\u0173 komplektas"},"content":{"rendered":"<p>\u201eErgo Futon II\u201c rinkinys \u2013 tvirtas plok\u0161\u010dios lovos r\u0117mo tvirtinimas. Patogumas ir funkcionalumas. \u201eErgo Futon II\u201c rinkinys yra patikimas sprendimas, leid\u017eiantis saugiai sumontuoti plok\u0161\u010dios lovos r\u0117m\u0105. Jis leid\u017eia saugiai pritvirtinti pasirinkt\u0105 r\u0117m\u0105 prie lovos, u\u017etikrinant patog\u0173 kasdien\u012f naudojim\u0105. Praktinis pritaikymas. Rinkinys sukurtas taip, kad b\u016bt\u0173 suderinamas su \u012fvairiais r\u0117m\u0173 modeliais, tokiais kaip \u201eWKL\u201c, \u201eErgo Basic\u201c, \u201eComfort\u201c, \u201eMulti\u201c, \u201eLift\u201c, \u201eFlex\u201c ir \u201ePlus\u201c. Sukurtas \u201eCosala III\u201c, \u201eLones\u201c ir \u201eNedin\u201c lovoms, puikiai papildo j\u0173 dizain\u0105. Patvarumas ir patikimumas: auk\u0161tos kokyb\u0117s med\u017eiagos ir tikslus meistri\u0161kumas daro \u201eErgo Futon II\u201c komplekt\u0105 atspar\u0173 kasdieniam naudojimui ir u\u017etikrina ilgalaik\u012f r\u0117mo stabilum\u0105. Ypatingos savyb\u0117s: skirtas plok\u0161\u010di\u0173 lovos r\u0117m\u0173 tvirtinimui. Suderinamas su \u0161iais r\u0117mais: \u201eWKL\u201c, \u201eErgo Basic\u201c, \u201eComfort\u201c, \u201eMulti\u201c, \u201eLift\u201c, \u201eFlex\u201c ir \u201ePlus\u201c. Sukurtas \u201eCosala III\u201c, \u201eLones\u201c ir \u201eNedin\u201c lovoms. Tvirta ir patvari konstrukcija. Lengvas surinkimas. Santrauka: \u201eErgo Futon II\u201c komplektas yra prakti\u0161kas ir patvarus plok\u0161\u010di\u0173 lovos r\u0117m\u0173 tvirtinimas, idealiai tinkantis \u201eCosala III\u201c, \u201eLones\u201c ir \u201eNedin\u201c lovoms. Tai u\u017etikrina stabilum\u0105, lengv\u0105 surinkim\u0105 ir visi\u0161k\u0105 suderinamum\u0105 su daugeliu r\u0117m\u0173 modeli\u0173.<\/p>\n<p>Prek\u0117s kodas JP82-AC-ERGO_FUTON_II-UN-BGC-BK Ergo kolekcija Gamintojas Juoda Raudona Balta Bald\u0173 tipas Lovos r\u0117mai PVM 23% EAN 5906123050494<\/p>","protected":false},"excerpt":{"rendered":"<p>\u201eErgo Futon II\u201c rinkinys \u2013 tvirtas plok\u0161\u010dios lovos r\u0117mo tvirtinimas. Patogumas ir funkcionalumas. \u201eErgo Futon II\u201c rinkinys yra patikimas sprendimas, leid\u017eiantis saugiai sumontuoti plok\u0161\u010di\u0105 lovos r\u0117m\u0105. Jis leid\u017eia saugiai pritvirtinti pasirinkt\u0105 r\u0117m\u0105 prie lovos, u\u017etikrinant patog\u0173 kasdien\u012f naudojim\u0105. Praktinis pritaikymas. Rinkinys yra [\u2026]<\/p>","protected":false},"featured_media":0,"comment_status":"open","ping_status":"open","template":"","meta":[],"product_brand":[],"product_cat":[9200,1043],"product_tag":[],"class_list":{"0":"post-263064","1":"product","2":"type-product","3":"status-publish","5":"product_cat-black-red-white","6":"product_cat-extras","8":"first","9":"instock","10":"purchasable","11":"product-type-simple"},"_links":{"self":[{"href":"https:\/\/baldumarket.lt\/lt\/wp-json\/wp\/v2\/product\/263064","targetHints":{"allow":["GET"]}}],"collection":[{"href":"https:\/\/baldumarket.lt\/lt\/wp-json\/wp\/v2\/product"}],"about":[{"href":"https:\/\/baldumarket.lt\/lt\/wp-json\/wp\/v2\/types\/product"}],"replies":[{"embeddable":true,"href":"https:\/\/baldumarket.lt\/lt\/wp-json\/wp\/v2\/comments?post=263064"}],"wp:attachment":[{"href":"https:\/\/baldumarket.lt\/lt\/wp-json\/wp\/v2\/media?parent=263064"}],"wp:term":[{"taxonomy":"product_brand","embeddable":true,"href":"https:\/\/baldumarket.lt\/lt\/wp-json\/wp\/v2\/product_brand?post=263064"},{"taxonomy":"product_cat","embeddable":true,"href":"https:\/\/baldumarket.lt\/lt\/wp-json\/wp\/v2\/product_cat?post=263064"},{"taxonomy":"product_tag","embeddable":true,"href":"https:\/\/baldumarket.lt\/lt\/wp-json\/wp\/v2\/product_tag?post=263064"}],"curies":[{"name":"wp","href":"https:\/\/api.w.org\/{rel}","templated":true}]}}